{"id":9716,"date":"2024-10-25T20:03:43","date_gmt":"2024-10-25T20:03:43","guid":{"rendered":"http:\/\/localhost\/geocore\/?page_id=9716"},"modified":"2024-11-05T18:35:07","modified_gmt":"2024-11-05T18:35:07","slug":"references","status":"publish","type":"page","link":"https:\/\/geocore.com.tr\/tr\/references\/","title":{"rendered":"Referanslar"},"content":{"rendered":"<section class=\"vc_row vc_custom_1576240468850 liquid-row-shadowbox-69fb3dafdd631 vc_column-gap-30\"><div class=\"ld-container container\"><div class=\"row ld-row ld-row-outer vc_row-o-equal-height vc_row-o-content-middle vc_row-flex\"><div class=\"wpb_column vc_column_container vc_col-sm-12 vc_col-md-offset-2 vc_col-md-8 text-center liquid-column-69fb3dafddc79\"><div class=\"vc_column-inner  vc_custom_1576240186399\" ><div class=\"wpb_wrapper\"  >\n\t<div class=\"wpb_text_column wpb_content_element  vc_custom_1729294551417\" >\n\t\t<div class=\"wpb_wrapper\">\n\t\t\t<h5><span style=\"color: #000;\">Kaynaklar\u0131 Ke\u015ffetmekten Daha Fazlas\u0131: De\u011fer Yaratmak \u0130\u00e7in Buraday\u0131z<\/span><\/h5>\n\n\t\t<\/div>\n\t<\/div>\n<style>.ld_fancy_heading_69fb3dafddf6a .lqd-highlight-inner{height:0.275em!important;bottom:0px!important;}<\/style><div class=\"ld-fancy-heading ld_fancy_heading_69fb3dafddf6a\">\n\t<p class=\"ld-fh-element lqd-highlight-underline lqd-highlight-grow-left text-decoration-default\"   >  20 y\u0131ll\u0131k global deneyim, yenilik\u00e7i yakla\u015f\u0131mlar ve sonu\u00e7 odakl\u0131 \u00e7\u00f6z\u00fcmlerle madencilik ve jeoloji projelerinizi bir \u00fcst seviyeye ta\u015f\u0131yoruz. Geocore Madencilik Dan\u0131\u015fmanl\u0131\u011f\u0131 olarak, sadece ke\u015fif yapmakla kalm\u0131yor; uzun vadeli ba\u015far\u0131 ve s\u00fcrd\u00fcr\u00fclebilirlik sa\u011fl\u0131yoruz.<\/p><\/div><\/div><\/div><\/div><\/div><\/div><\/section><section class=\"vc_row liquid-row-shadowbox-69fb3dafde459\"><div class=\"ld-container container\"><div class=\"row ld-row ld-row-outer vc_row-o-content-top vc_row-flex\"><div class=\"wpb_column vc_column_container vc_col-sm-4 liquid-column-69fb3dafde7f4\"><div class=\"vc_column-inner\" ><div class=\"wpb_wrapper\"  >\n\t<div  class=\"wpb_single_image wpb_content_element vc_align_center  liquid_vc_single_image-69fb3dafdef41\">\n\t\t\n\t\t<figure class=\"wpb_wrapper vc_figure\">\n\t\t\t<div class=\"vc_single_image-wrapper\"><img decoding=\"async\" width=\"200\" height=\"100\" src=\"https:\/\/geocore.com.tr\/wp-content\/uploads\/2024\/10\/Artboard-1-100.jpg\" class=\"vc_single_image-img attachment-full\" alt=\"Koza Alt\u0131n \u0130\u015fletmeleri\" title=\"koza-altin-isletmeleri\" srcset=\"https:\/\/geocore.com.tr\/wp-content\/uploads\/2024\/10\/Artboard-1-100.jpg 200w, https:\/\/geocore.com.tr\/wp-content\/uploads\/2024\/10\/Artboard-1-100-18x9.jpg 18w\" sizes=\"(max-width: 200px) 100vw, 200px\" itemprop=\"image\" \/><\/div>\n\t\t<\/figure>\n\t<\/div>\n\n\t<div  class=\"wpb_single_image wpb_content_element vc_align_center  liquid_vc_single_image-69fb3db003c7e\">\n\t\t\n\t\t<figure class=\"wpb_wrapper vc_figure\">\n\t\t\t<div class=\"vc_single_image-wrapper\"><img decoding=\"async\" width=\"200\" height=\"100\" src=\"data:image\/svg+xml;charset=utf-8,%3Csvg xmlns%3D&#039;http%3A%2F%2Fwww.w3.org%2F2000%2Fsvg&#039; viewBox%3D&#039;0 0 200 100&#039;%2F%3E\" class=\"vc_single_image-img attachment-full ld-lazyload\" alt=\"\u00c7al\u0131k Holding - Lidya Madencilik\" title=\"Lidya Madencilik\" itemprop=\"image\" data-src=\"https:\/\/geocore.com.tr\/wp-content\/uploads\/2024\/10\/Artboard-5-100.jpg\" data-srcset=\"https:\/\/geocore.com.tr\/wp-content\/uploads\/2024\/10\/Artboard-5-100.jpg 200w, https:\/\/geocore.com.tr\/wp-content\/uploads\/2024\/10\/Artboard-5-100-18x9.jpg 18w\" data-sizes=\"(max-width: 200px) 100vw, 200px\" data-aspect=\"2\" \/><\/div>\n\t\t<\/figure>\n\t<\/div>\n<\/div><\/div><\/div><div class=\"wpb_column vc_column_container vc_col-sm-4 liquid-column-69fb3db0040d7\"><div class=\"vc_column-inner\" ><div class=\"wpb_wrapper\"  >\n\t<div  class=\"wpb_single_image wpb_content_element vc_align_center  liquid_vc_single_image-69fb3db01cfac\">\n\t\t\n\t\t<figure class=\"wpb_wrapper vc_figure\">\n\t\t\t<div class=\"vc_single_image-wrapper\"><img decoding=\"async\" width=\"200\" height=\"100\" src=\"data:image\/svg+xml;charset=utf-8,%3Csvg xmlns%3D&#039;http%3A%2F%2Fwww.w3.org%2F2000%2Fsvg&#039; viewBox%3D&#039;0 0 200 100&#039;%2F%3E\" class=\"vc_single_image-img attachment-full ld-lazyload\" alt=\"Avesoro\" title=\"Avesoro\" itemprop=\"image\" data-src=\"https:\/\/geocore.com.tr\/wp-content\/uploads\/2024\/10\/Artboard-2-100.jpg\" data-srcset=\"https:\/\/geocore.com.tr\/wp-content\/uploads\/2024\/10\/Artboard-2-100.jpg 200w, https:\/\/geocore.com.tr\/wp-content\/uploads\/2024\/10\/Artboard-2-100-18x9.jpg 18w\" data-sizes=\"(max-width: 200px) 100vw, 200px\" data-aspect=\"2\" \/><\/div>\n\t\t<\/figure>\n\t<\/div>\n\n\t<div  class=\"wpb_single_image wpb_content_element vc_align_center  liquid_vc_single_image-69fb3db029ef6\">\n\t\t\n\t\t<figure class=\"wpb_wrapper vc_figure\">\n\t\t\t<div class=\"vc_single_image-wrapper\"><img decoding=\"async\" width=\"200\" height=\"100\" src=\"data:image\/svg+xml;charset=utf-8,%3Csvg xmlns%3D&#039;http%3A%2F%2Fwww.w3.org%2F2000%2Fsvg&#039; viewBox%3D&#039;0 0 200 100&#039;%2F%3E\" class=\"vc_single_image-img attachment-full ld-lazyload\" alt=\"Do\u011fan Grubu G\u00fcm\u00fc\u015fta\u015f Madencilik\" title=\"gumustas-madencilik\" itemprop=\"image\" data-src=\"https:\/\/geocore.com.tr\/wp-content\/uploads\/2024\/10\/Artboard-6-100.jpg\" data-srcset=\"https:\/\/geocore.com.tr\/wp-content\/uploads\/2024\/10\/Artboard-6-100.jpg 200w, https:\/\/geocore.com.tr\/wp-content\/uploads\/2024\/10\/Artboard-6-100-18x9.jpg 18w\" data-sizes=\"(max-width: 200px) 100vw, 200px\" data-aspect=\"2\" \/><\/div>\n\t\t<\/figure>\n\t<\/div>\n\n\t<div  class=\"wpb_single_image wpb_content_element vc_align_center  liquid_vc_single_image-69fb3db054c37\">\n\t\t\n\t\t<figure class=\"wpb_wrapper vc_figure\">\n\t\t\t<div class=\"vc_single_image-wrapper\"><img decoding=\"async\" width=\"200\" height=\"100\" src=\"data:image\/svg+xml;charset=utf-8,%3Csvg xmlns%3D&#039;http%3A%2F%2Fwww.w3.org%2F2000%2Fsvg&#039; viewBox%3D&#039;0 0 200 100&#039;%2F%3E\" class=\"vc_single_image-img attachment-full ld-lazyload\" alt=\"Do\u011fan\" title=\"dogan\" itemprop=\"image\" data-src=\"https:\/\/geocore.com.tr\/wp-content\/uploads\/2024\/11\/dogan.jpg\" data-srcset=\"https:\/\/geocore.com.tr\/wp-content\/uploads\/2024\/11\/dogan.jpg 200w, https:\/\/geocore.com.tr\/wp-content\/uploads\/2024\/11\/dogan-18x9.jpg 18w\" data-sizes=\"(max-width: 200px) 100vw, 200px\" data-aspect=\"2\" \/><\/div>\n\t\t<\/figure>\n\t<\/div>\n<\/div><\/div><\/div><div class=\"wpb_column vc_column_container vc_col-sm-4 liquid-column-69fb3db055160\"><div class=\"vc_column-inner\" ><div class=\"wpb_wrapper\"  >\n\t<div  class=\"wpb_single_image wpb_content_element vc_align_center  liquid_vc_single_image-69fb3db06e9b3\">\n\t\t\n\t\t<figure class=\"wpb_wrapper vc_figure\">\n\t\t\t<div class=\"vc_single_image-wrapper\"><img decoding=\"async\" width=\"200\" height=\"100\" src=\"data:image\/svg+xml;charset=utf-8,%3Csvg xmlns%3D&#039;http%3A%2F%2Fwww.w3.org%2F2000%2Fsvg&#039; viewBox%3D&#039;0 0 200 100&#039;%2F%3E\" class=\"vc_single_image-img attachment-full ld-lazyload\" alt=\"Akfa\" title=\"akfa\" itemprop=\"image\" data-src=\"https:\/\/geocore.com.tr\/wp-content\/uploads\/2024\/11\/akfa-1.jpg\" data-srcset=\"https:\/\/geocore.com.tr\/wp-content\/uploads\/2024\/11\/akfa-1.jpg 200w, https:\/\/geocore.com.tr\/wp-content\/uploads\/2024\/11\/akfa-1-18x9.jpg 18w\" data-sizes=\"(max-width: 200px) 100vw, 200px\" data-aspect=\"2\" \/><\/div>\n\t\t<\/figure>\n\t<\/div>\n\n\t<div  class=\"wpb_single_image wpb_content_element vc_align_center  liquid_vc_single_image-69fb3db07ba77\">\n\t\t\n\t\t<figure class=\"wpb_wrapper vc_figure\">\n\t\t\t<div class=\"vc_single_image-wrapper\"><img decoding=\"async\" width=\"200\" height=\"100\" src=\"data:image\/svg+xml;charset=utf-8,%3Csvg xmlns%3D&#039;http%3A%2F%2Fwww.w3.org%2F2000%2Fsvg&#039; viewBox%3D&#039;0 0 200 100&#039;%2F%3E\" class=\"vc_single_image-img attachment-full ld-lazyload\" alt=\"Sanko\" title=\"Sanko\" itemprop=\"image\" data-src=\"https:\/\/geocore.com.tr\/wp-content\/uploads\/2024\/10\/Artboard-4-100.jpg\" data-srcset=\"https:\/\/geocore.com.tr\/wp-content\/uploads\/2024\/10\/Artboard-4-100.jpg 200w, https:\/\/geocore.com.tr\/wp-content\/uploads\/2024\/10\/Artboard-4-100-18x9.jpg 18w\" data-sizes=\"(max-width: 200px) 100vw, 200px\" data-aspect=\"2\" \/><\/div>\n\t\t<\/figure>\n\t<\/div>\n<\/div><\/div><\/div><\/div><\/div><\/section>","protected":false},"excerpt":{"rendered":"More Than Discovering Resources: We\u2019re Here to Create Value With 20 years of global experience, innovative approaches, and results-driven solutions, we elevate your mining and geological projects to the next level. At Geocore Mining Consultancy, we don\u2019t just explore; we ensure long-term success and sustainability.","protected":false},"author":1,"featured_media":0,"parent":0,"menu_order":0,"comment_status":"closed","ping_status":"closed","template":"","meta":{"_monsterinsights_skip_tracking":false,"_monsterinsights_sitenote_active":false,"_monsterinsights_sitenote_note":"","_monsterinsights_sitenote_category":0,"footnotes":""},"class_list":["post-9716","page","type-page","status-publish","hentry"],"yoast_head":"<!-- This site is optimized with the Yoast SEO plugin v23.8 - https:\/\/yoast.com\/wordpress\/plugins\/seo\/ -->\n<title>References - Geocore Mining Consultancy<\/title>\n<meta name=\"description\" content=\"We unlock our customers&#039; potential by maximizing innovation.\" \/>\n<meta name=\"robots\" content=\"index, follow, max-snippet:-1, max-image-preview:large, max-video-preview:-1\" \/>\n<link rel=\"canonical\" href=\"https:\/\/geocore.com.tr\/tr\/references\/\" \/>\n<meta property=\"og:locale\" content=\"tr_TR\" \/>\n<meta property=\"og:type\" content=\"article\" \/>\n<meta property=\"og:title\" content=\"References - Geocore Mining Consultancy\" \/>\n<meta property=\"og:description\" content=\"We unlock our customers&#039; potential by maximizing innovation.\" \/>\n<meta property=\"og:url\" content=\"https:\/\/geocore.com.tr\/tr\/references\/\" \/>\n<meta property=\"og:site_name\" content=\"Geocore Mining Consultancy\" \/>\n<meta property=\"article:modified_time\" content=\"2024-11-05T18:35:07+00:00\" \/>\n<meta name=\"twitter:card\" content=\"summary_large_image\" \/>\n<meta name=\"twitter:label1\" content=\"Tahmini okuma s\u00fcresi\" \/>\n\t<meta name=\"twitter:data1\" content=\"1 dakika\" \/>\n<script type=\"application\/ld+json\" class=\"yoast-schema-graph\">{\"@context\":\"https:\/\/schema.org\",\"@graph\":[{\"@type\":\"WebPage\",\"@id\":\"https:\/\/geocore.com.tr\/references\/\",\"url\":\"https:\/\/geocore.com.tr\/references\/\",\"name\":\"References - Geocore Mining Consultancy\",\"isPartOf\":{\"@id\":\"https:\/\/geocore.com.tr\/#website\"},\"datePublished\":\"2024-10-25T20:03:43+00:00\",\"dateModified\":\"2024-11-05T18:35:07+00:00\",\"description\":\"We unlock our customers' potential by maximizing innovation.\",\"breadcrumb\":{\"@id\":\"https:\/\/geocore.com.tr\/references\/#breadcrumb\"},\"inLanguage\":\"tr\",\"potentialAction\":[{\"@type\":\"ReadAction\",\"target\":[\"https:\/\/geocore.com.tr\/references\/\"]}]},{\"@type\":\"BreadcrumbList\",\"@id\":\"https:\/\/geocore.com.tr\/references\/#breadcrumb\",\"itemListElement\":[{\"@type\":\"ListItem\",\"position\":1,\"name\":\"Home\",\"item\":\"https:\/\/geocore.com.tr\/\"},{\"@type\":\"ListItem\",\"position\":2,\"name\":\"References\"}]},{\"@type\":\"WebSite\",\"@id\":\"https:\/\/geocore.com.tr\/#website\",\"url\":\"https:\/\/geocore.com.tr\/\",\"name\":\"Geocore Mining Consultancy\",\"description\":\"\",\"publisher\":{\"@id\":\"https:\/\/geocore.com.tr\/#organization\"},\"potentialAction\":[{\"@type\":\"SearchAction\",\"target\":{\"@type\":\"EntryPoint\",\"urlTemplate\":\"https:\/\/geocore.com.tr\/?s={search_term_string}\"},\"query-input\":{\"@type\":\"PropertyValueSpecification\",\"valueRequired\":true,\"valueName\":\"search_term_string\"}}],\"inLanguage\":\"tr\"},{\"@type\":\"Organization\",\"@id\":\"https:\/\/geocore.com.tr\/#organization\",\"name\":\"Geocore Mining Consultancy\",\"url\":\"https:\/\/geocore.com.tr\/\",\"logo\":{\"@type\":\"ImageObject\",\"inLanguage\":\"tr\",\"@id\":\"https:\/\/geocore.com.tr\/#\/schema\/logo\/image\/\",\"url\":\"https:\/\/geocore.com.tr\/wp-content\/uploads\/2024\/10\/Logo.svg\",\"contentUrl\":\"https:\/\/geocore.com.tr\/wp-content\/uploads\/2024\/10\/Logo.svg\",\"width\":1,\"height\":1,\"caption\":\"Geocore Mining Consultancy\"},\"image\":{\"@id\":\"https:\/\/geocore.com.tr\/#\/schema\/logo\/image\/\"},\"sameAs\":[\"https:\/\/www.linkedin.com\/company\/geocore-mining-consultancy\"]}]}<\/script>\n<!-- \/ Yoast SEO plugin. -->","yoast_head_json":{"title":"References - Geocore Mining Consultancy","description":"We unlock our customers' potential by maximizing innovation.","robots":{"index":"index","follow":"follow","max-snippet":"max-snippet:-1","max-image-preview":"max-image-preview:large","max-video-preview":"max-video-preview:-1"},"canonical":"https:\/\/geocore.com.tr\/tr\/references\/","og_locale":"tr_TR","og_type":"article","og_title":"References - Geocore Mining Consultancy","og_description":"We unlock our customers' potential by maximizing innovation.","og_url":"https:\/\/geocore.com.tr\/tr\/references\/","og_site_name":"Geocore Mining Consultancy","article_modified_time":"2024-11-05T18:35:07+00:00","twitter_card":"summary_large_image","twitter_misc":{"Tahmini okuma s\u00fcresi":"1 dakika"},"schema":{"@context":"https:\/\/schema.org","@graph":[{"@type":"WebPage","@id":"https:\/\/geocore.com.tr\/references\/","url":"https:\/\/geocore.com.tr\/references\/","name":"References - Geocore Mining Consultancy","isPartOf":{"@id":"https:\/\/geocore.com.tr\/#website"},"datePublished":"2024-10-25T20:03:43+00:00","dateModified":"2024-11-05T18:35:07+00:00","description":"We unlock our customers' potential by maximizing innovation.","breadcrumb":{"@id":"https:\/\/geocore.com.tr\/references\/#breadcrumb"},"inLanguage":"tr","potentialAction":[{"@type":"ReadAction","target":["https:\/\/geocore.com.tr\/references\/"]}]},{"@type":"BreadcrumbList","@id":"https:\/\/geocore.com.tr\/references\/#breadcrumb","itemListElement":[{"@type":"ListItem","position":1,"name":"Home","item":"https:\/\/geocore.com.tr\/"},{"@type":"ListItem","position":2,"name":"References"}]},{"@type":"WebSite","@id":"https:\/\/geocore.com.tr\/#website","url":"https:\/\/geocore.com.tr\/","name":"Geocore Mining Consultancy","description":"","publisher":{"@id":"https:\/\/geocore.com.tr\/#organization"},"potentialAction":[{"@type":"SearchAction","target":{"@type":"EntryPoint","urlTemplate":"https:\/\/geocore.com.tr\/?s={search_term_string}"},"query-input":{"@type":"PropertyValueSpecification","valueRequired":true,"valueName":"search_term_string"}}],"inLanguage":"tr"},{"@type":"Organization","@id":"https:\/\/geocore.com.tr\/#organization","name":"Geocore Mining Consultancy","url":"https:\/\/geocore.com.tr\/","logo":{"@type":"ImageObject","inLanguage":"tr","@id":"https:\/\/geocore.com.tr\/#\/schema\/logo\/image\/","url":"https:\/\/geocore.com.tr\/wp-content\/uploads\/2024\/10\/Logo.svg","contentUrl":"https:\/\/geocore.com.tr\/wp-content\/uploads\/2024\/10\/Logo.svg","width":1,"height":1,"caption":"Geocore Mining Consultancy"},"image":{"@id":"https:\/\/geocore.com.tr\/#\/schema\/logo\/image\/"},"sameAs":["https:\/\/www.linkedin.com\/company\/geocore-mining-consultancy"]}]}},"_links":{"self":[{"href":"https:\/\/geocore.com.tr\/tr\/wp-json\/wp\/v2\/pages\/9716","targetHints":{"allow":["GET"]}}],"collection":[{"href":"https:\/\/geocore.com.tr\/tr\/wp-json\/wp\/v2\/pages"}],"about":[{"href":"https:\/\/geocore.com.tr\/tr\/wp-json\/wp\/v2\/types\/page"}],"author":[{"embeddable":true,"href":"https:\/\/geocore.com.tr\/tr\/wp-json\/wp\/v2\/users\/1"}],"replies":[{"embeddable":true,"href":"https:\/\/geocore.com.tr\/tr\/wp-json\/wp\/v2\/comments?post=9716"}],"version-history":[{"count":15,"href":"https:\/\/geocore.com.tr\/tr\/wp-json\/wp\/v2\/pages\/9716\/revisions"}],"predecessor-version":[{"id":9850,"href":"https:\/\/geocore.com.tr\/tr\/wp-json\/wp\/v2\/pages\/9716\/revisions\/9850"}],"wp:attachment":[{"href":"https:\/\/geocore.com.tr\/tr\/wp-json\/wp\/v2\/media?parent=9716"}],"curies":[{"name":"wp","href":"https:\/\/api.w.org\/{rel}","templated":true}]}}