{"id":9597,"date":"2024-10-23T20:34:22","date_gmt":"2024-10-23T20:34:22","guid":{"rendered":"http:\/\/localhost\/geocore\/?page_id=9597"},"modified":"2024-11-05T19:02:54","modified_gmt":"2024-11-05T19:02:54","slug":"drilling","status":"publish","type":"page","link":"https:\/\/geocore.com.tr\/tr\/drilling\/","title":{"rendered":"Sondaj"},"content":{"rendered":"<section class=\"vc_row vc_custom_1729546567694 liquid-row-shadowbox-69fb3ceba034d vc_column-gap-30\"><div class=\"ld-container container\"><div class=\"row ld-row ld-row-outer vc_row-o-equal-height vc_row-o-content-middle vc_row-flex\"><div class=\"wpb_column vc_column_container vc_col-sm-12 vc_col-md-offset-2 vc_col-md-8 text-center liquid-column-69fb3ceba091b\"><div class=\"vc_column-inner  vc_custom_1729720130306\" ><div class=\"wpb_wrapper\"  ><style>.ld_fancy_heading_69fb3ceba0a21 h3{color:#cea32d;}.ld_fancy_heading_69fb3ceba0a21 h3 {font-size:22px; } .ld_fancy_heading_69fb3ceba0a21 .lqd-highlight-inner{height:0.275em!important;bottom:0px!important;}.ld_fancy_heading_69fb3ceba0a21 h3 {font-size:22px; } <\/style><div class=\"ld-fancy-heading text-left ld_fancy_heading_69fb3ceba0a21\">\n\t<h3 class=\"ld-fh-element lqd-highlight-underline lqd-highlight-grow-left text-decoration-default\"   >  Ke\u015fif ve \u00dcretim S\u00fcre\u00e7lerinizi Optimize Edin<\/h3><\/div><style>.ld_fancy_heading_69fb3ceba0ca8 .lqd-highlight-inner{height:0.275em!important;bottom:0px!important;}<\/style><div class=\"ld-fancy-heading text-left ld_fancy_heading_69fb3ceba0ca8\">\n\t<p class=\"ld-fh-element lqd-highlight-underline lqd-highlight-grow-left text-decoration-default\"   >  Geocore Madencilik Dan\u0131\u015fmanl\u0131\u011f\u0131 olarak, madencilik projelerinizin \u00f6zel ihtiya\u00e7lar\u0131na uygun kapsaml\u0131 sondaj hizmetleri sunuyoruz. Deneyimli ekibimiz, sadece sondaj operasyonlar\u0131n\u0131 organize etmekle kalmaz, ayn\u0131 zamanda t\u00fcm sondaj organizasyonunu kendi yap\u0131m\u0131z i\u00e7inde de \u00fcstlenir.<\/p><\/div><style>.ld_fancy_heading_69fb3ceba0e3a h3{color:rgb(0, 0, 0);}.ld_fancy_heading_69fb3ceba0e3a h3 {font-size:22px; } .ld_fancy_heading_69fb3ceba0e3a .lqd-highlight-inner{height:0.275em!important;bottom:0px!important;}.ld_fancy_heading_69fb3ceba0e3a h3 {font-size:22px; } <\/style><div class=\"ld-fancy-heading text-left ld_fancy_heading_69fb3ceba0e3a\">\n\t<h3 class=\"ld-fh-element lqd-highlight-underline lqd-highlight-grow-left text-decoration-default\"   >  1. Sondaj Denetimi<\/h3><\/div><style>.ld_fancy_heading_69fb3ceba0fc8 h3{color:#cea32d;}.ld_fancy_heading_69fb3ceba0fc8 h3 {font-size:22px; } .ld_fancy_heading_69fb3ceba0fc8 .lqd-highlight-inner{height:0.275em!important;bottom:0px!important;}.ld_fancy_heading_69fb3ceba0fc8 h3 {font-size:22px; } <\/style><div class=\"ld-fancy-heading text-left ld_fancy_heading_69fb3ceba0fc8\">\n\t<h3 class=\"ld-fh-element lqd-highlight-underline lqd-highlight-grow-left text-decoration-default\"   >  Uzman G\u00f6zetim:<\/h3><\/div><style>.ld_fancy_heading_69fb3ceba113d .lqd-highlight-inner{height:0.275em!important;bottom:0px!important;}<\/style><div class=\"ld-fancy-heading text-left ld_fancy_heading_69fb3ceba113d\">\n\t<p class=\"ld-fh-element lqd-highlight-underline lqd-highlight-grow-left text-decoration-default\"   >  Deneyimli denet\u00e7ilerimiz, sondaj faaliyetlerini g\u00fcvenlik protokollerine ve proje spesifikasyonlar\u0131na uygun olarak y\u00fcr\u00fct\u00fclmesini sa\u011flar.<\/p><\/div><style>.ld_fancy_heading_69fb3ceba12a4 h3{color:rgb(0, 0, 0);}.ld_fancy_heading_69fb3ceba12a4 h3 {font-size:22px; } .ld_fancy_heading_69fb3ceba12a4 .lqd-highlight-inner{height:0.275em!important;bottom:0px!important;}.ld_fancy_heading_69fb3ceba12a4 h3 {font-size:22px; } <\/style><div class=\"ld-fancy-heading text-left ld_fancy_heading_69fb3ceba12a4\">\n\t<h3 class=\"ld-fh-element lqd-highlight-underline lqd-highlight-grow-left text-decoration-default\"   >  2. Karotlu Sondaj<\/h3><\/div><style>.ld_fancy_heading_69fb3ceba1400 h3{color:#cea32d;}.ld_fancy_heading_69fb3ceba1400 h3 {font-size:22px; } .ld_fancy_heading_69fb3ceba1400 .lqd-highlight-inner{height:0.275em!important;bottom:0px!important;}.ld_fancy_heading_69fb3ceba1400 h3 {font-size:22px; } <\/style><div class=\"ld-fancy-heading text-left ld_fancy_heading_69fb3ceba1400\">\n\t<h3 class=\"ld-fh-element lqd-highlight-underline lqd-highlight-grow-left text-decoration-default\"   >  Y\u00fcksek Kaliteli Karot \u00d6rnekleri:<\/h3><\/div><style>.ld_fancy_heading_69fb3ceba155a .lqd-highlight-inner{height:0.275em!important;bottom:0px!important;}<\/style><div class=\"ld-fancy-heading text-left ld_fancy_heading_69fb3ceba155a\">\n\t<p class=\"ld-fh-element lqd-highlight-underline lqd-highlight-grow-left text-decoration-default\"   >  Y\u00fcksek kaliteli \u00f6rnekler elde etmek i\u00e7in karotlu sondaj yapar\u0131z, bu da yer alt\u0131 jeolojisi ve mineralizasyon hakk\u0131nda kritik bilgiler sa\u011flar.<\/p><\/div><style>.ld_fancy_heading_69fb3ceba16b9 h3{color:rgb(0, 0, 0);}.ld_fancy_heading_69fb3ceba16b9 h3 {font-size:22px; } .ld_fancy_heading_69fb3ceba16b9 .lqd-highlight-inner{height:0.275em!important;bottom:0px!important;}.ld_fancy_heading_69fb3ceba16b9 h3 {font-size:22px; } <\/style><div class=\"ld-fancy-heading text-left ld_fancy_heading_69fb3ceba16b9\">\n\t<h3 class=\"ld-fh-element lqd-highlight-underline lqd-highlight-grow-left text-decoration-default\"   >  3. Ters Dola\u015f\u0131m Sondaj\u0131<\/h3><\/div><style>.ld_fancy_heading_69fb3ceba1813 h3{color:#cea32d;}.ld_fancy_heading_69fb3ceba1813 h3 {font-size:22px; } .ld_fancy_heading_69fb3ceba1813 .lqd-highlight-inner{height:0.275em!important;bottom:0px!important;}.ld_fancy_heading_69fb3ceba1813 h3 {font-size:22px; } <\/style><div class=\"ld-fancy-heading text-left ld_fancy_heading_69fb3ceba1813\">\n\t<h3 class=\"ld-fh-element lqd-highlight-underline lqd-highlight-grow-left text-decoration-default\"   >  Verimli Malzeme Geri Kazan\u0131m\u0131:<\/h3><\/div><style>.ld_fancy_heading_69fb3ceba1969 .lqd-highlight-inner{height:0.275em!important;bottom:0px!important;}<\/style><div class=\"ld-fancy-heading text-left ld_fancy_heading_69fb3ceba1969\">\n\t<p class=\"ld-fh-element lqd-highlight-underline lqd-highlight-grow-left text-decoration-default\"   >  Ters dola\u015f\u0131m sondaj tekniklerimiz, \u00f6rneklerin kirlenmesini en aza indirirken malzeme geri kazan\u0131m\u0131n\u0131 art\u0131r\u0131r.<\/p><\/div><style>.ld_fancy_heading_69fb3ceba1ac1 h3{color:rgb(0, 0, 0);}.ld_fancy_heading_69fb3ceba1ac1 h3 {font-size:22px; } .ld_fancy_heading_69fb3ceba1ac1 .lqd-highlight-inner{height:0.275em!important;bottom:0px!important;}.ld_fancy_heading_69fb3ceba1ac1 h3 {font-size:22px; } <\/style><div class=\"ld-fancy-heading text-left ld_fancy_heading_69fb3ceba1ac1\">\n\t<h3 class=\"ld-fh-element lqd-highlight-underline lqd-highlight-grow-left text-decoration-default\"   >  4. Sondaj Program\u0131 Tasar\u0131m\u0131<\/h3><\/div><style>.ld_fancy_heading_69fb3ceba1c2a h3{color:#cea32d;}.ld_fancy_heading_69fb3ceba1c2a h3 {font-size:22px; } .ld_fancy_heading_69fb3ceba1c2a .lqd-highlight-inner{height:0.275em!important;bottom:0px!important;}.ld_fancy_heading_69fb3ceba1c2a h3 {font-size:22px; } <\/style><div class=\"ld-fancy-heading text-left ld_fancy_heading_69fb3ceba1c2a\">\n\t<h3 class=\"ld-fh-element lqd-highlight-underline lqd-highlight-grow-left text-decoration-default\"   >  \u00d6zelle\u015ftirilmi\u015f Planlar:<\/h3><\/div><style>.ld_fancy_heading_69fb3ceba1d93 .lqd-highlight-inner{height:0.275em!important;bottom:0px!important;}<\/style><div class=\"ld-fancy-heading text-left ld_fancy_heading_69fb3ceba1d93\">\n\t<p class=\"ld-fh-element lqd-highlight-underline lqd-highlight-grow-left text-decoration-default\"   >  Proje gereksinimlerinize uygun sondaj programlar\u0131 tasarl\u0131yor, derinlik, a\u00e7\u0131 ve \u00f6rnekleme hedeflerine g\u00f6re optimize ediyoruz.<\/p><\/div><style>.ld_fancy_heading_69fb3ceba1eec h3{color:rgb(0, 0, 0);}.ld_fancy_heading_69fb3ceba1eec h3 {font-size:22px; } .ld_fancy_heading_69fb3ceba1eec .lqd-highlight-inner{height:0.275em!important;bottom:0px!important;}.ld_fancy_heading_69fb3ceba1eec h3 {font-size:22px; } <\/style><div class=\"ld-fancy-heading text-left ld_fancy_heading_69fb3ceba1eec\">\n\t<h3 class=\"ld-fh-element lqd-highlight-underline lqd-highlight-grow-left text-decoration-default\"   >  Veri Y\u00f6netimi ve Raporlama<\/h3><\/div><style>.ld_fancy_heading_69fb3ceba204b h3{color:#cea32d;}.ld_fancy_heading_69fb3ceba204b h3 {font-size:22px; } .ld_fancy_heading_69fb3ceba204b .lqd-highlight-inner{height:0.275em!important;bottom:0px!important;}.ld_fancy_heading_69fb3ceba204b h3 {font-size:22px; } <\/style><div class=\"ld-fancy-heading text-left ld_fancy_heading_69fb3ceba204b\">\n\t<h3 class=\"ld-fh-element lqd-highlight-underline lqd-highlight-grow-left text-decoration-default\"   >  Kapsaml\u0131 Dok\u00fcmantasyon:<\/h3><\/div><style>.ld_fancy_heading_69fb3ceba21a5 .lqd-highlight-inner{height:0.275em!important;bottom:0px!important;}<\/style><div class=\"ld-fancy-heading text-left ld_fancy_heading_69fb3ceba21a5\">\n\t<p class=\"ld-fh-element lqd-highlight-underline lqd-highlight-grow-left text-decoration-default\"   >  T\u00fcm sondaj verilerinin titizlikle kaydedilmesini ve raporlanmas\u0131n\u0131 sa\u011fl\u0131yoruz, size karar verme s\u00fcre\u00e7lerinde net ve uygulanabilir bilgiler sunuyoruz.<\/p><\/div><style>.ld_fancy_heading_69fb3ceba22f5 h3{color:rgb(0, 0, 0);}.ld_fancy_heading_69fb3ceba22f5 h3 {font-size:22px; } .ld_fancy_heading_69fb3ceba22f5 .lqd-highlight-inner{height:0.275em!important;bottom:0px!important;}.ld_fancy_heading_69fb3ceba22f5 h3 {font-size:22px; } <\/style><div class=\"ld-fancy-heading text-left ld_fancy_heading_69fb3ceba22f5\">\n\t<h3 class=\"ld-fh-element lqd-highlight-underline lqd-highlight-grow-left text-decoration-default\"   >  6. \u00c7evresel Hususlar<\/h3><\/div><style>.ld_fancy_heading_69fb3ceba245c h3{color:#cea32d;}.ld_fancy_heading_69fb3ceba245c h3 {font-size:22px; } .ld_fancy_heading_69fb3ceba245c .lqd-highlight-inner{height:0.275em!important;bottom:0px!important;}.ld_fancy_heading_69fb3ceba245c h3 {font-size:22px; } <\/style><div class=\"ld-fancy-heading text-left ld_fancy_heading_69fb3ceba245c\">\n\t<h3 class=\"ld-fh-element lqd-highlight-underline lqd-highlight-grow-left text-decoration-default\"   >  S\u00fcrd\u00fcr\u00fclebilir Uygulamalar:<\/h3><\/div><style>.ld_fancy_heading_69fb3ceba25c1 .lqd-highlight-inner{height:0.275em!important;bottom:0px!important;}<\/style><div class=\"ld-fancy-heading text-left ld_fancy_heading_69fb3ceba25c1\">\n\t<p class=\"ld-fh-element lqd-highlight-underline lqd-highlight-grow-left text-decoration-default\"   >  S\u00fcrd\u00fcr\u00fclebilir sondaj uygulamalar\u0131 uygulayarak, \u00e7evredeki ekosistemler \u00fczerinde minimum etki yarat\u0131lmas\u0131n\u0131 sa\u011fl\u0131yoruz.<\/p><\/div><\/div><\/div><\/div><\/div><\/div><\/section>","protected":false},"excerpt":{"rendered":"Optimize Your Exploration and Production Processes At Geocore Mining Consultancy, we offer comprehensive drilling services tailored to meet the specific needs of your mining projects. Our experienced team not only organizes and manages drilling operations but also undertakes the entire drilling organization within our own structure. 1. Drilling Supervision Expert Oversight: Our experienced supervisors oversee [...]","protected":false},"author":1,"featured_media":0,"parent":0,"menu_order":0,"comment_status":"closed","ping_status":"closed","template":"","meta":{"_monsterinsights_skip_tracking":false,"_monsterinsights_sitenote_active":false,"_monsterinsights_sitenote_note":"","_monsterinsights_sitenote_category":0,"footnotes":""},"class_list":["post-9597","page","type-page","status-publish","hentry"],"yoast_head":"<!-- This site is optimized with the Yoast SEO plugin v23.8 - https:\/\/yoast.com\/wordpress\/plugins\/seo\/ -->\n<title>Drilling - Geocore Mining Consultancy<\/title>\n<meta name=\"description\" content=\"At Geocore Mining Consultancy, we offer a range of subsurface research services to support your mineral exploration and development processes. By utilizing advanced technologies and methods, we aim to optimize underground mineral resources and enhance operational efficiency.\" \/>\n<meta name=\"robots\" content=\"index, follow, max-snippet:-1, max-image-preview:large, max-video-preview:-1\" \/>\n<link rel=\"canonical\" href=\"https:\/\/geocore.com.tr\/tr\/drilling\/\" \/>\n<meta property=\"og:locale\" content=\"tr_TR\" \/>\n<meta property=\"og:type\" content=\"article\" \/>\n<meta property=\"og:title\" content=\"Drilling - Geocore Mining Consultancy\" \/>\n<meta property=\"og:description\" content=\"At Geocore Mining Consultancy, we offer a range of subsurface research services to support your mineral exploration and development processes. By utilizing advanced technologies and methods, we aim to optimize underground mineral resources and enhance operational efficiency.\" \/>\n<meta property=\"og:url\" content=\"https:\/\/geocore.com.tr\/tr\/drilling\/\" \/>\n<meta property=\"og:site_name\" content=\"Geocore Mining Consultancy\" \/>\n<meta property=\"article:modified_time\" content=\"2024-11-05T19:02:54+00:00\" \/>\n<meta name=\"twitter:card\" content=\"summary_large_image\" \/>\n<meta name=\"twitter:label1\" content=\"Tahmini okuma s\u00fcresi\" \/>\n\t<meta name=\"twitter:data1\" content=\"2 dakika\" \/>\n<script type=\"application\/ld+json\" class=\"yoast-schema-graph\">{\"@context\":\"https:\/\/schema.org\",\"@graph\":[{\"@type\":\"WebPage\",\"@id\":\"https:\/\/geocore.com.tr\/drilling\/\",\"url\":\"https:\/\/geocore.com.tr\/drilling\/\",\"name\":\"Drilling - Geocore Mining Consultancy\",\"isPartOf\":{\"@id\":\"https:\/\/geocore.com.tr\/#website\"},\"datePublished\":\"2024-10-23T20:34:22+00:00\",\"dateModified\":\"2024-11-05T19:02:54+00:00\",\"description\":\"At Geocore Mining Consultancy, we offer a range of subsurface research services to support your mineral exploration and development processes. By utilizing advanced technologies and methods, we aim to optimize underground mineral resources and enhance operational efficiency.\",\"breadcrumb\":{\"@id\":\"https:\/\/geocore.com.tr\/drilling\/#breadcrumb\"},\"inLanguage\":\"tr\",\"potentialAction\":[{\"@type\":\"ReadAction\",\"target\":[\"https:\/\/geocore.com.tr\/drilling\/\"]}]},{\"@type\":\"BreadcrumbList\",\"@id\":\"https:\/\/geocore.com.tr\/drilling\/#breadcrumb\",\"itemListElement\":[{\"@type\":\"ListItem\",\"position\":1,\"name\":\"Home\",\"item\":\"https:\/\/geocore.com.tr\/\"},{\"@type\":\"ListItem\",\"position\":2,\"name\":\"Drilling\"}]},{\"@type\":\"WebSite\",\"@id\":\"https:\/\/geocore.com.tr\/#website\",\"url\":\"https:\/\/geocore.com.tr\/\",\"name\":\"Geocore Mining Consultancy\",\"description\":\"\",\"publisher\":{\"@id\":\"https:\/\/geocore.com.tr\/#organization\"},\"potentialAction\":[{\"@type\":\"SearchAction\",\"target\":{\"@type\":\"EntryPoint\",\"urlTemplate\":\"https:\/\/geocore.com.tr\/?s={search_term_string}\"},\"query-input\":{\"@type\":\"PropertyValueSpecification\",\"valueRequired\":true,\"valueName\":\"search_term_string\"}}],\"inLanguage\":\"tr\"},{\"@type\":\"Organization\",\"@id\":\"https:\/\/geocore.com.tr\/#organization\",\"name\":\"Geocore Mining Consultancy\",\"url\":\"https:\/\/geocore.com.tr\/\",\"logo\":{\"@type\":\"ImageObject\",\"inLanguage\":\"tr\",\"@id\":\"https:\/\/geocore.com.tr\/#\/schema\/logo\/image\/\",\"url\":\"https:\/\/geocore.com.tr\/wp-content\/uploads\/2024\/10\/Logo.svg\",\"contentUrl\":\"https:\/\/geocore.com.tr\/wp-content\/uploads\/2024\/10\/Logo.svg\",\"width\":1,\"height\":1,\"caption\":\"Geocore Mining Consultancy\"},\"image\":{\"@id\":\"https:\/\/geocore.com.tr\/#\/schema\/logo\/image\/\"},\"sameAs\":[\"https:\/\/www.linkedin.com\/company\/geocore-mining-consultancy\"]}]}<\/script>\n<!-- \/ Yoast SEO plugin. -->","yoast_head_json":{"title":"Drilling - Geocore Mining Consultancy","description":"At Geocore Mining Consultancy, we offer a range of subsurface research services to support your mineral exploration and development processes. By utilizing advanced technologies and methods, we aim to optimize underground mineral resources and enhance operational efficiency.","robots":{"index":"index","follow":"follow","max-snippet":"max-snippet:-1","max-image-preview":"max-image-preview:large","max-video-preview":"max-video-preview:-1"},"canonical":"https:\/\/geocore.com.tr\/tr\/drilling\/","og_locale":"tr_TR","og_type":"article","og_title":"Drilling - Geocore Mining Consultancy","og_description":"At Geocore Mining Consultancy, we offer a range of subsurface research services to support your mineral exploration and development processes. By utilizing advanced technologies and methods, we aim to optimize underground mineral resources and enhance operational efficiency.","og_url":"https:\/\/geocore.com.tr\/tr\/drilling\/","og_site_name":"Geocore Mining Consultancy","article_modified_time":"2024-11-05T19:02:54+00:00","twitter_card":"summary_large_image","twitter_misc":{"Tahmini okuma s\u00fcresi":"2 dakika"},"schema":{"@context":"https:\/\/schema.org","@graph":[{"@type":"WebPage","@id":"https:\/\/geocore.com.tr\/drilling\/","url":"https:\/\/geocore.com.tr\/drilling\/","name":"Drilling - Geocore Mining Consultancy","isPartOf":{"@id":"https:\/\/geocore.com.tr\/#website"},"datePublished":"2024-10-23T20:34:22+00:00","dateModified":"2024-11-05T19:02:54+00:00","description":"At Geocore Mining Consultancy, we offer a range of subsurface research services to support your mineral exploration and development processes. By utilizing advanced technologies and methods, we aim to optimize underground mineral resources and enhance operational efficiency.","breadcrumb":{"@id":"https:\/\/geocore.com.tr\/drilling\/#breadcrumb"},"inLanguage":"tr","potentialAction":[{"@type":"ReadAction","target":["https:\/\/geocore.com.tr\/drilling\/"]}]},{"@type":"BreadcrumbList","@id":"https:\/\/geocore.com.tr\/drilling\/#breadcrumb","itemListElement":[{"@type":"ListItem","position":1,"name":"Home","item":"https:\/\/geocore.com.tr\/"},{"@type":"ListItem","position":2,"name":"Drilling"}]},{"@type":"WebSite","@id":"https:\/\/geocore.com.tr\/#website","url":"https:\/\/geocore.com.tr\/","name":"Geocore Mining Consultancy","description":"","publisher":{"@id":"https:\/\/geocore.com.tr\/#organization"},"potentialAction":[{"@type":"SearchAction","target":{"@type":"EntryPoint","urlTemplate":"https:\/\/geocore.com.tr\/?s={search_term_string}"},"query-input":{"@type":"PropertyValueSpecification","valueRequired":true,"valueName":"search_term_string"}}],"inLanguage":"tr"},{"@type":"Organization","@id":"https:\/\/geocore.com.tr\/#organization","name":"Geocore Mining Consultancy","url":"https:\/\/geocore.com.tr\/","logo":{"@type":"ImageObject","inLanguage":"tr","@id":"https:\/\/geocore.com.tr\/#\/schema\/logo\/image\/","url":"https:\/\/geocore.com.tr\/wp-content\/uploads\/2024\/10\/Logo.svg","contentUrl":"https:\/\/geocore.com.tr\/wp-content\/uploads\/2024\/10\/Logo.svg","width":1,"height":1,"caption":"Geocore Mining Consultancy"},"image":{"@id":"https:\/\/geocore.com.tr\/#\/schema\/logo\/image\/"},"sameAs":["https:\/\/www.linkedin.com\/company\/geocore-mining-consultancy"]}]}},"_links":{"self":[{"href":"https:\/\/geocore.com.tr\/tr\/wp-json\/wp\/v2\/pages\/9597","targetHints":{"allow":["GET"]}}],"collection":[{"href":"https:\/\/geocore.com.tr\/tr\/wp-json\/wp\/v2\/pages"}],"about":[{"href":"https:\/\/geocore.com.tr\/tr\/wp-json\/wp\/v2\/types\/page"}],"author":[{"embeddable":true,"href":"https:\/\/geocore.com.tr\/tr\/wp-json\/wp\/v2\/users\/1"}],"replies":[{"embeddable":true,"href":"https:\/\/geocore.com.tr\/tr\/wp-json\/wp\/v2\/comments?post=9597"}],"version-history":[{"count":6,"href":"https:\/\/geocore.com.tr\/tr\/wp-json\/wp\/v2\/pages\/9597\/revisions"}],"predecessor-version":[{"id":9853,"href":"https:\/\/geocore.com.tr\/tr\/wp-json\/wp\/v2\/pages\/9597\/revisions\/9853"}],"wp:attachment":[{"href":"https:\/\/geocore.com.tr\/tr\/wp-json\/wp\/v2\/media?parent=9597"}],"curies":[{"name":"wp","href":"https:\/\/api.w.org\/{rel}","templated":true}]}}