{"id":9595,"date":"2024-10-23T20:29:56","date_gmt":"2024-10-23T20:29:56","guid":{"rendered":"http:\/\/localhost\/geocore\/?page_id=9595"},"modified":"2024-11-05T19:01:47","modified_gmt":"2024-11-05T19:01:47","slug":"geotechnical-geophysical-services","status":"publish","type":"page","link":"https:\/\/geocore.com.tr\/tr\/geotechnical-geophysical-services\/","title":{"rendered":"Jeoteknik &amp; Jeofizik Hizmetler"},"content":{"rendered":"<section class=\"vc_row vc_custom_1729546567694 liquid-row-shadowbox-69fb3dc624650 vc_column-gap-30\"><div class=\"ld-container container\"><div class=\"row ld-row ld-row-outer vc_row-o-equal-height vc_row-o-content-middle vc_row-flex\"><div class=\"wpb_column vc_column_container vc_col-sm-12 vc_col-md-offset-2 vc_col-md-8 text-center liquid-column-69fb3dc624d2f\"><div class=\"vc_column-inner  vc_custom_1729719534007\" ><div class=\"wpb_wrapper\"  ><style>.ld_fancy_heading_69fb3dc624e7a .lqd-highlight-inner{height:0.275em!important;bottom:0px!important;}<\/style><div class=\"ld-fancy-heading text-left ld_fancy_heading_69fb3dc624e7a\">\n\t<p class=\"ld-fh-element lqd-highlight-underline lqd-highlight-grow-left text-decoration-default\"   >  Geocore Madencilik Dan\u0131\u015fmanl\u0131\u011f\u0131 olarak, mineral ke\u015fif ve geli\u015ftirme s\u00fcre\u00e7lerinizi desteklemek amac\u0131yla bir dizi yeralt\u0131 ara\u015ft\u0131rma hizmeti sunuyoruz. Geli\u015fmi\u015f teknolojiler ve y\u00f6ntemler kullanarak yeralt\u0131 mineral kaynaklar\u0131n\u0131 optimize etmeyi ve operasyonel verimlili\u011fi art\u0131rmay\u0131 ama\u00e7l\u0131yoruz.<\/p><\/div><style>.ld_fancy_heading_69fb3dc625180 .lqd-highlight-inner{height:0.275em!important;bottom:0px!important;}<\/style><div class=\"ld-fancy-heading text-left ld_fancy_heading_69fb3dc625180\">\n\t<p class=\"ld-fh-element lqd-highlight-underline lqd-highlight-grow-left text-decoration-default\"   >  Y\u00fczey Radarlar\u0131 (GPR), \u0130nd\u00fcklenmi\u015f Polarizasyon (IP), manyetik ara\u015ft\u0131rmalar, yer \u00e7ekimi ara\u015ft\u0131rmalar\u0131 ve bir\u00e7ok ba\u015fka teknik gibi y\u00f6ntemlerle madencilik projelerinizin her a\u015famas\u0131nda g\u00fcvenilir veri sa\u011fl\u0131yoruz. Uzman ekibimiz, her proje i\u00e7in \u00f6zelle\u015ftirilmi\u015f \u00e7\u00f6z\u00fcmler sunarak yer alt\u0131 jeolojisini daha iyi anlaman\u0131z\u0131 ve potansiyel f\u0131rsatlar\u0131 de\u011ferlendirmenizi sa\u011flar.<\/p><\/div><\/div><\/div><\/div><\/div><\/div><\/section>","protected":false},"excerpt":{"rendered":"At Geocore Mining Consultancy, we offer a range of subsurface research services to support your mineral exploration and development processes. By utilizing advanced technologies and methods, we aim to optimize underground mineral resources and enhance operational efficiency. Through techniques such as Ground Penetrating Radar (GPR), Induced Polarization (IP), magnetic surveys, gravity surveys, and many other [...]","protected":false},"author":1,"featured_media":0,"parent":0,"menu_order":0,"comment_status":"closed","ping_status":"closed","template":"","meta":{"_monsterinsights_skip_tracking":false,"_monsterinsights_sitenote_active":false,"_monsterinsights_sitenote_note":"","_monsterinsights_sitenote_category":0,"footnotes":""},"class_list":["post-9595","page","type-page","status-publish","hentry"],"yoast_head":"<!-- This site is optimized with the Yoast SEO plugin v23.8 - https:\/\/yoast.com\/wordpress\/plugins\/seo\/ -->\n<title>Geotechnical &amp; Geophysical Services - Geocore Mining Consultancy<\/title>\n<meta name=\"description\" content=\"At Geocore Mining Consultancy, we offer a range of subsurface research services to support your mineral exploration and development processes. By utilizing advanced technologies and methods, we aim to optimize underground mineral resources and enhance operational efficiency.\" \/>\n<meta name=\"robots\" content=\"index, follow, max-snippet:-1, max-image-preview:large, max-video-preview:-1\" \/>\n<link rel=\"canonical\" href=\"https:\/\/geocore.com.tr\/tr\/geotechnical-geophysical-services\/\" \/>\n<meta property=\"og:locale\" content=\"tr_TR\" \/>\n<meta property=\"og:type\" content=\"article\" \/>\n<meta property=\"og:title\" content=\"Geotechnical &amp; Geophysical Services - Geocore Mining Consultancy\" \/>\n<meta property=\"og:description\" content=\"At Geocore Mining Consultancy, we offer a range of subsurface research services to support your mineral exploration and development processes. By utilizing advanced technologies and methods, we aim to optimize underground mineral resources and enhance operational efficiency.\" \/>\n<meta property=\"og:url\" content=\"https:\/\/geocore.com.tr\/tr\/geotechnical-geophysical-services\/\" \/>\n<meta property=\"og:site_name\" content=\"Geocore Mining Consultancy\" \/>\n<meta property=\"article:modified_time\" content=\"2024-11-05T19:01:47+00:00\" \/>\n<meta name=\"twitter:card\" content=\"summary_large_image\" \/>\n<meta name=\"twitter:label1\" content=\"Tahmini okuma s\u00fcresi\" \/>\n\t<meta name=\"twitter:data1\" content=\"1 dakika\" \/>\n<script type=\"application\/ld+json\" class=\"yoast-schema-graph\">{\"@context\":\"https:\/\/schema.org\",\"@graph\":[{\"@type\":\"WebPage\",\"@id\":\"https:\/\/geocore.com.tr\/geotechnical-geophysical-services\/\",\"url\":\"https:\/\/geocore.com.tr\/geotechnical-geophysical-services\/\",\"name\":\"Geotechnical & Geophysical Services - Geocore Mining Consultancy\",\"isPartOf\":{\"@id\":\"https:\/\/geocore.com.tr\/#website\"},\"datePublished\":\"2024-10-23T20:29:56+00:00\",\"dateModified\":\"2024-11-05T19:01:47+00:00\",\"description\":\"At Geocore Mining Consultancy, we offer a range of subsurface research services to support your mineral exploration and development processes. By utilizing advanced technologies and methods, we aim to optimize underground mineral resources and enhance operational efficiency.\",\"breadcrumb\":{\"@id\":\"https:\/\/geocore.com.tr\/geotechnical-geophysical-services\/#breadcrumb\"},\"inLanguage\":\"tr\",\"potentialAction\":[{\"@type\":\"ReadAction\",\"target\":[\"https:\/\/geocore.com.tr\/geotechnical-geophysical-services\/\"]}]},{\"@type\":\"BreadcrumbList\",\"@id\":\"https:\/\/geocore.com.tr\/geotechnical-geophysical-services\/#breadcrumb\",\"itemListElement\":[{\"@type\":\"ListItem\",\"position\":1,\"name\":\"Home\",\"item\":\"https:\/\/geocore.com.tr\/\"},{\"@type\":\"ListItem\",\"position\":2,\"name\":\"Geotechnical &#038; Geophysical Services\"}]},{\"@type\":\"WebSite\",\"@id\":\"https:\/\/geocore.com.tr\/#website\",\"url\":\"https:\/\/geocore.com.tr\/\",\"name\":\"Geocore Mining Consultancy\",\"description\":\"\",\"publisher\":{\"@id\":\"https:\/\/geocore.com.tr\/#organization\"},\"potentialAction\":[{\"@type\":\"SearchAction\",\"target\":{\"@type\":\"EntryPoint\",\"urlTemplate\":\"https:\/\/geocore.com.tr\/?s={search_term_string}\"},\"query-input\":{\"@type\":\"PropertyValueSpecification\",\"valueRequired\":true,\"valueName\":\"search_term_string\"}}],\"inLanguage\":\"tr\"},{\"@type\":\"Organization\",\"@id\":\"https:\/\/geocore.com.tr\/#organization\",\"name\":\"Geocore Mining Consultancy\",\"url\":\"https:\/\/geocore.com.tr\/\",\"logo\":{\"@type\":\"ImageObject\",\"inLanguage\":\"tr\",\"@id\":\"https:\/\/geocore.com.tr\/#\/schema\/logo\/image\/\",\"url\":\"https:\/\/geocore.com.tr\/wp-content\/uploads\/2024\/10\/Logo.svg\",\"contentUrl\":\"https:\/\/geocore.com.tr\/wp-content\/uploads\/2024\/10\/Logo.svg\",\"width\":1,\"height\":1,\"caption\":\"Geocore Mining Consultancy\"},\"image\":{\"@id\":\"https:\/\/geocore.com.tr\/#\/schema\/logo\/image\/\"},\"sameAs\":[\"https:\/\/www.linkedin.com\/company\/geocore-mining-consultancy\"]}]}<\/script>\n<!-- \/ Yoast SEO plugin. -->","yoast_head_json":{"title":"Geotechnical & Geophysical Services - Geocore Mining Consultancy","description":"At Geocore Mining Consultancy, we offer a range of subsurface research services to support your mineral exploration and development processes. By utilizing advanced technologies and methods, we aim to optimize underground mineral resources and enhance operational efficiency.","robots":{"index":"index","follow":"follow","max-snippet":"max-snippet:-1","max-image-preview":"max-image-preview:large","max-video-preview":"max-video-preview:-1"},"canonical":"https:\/\/geocore.com.tr\/tr\/geotechnical-geophysical-services\/","og_locale":"tr_TR","og_type":"article","og_title":"Geotechnical & Geophysical Services - Geocore Mining Consultancy","og_description":"At Geocore Mining Consultancy, we offer a range of subsurface research services to support your mineral exploration and development processes. By utilizing advanced technologies and methods, we aim to optimize underground mineral resources and enhance operational efficiency.","og_url":"https:\/\/geocore.com.tr\/tr\/geotechnical-geophysical-services\/","og_site_name":"Geocore Mining Consultancy","article_modified_time":"2024-11-05T19:01:47+00:00","twitter_card":"summary_large_image","twitter_misc":{"Tahmini okuma s\u00fcresi":"1 dakika"},"schema":{"@context":"https:\/\/schema.org","@graph":[{"@type":"WebPage","@id":"https:\/\/geocore.com.tr\/geotechnical-geophysical-services\/","url":"https:\/\/geocore.com.tr\/geotechnical-geophysical-services\/","name":"Geotechnical & Geophysical Services - Geocore Mining Consultancy","isPartOf":{"@id":"https:\/\/geocore.com.tr\/#website"},"datePublished":"2024-10-23T20:29:56+00:00","dateModified":"2024-11-05T19:01:47+00:00","description":"At Geocore Mining Consultancy, we offer a range of subsurface research services to support your mineral exploration and development processes. By utilizing advanced technologies and methods, we aim to optimize underground mineral resources and enhance operational efficiency.","breadcrumb":{"@id":"https:\/\/geocore.com.tr\/geotechnical-geophysical-services\/#breadcrumb"},"inLanguage":"tr","potentialAction":[{"@type":"ReadAction","target":["https:\/\/geocore.com.tr\/geotechnical-geophysical-services\/"]}]},{"@type":"BreadcrumbList","@id":"https:\/\/geocore.com.tr\/geotechnical-geophysical-services\/#breadcrumb","itemListElement":[{"@type":"ListItem","position":1,"name":"Home","item":"https:\/\/geocore.com.tr\/"},{"@type":"ListItem","position":2,"name":"Geotechnical &#038; Geophysical Services"}]},{"@type":"WebSite","@id":"https:\/\/geocore.com.tr\/#website","url":"https:\/\/geocore.com.tr\/","name":"Geocore Mining Consultancy","description":"","publisher":{"@id":"https:\/\/geocore.com.tr\/#organization"},"potentialAction":[{"@type":"SearchAction","target":{"@type":"EntryPoint","urlTemplate":"https:\/\/geocore.com.tr\/?s={search_term_string}"},"query-input":{"@type":"PropertyValueSpecification","valueRequired":true,"valueName":"search_term_string"}}],"inLanguage":"tr"},{"@type":"Organization","@id":"https:\/\/geocore.com.tr\/#organization","name":"Geocore Mining Consultancy","url":"https:\/\/geocore.com.tr\/","logo":{"@type":"ImageObject","inLanguage":"tr","@id":"https:\/\/geocore.com.tr\/#\/schema\/logo\/image\/","url":"https:\/\/geocore.com.tr\/wp-content\/uploads\/2024\/10\/Logo.svg","contentUrl":"https:\/\/geocore.com.tr\/wp-content\/uploads\/2024\/10\/Logo.svg","width":1,"height":1,"caption":"Geocore Mining Consultancy"},"image":{"@id":"https:\/\/geocore.com.tr\/#\/schema\/logo\/image\/"},"sameAs":["https:\/\/www.linkedin.com\/company\/geocore-mining-consultancy"]}]}},"_links":{"self":[{"href":"https:\/\/geocore.com.tr\/tr\/wp-json\/wp\/v2\/pages\/9595","targetHints":{"allow":["GET"]}}],"collection":[{"href":"https:\/\/geocore.com.tr\/tr\/wp-json\/wp\/v2\/pages"}],"about":[{"href":"https:\/\/geocore.com.tr\/tr\/wp-json\/wp\/v2\/types\/page"}],"author":[{"embeddable":true,"href":"https:\/\/geocore.com.tr\/tr\/wp-json\/wp\/v2\/users\/1"}],"replies":[{"embeddable":true,"href":"https:\/\/geocore.com.tr\/tr\/wp-json\/wp\/v2\/comments?post=9595"}],"version-history":[{"count":4,"href":"https:\/\/geocore.com.tr\/tr\/wp-json\/wp\/v2\/pages\/9595\/revisions"}],"predecessor-version":[{"id":9624,"href":"https:\/\/geocore.com.tr\/tr\/wp-json\/wp\/v2\/pages\/9595\/revisions\/9624"}],"wp:attachment":[{"href":"https:\/\/geocore.com.tr\/tr\/wp-json\/wp\/v2\/media?parent=9595"}],"curies":[{"name":"wp","href":"https:\/\/api.w.org\/{rel}","templated":true}]}}