{"id":9593,"date":"2024-10-23T20:30:05","date_gmt":"2024-10-23T20:30:05","guid":{"rendered":"http:\/\/localhost\/geocore\/?page_id=9593"},"modified":"2024-11-05T19:00:37","modified_gmt":"2024-11-05T19:00:37","slug":"mining-production","status":"publish","type":"page","link":"https:\/\/geocore.com.tr\/tr\/mining-production\/","title":{"rendered":"\u00dcretim"},"content":{"rendered":"<section class=\"vc_row vc_custom_1729546567694 liquid-row-shadowbox-69fb3cb956ba9 vc_column-gap-30\"><div class=\"ld-container container\"><div class=\"row ld-row ld-row-outer vc_row-o-equal-height vc_row-o-content-middle vc_row-flex\"><div class=\"wpb_column vc_column_container vc_col-sm-12 vc_col-md-offset-2 vc_col-md-8 text-center liquid-column-69fb3cb957128\"><div class=\"vc_column-inner  vc_custom_1729718271219\" ><div class=\"wpb_wrapper\"  ><style>.ld_fancy_heading_69fb3cb95723d h3{color:#cea32d;}.ld_fancy_heading_69fb3cb95723d h3 {font-size:22px; } .ld_fancy_heading_69fb3cb95723d .lqd-highlight-inner{height:0.275em!important;bottom:0px!important;}.ld_fancy_heading_69fb3cb95723d h3 {font-size:22px; } <\/style><div class=\"ld-fancy-heading text-left ld_fancy_heading_69fb3cb95723d\">\n\t<h3 class=\"ld-fh-element lqd-highlight-underline lqd-highlight-grow-left text-decoration-default\"   >  Madencilik Verimlili\u011finizi Art\u0131r\u0131n<\/h3><\/div><style>.ld_fancy_heading_69fb3cb9574fb .lqd-highlight-inner{height:0.275em!important;bottom:0px!important;}<\/style><div class=\"ld-fancy-heading text-left ld_fancy_heading_69fb3cb9574fb\">\n\t<p class=\"ld-fh-element lqd-highlight-underline lqd-highlight-grow-left text-decoration-default\"   >  Madencilik operasyonlar\u0131n\u0131n etkin y\u00f6netimi, ba\u015far\u0131 i\u00e7in kritik \u00f6neme sahiptir. Geocore olarak, madencilik s\u00fcrecinde verimlili\u011fi ve do\u011frulu\u011fu art\u0131rmak i\u00e7in kapsaml\u0131 \u00e7\u00f6z\u00fcmler sunuyoruz.<\/p><\/div><style>.ld_fancy_heading_69fb3cb957699 h3{color:rgb(0, 0, 0);}.ld_fancy_heading_69fb3cb957699 h3 {font-size:22px; } .ld_fancy_heading_69fb3cb957699 .lqd-highlight-inner{height:0.275em!important;bottom:0px!important;}.ld_fancy_heading_69fb3cb957699 h3 {font-size:22px; } <\/style><div class=\"ld-fancy-heading text-left ld_fancy_heading_69fb3cb957699\">\n\t<h3 class=\"ld-fh-element lqd-highlight-underline lqd-highlight-grow-left text-decoration-default\"   >  1. Jeolojik Ara\u015ft\u0131rmalar<\/h3><\/div><style>.ld_fancy_heading_69fb3cb957819 h3{color:#cea32d;}.ld_fancy_heading_69fb3cb957819 h3 {font-size:22px; } .ld_fancy_heading_69fb3cb957819 .lqd-highlight-inner{height:0.275em!important;bottom:0px!important;}.ld_fancy_heading_69fb3cb957819 h3 {font-size:22px; } <\/style><div class=\"ld-fancy-heading text-left ld_fancy_heading_69fb3cb957819\">\n\t<h3 class=\"ld-fh-element lqd-highlight-underline lqd-highlight-grow-left text-decoration-default\"   >  Do\u011fru Jeolojik Haritalama:<\/h3><\/div><style>.ld_fancy_heading_69fb3cb957981 .lqd-highlight-inner{height:0.275em!important;bottom:0px!important;}<\/style><div class=\"ld-fancy-heading text-left ld_fancy_heading_69fb3cb957981\">\n\t<p class=\"ld-fh-element lqd-highlight-underline lqd-highlight-grow-left text-decoration-default\"   >  Mineral da\u011f\u0131l\u0131mlar\u0131 ve saha ko\u015fullar\u0131 hakk\u0131nda \u00f6ng\u00f6r\u00fcler sunan detayl\u0131 jeolojik haritalar \u00fcretiyoruz, bu da bilin\u00e7li karar alma s\u00fcre\u00e7lerini kolayla\u015ft\u0131r\u0131r.<\/p><\/div><style>.ld_fancy_heading_69fb3cb957ad1 h3{color:rgb(0, 0, 0);}.ld_fancy_heading_69fb3cb957ad1 h3 {font-size:22px; } .ld_fancy_heading_69fb3cb957ad1 .lqd-highlight-inner{height:0.275em!important;bottom:0px!important;}.ld_fancy_heading_69fb3cb957ad1 h3 {font-size:22px; } <\/style><div class=\"ld-fancy-heading text-left ld_fancy_heading_69fb3cb957ad1\">\n\t<h3 class=\"ld-fh-element lqd-highlight-underline lqd-highlight-grow-left text-decoration-default\"   >  2. Kalite Kontrol \u00d6rneklemesi<\/h3><\/div><style>.ld_fancy_heading_69fb3cb957c2c h3{color:#cea32d;}.ld_fancy_heading_69fb3cb957c2c h3 {font-size:22px; } .ld_fancy_heading_69fb3cb957c2c .lqd-highlight-inner{height:0.275em!important;bottom:0px!important;}.ld_fancy_heading_69fb3cb957c2c h3 {font-size:22px; } <\/style><div class=\"ld-fancy-heading text-left ld_fancy_heading_69fb3cb957c2c\">\n\t<h3 class=\"ld-fh-element lqd-highlight-underline lqd-highlight-grow-left text-decoration-default\"   >  QA\/QC  \u00d6rnekleme Prosed\u00fcrleri:<\/h3><\/div><style>.ld_fancy_heading_69fb3cb957d75 .lqd-highlight-inner{height:0.275em!important;bottom:0px!important;}<\/style><div class=\"ld-fancy-heading text-left ld_fancy_heading_69fb3cb957d75\">\n\t<p class=\"ld-fh-element lqd-highlight-underline lqd-highlight-grow-left text-decoration-default\"   >  Kalite kontrol \u00f6rnekleme tekniklerimiz, cevher kalitesinin do\u011fru temsil edilmesini sa\u011flar, bu da kaynak tahminleri ve \u00fcretim planlamas\u0131n\u0131 iyile\u015ftirir.<\/p><\/div><style>.ld_fancy_heading_69fb3cb957eb7 h3{color:rgb(0, 0, 0);}.ld_fancy_heading_69fb3cb957eb7 h3 {font-size:22px; } .ld_fancy_heading_69fb3cb957eb7 .lqd-highlight-inner{height:0.275em!important;bottom:0px!important;}.ld_fancy_heading_69fb3cb957eb7 h3 {font-size:22px; } <\/style><div class=\"ld-fancy-heading text-left ld_fancy_heading_69fb3cb957eb7\">\n\t<h3 class=\"ld-fh-element lqd-highlight-underline lqd-highlight-grow-left text-decoration-default\"   >  3. Operasyonel \u0130\u015f Ak\u0131\u015f\u0131<\/h3><\/div><style>.ld_fancy_heading_69fb3cb958000 h3{color:#cea32d;}.ld_fancy_heading_69fb3cb958000 h3 {font-size:22px; } .ld_fancy_heading_69fb3cb958000 .lqd-highlight-inner{height:0.275em!important;bottom:0px!important;}.ld_fancy_heading_69fb3cb958000 h3 {font-size:22px; } <\/style><div class=\"ld-fancy-heading text-left ld_fancy_heading_69fb3cb958000\">\n\t<h3 class=\"ld-fh-element lqd-highlight-underline lqd-highlight-grow-left text-decoration-default\"   >  Veri Toplama S\u00fcre\u00e7leri:<\/h3><\/div><style>.ld_fancy_heading_69fb3cb958151 .lqd-highlight-inner{height:0.275em!important;bottom:0px!important;}<\/style><div class=\"ld-fancy-heading text-left ld_fancy_heading_69fb3cb958151\">\n\t<p class=\"ld-fh-element lqd-highlight-underline lqd-highlight-grow-left text-decoration-default\"   >  Veri toplama ve analiz s\u00fcre\u00e7lerini optimize ederek, operasyonel kararlar i\u00e7in gerekli olan kritik bilgilere h\u0131zl\u0131 eri\u015fim sa\u011flar\u0131z.<\/p><\/div><style>.ld_fancy_heading_69fb3cb958294 h3{color:rgb(0, 0, 0);}.ld_fancy_heading_69fb3cb958294 h3 {font-size:22px; } .ld_fancy_heading_69fb3cb958294 .lqd-highlight-inner{height:0.275em!important;bottom:0px!important;}.ld_fancy_heading_69fb3cb958294 h3 {font-size:22px; } <\/style><div class=\"ld-fancy-heading text-left ld_fancy_heading_69fb3cb958294\">\n\t<h3 class=\"ld-fh-element lqd-highlight-underline lqd-highlight-grow-left text-decoration-default\"   >  4. Ten\u00f6r Kontrol Modelleme<\/h3><\/div><style>.ld_fancy_heading_69fb3cb9583db h3{color:#cea32d;}.ld_fancy_heading_69fb3cb9583db h3 {font-size:22px; } .ld_fancy_heading_69fb3cb9583db .lqd-highlight-inner{height:0.275em!important;bottom:0px!important;}.ld_fancy_heading_69fb3cb9583db h3 {font-size:22px; } <\/style><div class=\"ld-fancy-heading text-left ld_fancy_heading_69fb3cb9583db\">\n\t<h3 class=\"ld-fh-element lqd-highlight-underline lqd-highlight-grow-left text-decoration-default\"   >  Dinamik Kalite Kontrol Modelleri:<\/h3><\/div><style>.ld_fancy_heading_69fb3cb958520 .lqd-highlight-inner{height:0.275em!important;bottom:0px!important;}<\/style><div class=\"ld-fancy-heading text-left ld_fancy_heading_69fb3cb958520\">\n\t<p class=\"ld-fh-element lqd-highlight-underline lqd-highlight-grow-left text-decoration-default\"   >  Geli\u015fmi\u015f modelleme yaz\u0131l\u0131mlar\u0131 kullanarak cevher kalitesini tahmin eden ve stratejilerini optimize etmeye yard\u0131mc\u0131 olan modeller olu\u015ftururuz.<\/p><\/div><style>.ld_fancy_heading_69fb3cb95865b h3{color:rgb(0, 0, 0);}.ld_fancy_heading_69fb3cb95865b h3 {font-size:22px; } .ld_fancy_heading_69fb3cb95865b .lqd-highlight-inner{height:0.275em!important;bottom:0px!important;}.ld_fancy_heading_69fb3cb95865b h3 {font-size:22px; } <\/style><div class=\"ld-fancy-heading text-left ld_fancy_heading_69fb3cb95865b\">\n\t<h3 class=\"ld-fh-element lqd-highlight-underline lqd-highlight-grow-left text-decoration-default\"   >  5. Cevher ve Pasa S\u0131n\u0131fland\u0131rmas\u0131<\/h3><\/div><style>.ld_fancy_heading_69fb3cb9587a4 h3{color:#cea32d;}.ld_fancy_heading_69fb3cb9587a4 h3 {font-size:22px; } .ld_fancy_heading_69fb3cb9587a4 .lqd-highlight-inner{height:0.275em!important;bottom:0px!important;}.ld_fancy_heading_69fb3cb9587a4 h3 {font-size:22px; } <\/style><div class=\"ld-fancy-heading text-left ld_fancy_heading_69fb3cb9587a4\">\n\t<h3 class=\"ld-fh-element lqd-highlight-underline lqd-highlight-grow-left text-decoration-default\"   >  S\u0131n\u0131fland\u0131rma Kriterleri:<\/h3><\/div><style>.ld_fancy_heading_69fb3cb9588e2 .lqd-highlight-inner{height:0.275em!important;bottom:0px!important;}<\/style><div class=\"ld-fancy-heading text-left ld_fancy_heading_69fb3cb9588e2\">\n\t<p class=\"ld-fh-element lqd-highlight-underline lqd-highlight-grow-left text-decoration-default\"   >  Cevher ve at\u0131k malzemeler aras\u0131nda ayr\u0131m yapmay\u0131 sa\u011flayan belirgin kriterler belirleyerek, kaynak geri kazan\u0131m\u0131n\u0131 optimize eder ve maliyetleri d\u00fc\u015f\u00fcr\u00fcr\u00fcz.<\/p><\/div><style>.ld_fancy_heading_69fb3cb958a21 h3{color:rgb(0, 0, 0);}.ld_fancy_heading_69fb3cb958a21 h3 {font-size:22px; } .ld_fancy_heading_69fb3cb958a21 .lqd-highlight-inner{height:0.275em!important;bottom:0px!important;}.ld_fancy_heading_69fb3cb958a21 h3 {font-size:22px; } <\/style><div class=\"ld-fancy-heading text-left ld_fancy_heading_69fb3cb958a21\">\n\t<h3 class=\"ld-fh-element lqd-highlight-underline lqd-highlight-grow-left text-decoration-default\"   >  6. Madencilik Fakt\u00f6r\u00fc Belirleme (Kirlenme ve Cevher Kayb\u0131)<\/h3><\/div><style>.ld_fancy_heading_69fb3cb958b61 h3{color:#cea32d;}.ld_fancy_heading_69fb3cb958b61 h3 {font-size:22px; } .ld_fancy_heading_69fb3cb958b61 .lqd-highlight-inner{height:0.275em!important;bottom:0px!important;}.ld_fancy_heading_69fb3cb958b61 h3 {font-size:22px; } <\/style><div class=\"ld-fancy-heading text-left ld_fancy_heading_69fb3cb958b61\">\n\t<h3 class=\"ld-fh-element lqd-highlight-underline lqd-highlight-grow-left text-decoration-default\"   >  Kapsaml\u0131 Tahmin Teknikleri:<\/h3><\/div><style>.ld_fancy_heading_69fb3cb958c9b .lqd-highlight-inner{height:0.275em!important;bottom:0px!important;}<\/style><div class=\"ld-fancy-heading text-left ld_fancy_heading_69fb3cb958c9b\">\n\t<p class=\"ld-fh-element lqd-highlight-underline lqd-highlight-grow-left text-decoration-default\"   >  Planlama do\u011frulu\u011funu ve operasyonel etkinli\u011fi art\u0131rmak i\u00e7in, kirlenme ve cevher kayb\u0131 gibi \u00f6nemli madencilik fakt\u00f6rlerini analiz eder ve tahmin ederiz.<\/p><\/div><style>.ld_fancy_heading_69fb3cb958dda h3{color:rgb(0, 0, 0);}.ld_fancy_heading_69fb3cb958dda h3 {font-size:22px; } .ld_fancy_heading_69fb3cb958dda .lqd-highlight-inner{height:0.275em!important;bottom:0px!important;}.ld_fancy_heading_69fb3cb958dda h3 {font-size:22px; } <\/style><div class=\"ld-fancy-heading text-left ld_fancy_heading_69fb3cb958dda\">\n\t<h3 class=\"ld-fh-element lqd-highlight-underline lqd-highlight-grow-left text-decoration-default\"   >  7. Stoksahas\u0131 Y\u00f6netimi<\/h3><\/div><style>.ld_fancy_heading_69fb3cb958f17 h3{color:#cea32d;}.ld_fancy_heading_69fb3cb958f17 h3 {font-size:22px; } .ld_fancy_heading_69fb3cb958f17 .lqd-highlight-inner{height:0.275em!important;bottom:0px!important;}.ld_fancy_heading_69fb3cb958f17 h3 {font-size:22px; } <\/style><div class=\"ld-fancy-heading text-left ld_fancy_heading_69fb3cb958f17\">\n\t<h3 class=\"ld-fh-element lqd-highlight-underline lqd-highlight-grow-left text-decoration-default\"   >  Etkili Stok Y\u00f6netim \u00c7\u00f6z\u00fcmleri:<\/h3><\/div><style>.ld_fancy_heading_69fb3cb95905e .lqd-highlight-inner{height:0.275em!important;bottom:0px!important;}<\/style><div class=\"ld-fancy-heading text-left ld_fancy_heading_69fb3cb95905e\">\n\t<p class=\"ld-fh-element lqd-highlight-underline lqd-highlight-grow-left text-decoration-default\"   >  Cevher ve at\u0131k malzemelerin etkin ve verimli bir \u015fekilde depolanmas\u0131, izlenmesi ve y\u00f6netilmesini takip eden t\u00fcm s\u00fcre\u00e7leri optimize ederiz.<\/p><\/div><style>.ld_fancy_heading_69fb3cb959199 h3{color:rgb(0, 0, 0);}.ld_fancy_heading_69fb3cb959199 h3 {font-size:22px; } .ld_fancy_heading_69fb3cb959199 .lqd-highlight-inner{height:0.275em!important;bottom:0px!important;}.ld_fancy_heading_69fb3cb959199 h3 {font-size:22px; } <\/style><div class=\"ld-fancy-heading text-left ld_fancy_heading_69fb3cb959199\">\n\t<h3 class=\"ld-fh-element lqd-highlight-underline lqd-highlight-grow-left text-decoration-default\"   >  8. \u00dcretim Mutabakat Analizi<\/h3><\/div><style>.ld_fancy_heading_69fb3cb9592d1 h3{color:#cea32d;}.ld_fancy_heading_69fb3cb9592d1 h3 {font-size:22px; } .ld_fancy_heading_69fb3cb9592d1 .lqd-highlight-inner{height:0.275em!important;bottom:0px!important;}.ld_fancy_heading_69fb3cb9592d1 h3 {font-size:22px; } <\/style><div class=\"ld-fancy-heading text-left ld_fancy_heading_69fb3cb9592d1\">\n\t<h3 class=\"ld-fh-element lqd-highlight-underline lqd-highlight-grow-left text-decoration-default\"   >  Do\u011fru Mutabakat Prosed\u00fcrleri:<\/h3><\/div><style>.ld_fancy_heading_69fb3cb959410 .lqd-highlight-inner{height:0.275em!important;bottom:0px!important;}<\/style><div class=\"ld-fancy-heading text-left ld_fancy_heading_69fb3cb959410\">\n\t<p class=\"ld-fh-element lqd-highlight-underline lqd-highlight-grow-left text-decoration-default\"   >  Planlanan ve fiili \u00fcretim aras\u0131ndaki fark\u0131 kar\u015f\u0131la\u015ft\u0131rmak i\u00e7in titizlikle mutabakat s\u00fcre\u00e7lerini uygular\u0131z ve operasyonlar\u0131n \u015feffafl\u0131\u011f\u0131n\u0131 ve hesap verilebilirli\u011fini sa\u011flar\u0131z.<\/p><\/div><\/div><\/div><\/div><\/div><\/div><\/section>","protected":false},"excerpt":{"rendered":"Enhance Your Mining Efficiency Effective management of mining operations is crucial for success. At Geocore, we provide comprehensive solutions to improve efficiency and accuracy throughout the mining process. 1. Geological Surveying Accurate Geological Mapping: We produce detailed geological maps that offer insights into mineral distributions and site conditions, facilitating informed decision-making. 2. Quality Control Sampling [...]","protected":false},"author":1,"featured_media":0,"parent":0,"menu_order":0,"comment_status":"closed","ping_status":"closed","template":"","meta":{"_monsterinsights_skip_tracking":false,"_monsterinsights_sitenote_active":false,"_monsterinsights_sitenote_note":"","_monsterinsights_sitenote_category":0,"footnotes":""},"class_list":["post-9593","page","type-page","status-publish","hentry"],"yoast_head":"<!-- This site is optimized with the Yoast SEO plugin v23.8 - https:\/\/yoast.com\/wordpress\/plugins\/seo\/ -->\n<title>Mining Production - Geocore Mining Consultancy<\/title>\n<meta name=\"description\" content=\"Effective management of mining operations is crucial for success. At Geocore, we provide comprehensive solutions to improve efficiency and accuracy throughout the mining process.\" \/>\n<meta name=\"robots\" content=\"index, follow, max-snippet:-1, max-image-preview:large, max-video-preview:-1\" \/>\n<link rel=\"canonical\" href=\"https:\/\/geocore.com.tr\/tr\/mining-production\/\" \/>\n<meta property=\"og:locale\" content=\"tr_TR\" \/>\n<meta property=\"og:type\" content=\"article\" \/>\n<meta property=\"og:title\" content=\"Mining Production - Geocore Mining Consultancy\" \/>\n<meta property=\"og:description\" content=\"Effective management of mining operations is crucial for success. At Geocore, we provide comprehensive solutions to improve efficiency and accuracy throughout the mining process.\" \/>\n<meta property=\"og:url\" content=\"https:\/\/geocore.com.tr\/tr\/mining-production\/\" \/>\n<meta property=\"og:site_name\" content=\"Geocore Mining Consultancy\" \/>\n<meta property=\"article:modified_time\" content=\"2024-11-05T19:00:37+00:00\" \/>\n<meta name=\"twitter:card\" content=\"summary_large_image\" \/>\n<meta name=\"twitter:label1\" content=\"Tahmini okuma s\u00fcresi\" \/>\n\t<meta name=\"twitter:data1\" content=\"2 dakika\" \/>\n<script type=\"application\/ld+json\" class=\"yoast-schema-graph\">{\"@context\":\"https:\/\/schema.org\",\"@graph\":[{\"@type\":\"WebPage\",\"@id\":\"https:\/\/geocore.com.tr\/mining-production\/\",\"url\":\"https:\/\/geocore.com.tr\/mining-production\/\",\"name\":\"Mining Production - Geocore Mining Consultancy\",\"isPartOf\":{\"@id\":\"https:\/\/geocore.com.tr\/#website\"},\"datePublished\":\"2024-10-23T20:30:05+00:00\",\"dateModified\":\"2024-11-05T19:00:37+00:00\",\"description\":\"Effective management of mining operations is crucial for success. At Geocore, we provide comprehensive solutions to improve efficiency and accuracy throughout the mining process.\",\"breadcrumb\":{\"@id\":\"https:\/\/geocore.com.tr\/mining-production\/#breadcrumb\"},\"inLanguage\":\"tr\",\"potentialAction\":[{\"@type\":\"ReadAction\",\"target\":[\"https:\/\/geocore.com.tr\/mining-production\/\"]}]},{\"@type\":\"BreadcrumbList\",\"@id\":\"https:\/\/geocore.com.tr\/mining-production\/#breadcrumb\",\"itemListElement\":[{\"@type\":\"ListItem\",\"position\":1,\"name\":\"Home\",\"item\":\"https:\/\/geocore.com.tr\/\"},{\"@type\":\"ListItem\",\"position\":2,\"name\":\"Mining Production\"}]},{\"@type\":\"WebSite\",\"@id\":\"https:\/\/geocore.com.tr\/#website\",\"url\":\"https:\/\/geocore.com.tr\/\",\"name\":\"Geocore Mining Consultancy\",\"description\":\"\",\"publisher\":{\"@id\":\"https:\/\/geocore.com.tr\/#organization\"},\"potentialAction\":[{\"@type\":\"SearchAction\",\"target\":{\"@type\":\"EntryPoint\",\"urlTemplate\":\"https:\/\/geocore.com.tr\/?s={search_term_string}\"},\"query-input\":{\"@type\":\"PropertyValueSpecification\",\"valueRequired\":true,\"valueName\":\"search_term_string\"}}],\"inLanguage\":\"tr\"},{\"@type\":\"Organization\",\"@id\":\"https:\/\/geocore.com.tr\/#organization\",\"name\":\"Geocore Mining Consultancy\",\"url\":\"https:\/\/geocore.com.tr\/\",\"logo\":{\"@type\":\"ImageObject\",\"inLanguage\":\"tr\",\"@id\":\"https:\/\/geocore.com.tr\/#\/schema\/logo\/image\/\",\"url\":\"https:\/\/geocore.com.tr\/wp-content\/uploads\/2024\/10\/Logo.svg\",\"contentUrl\":\"https:\/\/geocore.com.tr\/wp-content\/uploads\/2024\/10\/Logo.svg\",\"width\":1,\"height\":1,\"caption\":\"Geocore Mining Consultancy\"},\"image\":{\"@id\":\"https:\/\/geocore.com.tr\/#\/schema\/logo\/image\/\"},\"sameAs\":[\"https:\/\/www.linkedin.com\/company\/geocore-mining-consultancy\"]}]}<\/script>\n<!-- \/ Yoast SEO plugin. -->","yoast_head_json":{"title":"Mining Production - Geocore Mining Consultancy","description":"Effective management of mining operations is crucial for success. At Geocore, we provide comprehensive solutions to improve efficiency and accuracy throughout the mining process.","robots":{"index":"index","follow":"follow","max-snippet":"max-snippet:-1","max-image-preview":"max-image-preview:large","max-video-preview":"max-video-preview:-1"},"canonical":"https:\/\/geocore.com.tr\/tr\/mining-production\/","og_locale":"tr_TR","og_type":"article","og_title":"Mining Production - Geocore Mining Consultancy","og_description":"Effective management of mining operations is crucial for success. At Geocore, we provide comprehensive solutions to improve efficiency and accuracy throughout the mining process.","og_url":"https:\/\/geocore.com.tr\/tr\/mining-production\/","og_site_name":"Geocore Mining Consultancy","article_modified_time":"2024-11-05T19:00:37+00:00","twitter_card":"summary_large_image","twitter_misc":{"Tahmini okuma s\u00fcresi":"2 dakika"},"schema":{"@context":"https:\/\/schema.org","@graph":[{"@type":"WebPage","@id":"https:\/\/geocore.com.tr\/mining-production\/","url":"https:\/\/geocore.com.tr\/mining-production\/","name":"Mining Production - Geocore Mining Consultancy","isPartOf":{"@id":"https:\/\/geocore.com.tr\/#website"},"datePublished":"2024-10-23T20:30:05+00:00","dateModified":"2024-11-05T19:00:37+00:00","description":"Effective management of mining operations is crucial for success. At Geocore, we provide comprehensive solutions to improve efficiency and accuracy throughout the mining process.","breadcrumb":{"@id":"https:\/\/geocore.com.tr\/mining-production\/#breadcrumb"},"inLanguage":"tr","potentialAction":[{"@type":"ReadAction","target":["https:\/\/geocore.com.tr\/mining-production\/"]}]},{"@type":"BreadcrumbList","@id":"https:\/\/geocore.com.tr\/mining-production\/#breadcrumb","itemListElement":[{"@type":"ListItem","position":1,"name":"Home","item":"https:\/\/geocore.com.tr\/"},{"@type":"ListItem","position":2,"name":"Mining Production"}]},{"@type":"WebSite","@id":"https:\/\/geocore.com.tr\/#website","url":"https:\/\/geocore.com.tr\/","name":"Geocore Mining Consultancy","description":"","publisher":{"@id":"https:\/\/geocore.com.tr\/#organization"},"potentialAction":[{"@type":"SearchAction","target":{"@type":"EntryPoint","urlTemplate":"https:\/\/geocore.com.tr\/?s={search_term_string}"},"query-input":{"@type":"PropertyValueSpecification","valueRequired":true,"valueName":"search_term_string"}}],"inLanguage":"tr"},{"@type":"Organization","@id":"https:\/\/geocore.com.tr\/#organization","name":"Geocore Mining Consultancy","url":"https:\/\/geocore.com.tr\/","logo":{"@type":"ImageObject","inLanguage":"tr","@id":"https:\/\/geocore.com.tr\/#\/schema\/logo\/image\/","url":"https:\/\/geocore.com.tr\/wp-content\/uploads\/2024\/10\/Logo.svg","contentUrl":"https:\/\/geocore.com.tr\/wp-content\/uploads\/2024\/10\/Logo.svg","width":1,"height":1,"caption":"Geocore Mining Consultancy"},"image":{"@id":"https:\/\/geocore.com.tr\/#\/schema\/logo\/image\/"},"sameAs":["https:\/\/www.linkedin.com\/company\/geocore-mining-consultancy"]}]}},"_links":{"self":[{"href":"https:\/\/geocore.com.tr\/tr\/wp-json\/wp\/v2\/pages\/9593","targetHints":{"allow":["GET"]}}],"collection":[{"href":"https:\/\/geocore.com.tr\/tr\/wp-json\/wp\/v2\/pages"}],"about":[{"href":"https:\/\/geocore.com.tr\/tr\/wp-json\/wp\/v2\/types\/page"}],"author":[{"embeddable":true,"href":"https:\/\/geocore.com.tr\/tr\/wp-json\/wp\/v2\/users\/1"}],"replies":[{"embeddable":true,"href":"https:\/\/geocore.com.tr\/tr\/wp-json\/wp\/v2\/comments?post=9593"}],"version-history":[{"count":6,"href":"https:\/\/geocore.com.tr\/tr\/wp-json\/wp\/v2\/pages\/9593\/revisions"}],"predecessor-version":[{"id":9852,"href":"https:\/\/geocore.com.tr\/tr\/wp-json\/wp\/v2\/pages\/9593\/revisions\/9852"}],"wp:attachment":[{"href":"https:\/\/geocore.com.tr\/tr\/wp-json\/wp\/v2\/media?parent=9593"}],"curies":[{"name":"wp","href":"https:\/\/api.w.org\/{rel}","templated":true}]}}