{"id":9591,"date":"2024-10-23T20:30:21","date_gmt":"2024-10-23T20:30:21","guid":{"rendered":"http:\/\/localhost\/geocore\/?page_id=9591"},"modified":"2024-11-05T18:57:12","modified_gmt":"2024-11-05T18:57:12","slug":"providing-comprehensive-reports-for-informed-investment-decisions","status":"publish","type":"page","link":"https:\/\/geocore.com.tr\/tr\/providing-comprehensive-reports-for-informed-investment-decisions\/","title":{"rendered":"Raporlama ( Kapsaml\u0131 Raporlar Sunmak)"},"content":{"rendered":"<section class=\"vc_row liquid-row-shadowbox-69fb3e66389b9\"><div class=\"ld-container container\"><div class=\"row ld-row ld-row-outer\"><div class=\"wpb_column vc_column_container vc_col-sm-1\/5 liquid-column-69fb3e663906d\"><div class=\"vc_column-inner\" ><div class=\"wpb_wrapper\"  >\n\t<div  class=\"wpb_single_image wpb_content_element vc_align_  liquid_vc_single_image-69fb3e66396ca\">\n\t\t\n\t\t<figure class=\"wpb_wrapper vc_figure\">\n\t\t\t<div class=\"vc_single_image-wrapper\"><img decoding=\"async\" width=\"200\" height=\"100\" src=\"https:\/\/geocore.com.tr\/wp-content\/uploads\/2024\/11\/Artboard-8-100-1.jpg\" class=\"vc_single_image-img attachment-full\" alt=\"Australian Institute of Geoscientists\" title=\"Australian Institute of Geoscientists\" srcset=\"https:\/\/geocore.com.tr\/wp-content\/uploads\/2024\/11\/Artboard-8-100-1.jpg 200w, https:\/\/geocore.com.tr\/wp-content\/uploads\/2024\/11\/Artboard-8-100-1-18x9.jpg 18w\" sizes=\"(max-width: 200px) 100vw, 200px\" itemprop=\"image\" \/><\/div>\n\t\t<\/figure>\n\t<\/div>\n<\/div><\/div><\/div><div class=\"wpb_column vc_column_container vc_col-sm-1\/5 liquid-column-69fb3e6639ac7\"><div class=\"vc_column-inner\" ><div class=\"wpb_wrapper\"  >\n\t<div  class=\"wpb_single_image wpb_content_element vc_align_  liquid_vc_single_image-69fb3e6648091\">\n\t\t\n\t\t<figure class=\"wpb_wrapper vc_figure\">\n\t\t\t<div class=\"vc_single_image-wrapper\"><img decoding=\"async\" width=\"200\" height=\"100\" src=\"data:image\/svg+xml;charset=utf-8,%3Csvg xmlns%3D&#039;http%3A%2F%2Fwww.w3.org%2F2000%2Fsvg&#039; viewBox%3D&#039;0 0 200 100&#039;%2F%3E\" class=\"vc_single_image-img attachment-full ld-lazyload\" alt=\"AusIMM\" title=\"AusIMM\" itemprop=\"image\" data-src=\"https:\/\/geocore.com.tr\/wp-content\/uploads\/2024\/11\/Artboard-9-100.jpg\" data-srcset=\"https:\/\/geocore.com.tr\/wp-content\/uploads\/2024\/11\/Artboard-9-100.jpg 200w, https:\/\/geocore.com.tr\/wp-content\/uploads\/2024\/11\/Artboard-9-100-18x9.jpg 18w\" data-sizes=\"(max-width: 200px) 100vw, 200px\" data-aspect=\"2\" \/><\/div>\n\t\t<\/figure>\n\t<\/div>\n<\/div><\/div><\/div><div class=\"wpb_column vc_column_container vc_col-sm-1\/5 liquid-column-69fb3e6648462\"><div class=\"vc_column-inner\" ><div class=\"wpb_wrapper\"  >\n\t<div  class=\"wpb_single_image wpb_content_element vc_align_  liquid_vc_single_image-69fb3e6655d28\">\n\t\t\n\t\t<figure class=\"wpb_wrapper vc_figure\">\n\t\t\t<div class=\"vc_single_image-wrapper\"><img decoding=\"async\" width=\"200\" height=\"100\" src=\"data:image\/svg+xml;charset=utf-8,%3Csvg xmlns%3D&#039;http%3A%2F%2Fwww.w3.org%2F2000%2Fsvg&#039; viewBox%3D&#039;0 0 200 100&#039;%2F%3E\" class=\"vc_single_image-img attachment-full ld-lazyload\" alt=\"Jorc\" title=\"Jorc\" itemprop=\"image\" data-src=\"https:\/\/geocore.com.tr\/wp-content\/uploads\/2024\/11\/Artboard-10-100.jpg\" data-srcset=\"https:\/\/geocore.com.tr\/wp-content\/uploads\/2024\/11\/Artboard-10-100.jpg 200w, https:\/\/geocore.com.tr\/wp-content\/uploads\/2024\/11\/Artboard-10-100-18x9.jpg 18w\" data-sizes=\"(max-width: 200px) 100vw, 200px\" data-aspect=\"2\" \/><\/div>\n\t\t<\/figure>\n\t<\/div>\n<\/div><\/div><\/div><div class=\"wpb_column vc_column_container vc_col-sm-1\/5 liquid-column-69fb3e665611c\"><div class=\"vc_column-inner\" ><div class=\"wpb_wrapper\"  >\n\t<div  class=\"wpb_single_image wpb_content_element vc_align_  liquid_vc_single_image-69fb3e6663165\">\n\t\t\n\t\t<figure class=\"wpb_wrapper vc_figure\">\n\t\t\t<div class=\"vc_single_image-wrapper\"><img decoding=\"async\" width=\"200\" height=\"100\" src=\"data:image\/svg+xml;charset=utf-8,%3Csvg xmlns%3D&#039;http%3A%2F%2Fwww.w3.org%2F2000%2Fsvg&#039; viewBox%3D&#039;0 0 200 100&#039;%2F%3E\" class=\"vc_single_image-img attachment-full ld-lazyload\" alt=\"Umrek\" title=\"Umrek\" itemprop=\"image\" data-src=\"https:\/\/geocore.com.tr\/wp-content\/uploads\/2024\/11\/Artboard-11-100.jpg\" data-srcset=\"https:\/\/geocore.com.tr\/wp-content\/uploads\/2024\/11\/Artboard-11-100.jpg 200w, https:\/\/geocore.com.tr\/wp-content\/uploads\/2024\/11\/Artboard-11-100-18x9.jpg 18w\" data-sizes=\"(max-width: 200px) 100vw, 200px\" data-aspect=\"2\" \/><\/div>\n\t\t<\/figure>\n\t<\/div>\n<\/div><\/div><\/div><div class=\"wpb_column vc_column_container vc_col-sm-1\/5 liquid-column-69fb3e666351d\"><div class=\"vc_column-inner\" ><div class=\"wpb_wrapper\"  >\n\t<div  class=\"wpb_single_image wpb_content_element vc_align_  liquid_vc_single_image-69fb3e667008e\">\n\t\t\n\t\t<figure class=\"wpb_wrapper vc_figure\">\n\t\t\t<div class=\"vc_single_image-wrapper\"><img decoding=\"async\" width=\"200\" height=\"100\" src=\"data:image\/svg+xml;charset=utf-8,%3Csvg xmlns%3D&#039;http%3A%2F%2Fwww.w3.org%2F2000%2Fsvg&#039; viewBox%3D&#039;0 0 200 100&#039;%2F%3E\" class=\"vc_single_image-img attachment-full ld-lazyload\" alt=\"Yermam\" title=\"Yermam\" itemprop=\"image\" data-src=\"https:\/\/geocore.com.tr\/wp-content\/uploads\/2024\/11\/Artboard-12-100.jpg\" data-srcset=\"https:\/\/geocore.com.tr\/wp-content\/uploads\/2024\/11\/Artboard-12-100.jpg 200w, https:\/\/geocore.com.tr\/wp-content\/uploads\/2024\/11\/Artboard-12-100-18x9.jpg 18w\" data-sizes=\"(max-width: 200px) 100vw, 200px\" data-aspect=\"2\" \/><\/div>\n\t\t<\/figure>\n\t<\/div>\n<\/div><\/div><\/div><\/div><\/div><\/section><section class=\"vc_row vc_custom_1729546567694 liquid-row-shadowbox-69fb3e667041f vc_column-gap-30\"><div class=\"ld-container container\"><div class=\"row ld-row ld-row-outer vc_row-o-equal-height vc_row-o-content-middle vc_row-flex\"><div class=\"wpb_column vc_column_container vc_col-sm-12 vc_col-md-offset-2 vc_col-md-8 text-center liquid-column-69fb3e667092b\"><div class=\"vc_column-inner  vc_custom_1729717783641\" ><div class=\"wpb_wrapper\"  ><style>.ld_fancy_heading_69fb3e6670a90 h3{color:#cea32d;}.ld_fancy_heading_69fb3e6670a90 h3 {font-size:22px; } .ld_fancy_heading_69fb3e6670a90 .lqd-highlight-inner{height:0.275em!important;bottom:0px!important;}.ld_fancy_heading_69fb3e6670a90 h3 {font-size:22px; } <\/style><div class=\"ld-fancy-heading text-left ld_fancy_heading_69fb3e6670a90\">\n\t<h3 class=\"ld-fh-element lqd-highlight-underline lqd-highlight-grow-left text-decoration-default\"   >  G\u00fcvenilir Bilgilerle Destekleyin<\/h3><\/div><style>.ld_fancy_heading_69fb3e6670f46 .lqd-highlight-inner{height:0.275em!important;bottom:0px!important;}<\/style><div class=\"ld-fancy-heading text-left ld_fancy_heading_69fb3e6670f46\">\n\t<p class=\"ld-fh-element lqd-highlight-underline lqd-highlight-grow-left text-decoration-default\"   >  Geocore, yat\u0131r\u0131mc\u0131lara \u015feffaf bilgi sa\u011flamak amac\u0131yla mineral kaynak tahmin raporlar\u0131 sunar.<\/p><\/div><style>.ld_fancy_heading_69fb3e6671108 h3{color:#cea32d;}.ld_fancy_heading_69fb3e6671108 h3 {font-size:22px; } .ld_fancy_heading_69fb3e6671108 .lqd-highlight-inner{height:0.275em!important;bottom:0px!important;}.ld_fancy_heading_69fb3e6671108 h3 {font-size:22px; } <\/style><div class=\"ld-fancy-heading text-left ld_fancy_heading_69fb3e6671108\">\n\t<h3 class=\"ld-fh-element lqd-highlight-underline lqd-highlight-grow-left text-decoration-default\"   >  1. Proje Analizi<\/h3><\/div><style>.ld_fancy_heading_69fb3e66712a5 .lqd-highlight-inner{height:0.275em!important;bottom:0px!important;}<\/style><div class=\"ld-fancy-heading text-left ld_fancy_heading_69fb3e66712a5\">\n\t<p class=\"ld-fh-element lqd-highlight-underline lqd-highlight-grow-left text-decoration-default\"   >  Proje hedeflerini ve pazar potansiyelini de\u011ferlendiriyoruz.<\/p><\/div><style>.ld_fancy_heading_69fb3e6671426 h3{color:#cea32d;}.ld_fancy_heading_69fb3e6671426 h3 {font-size:22px; } .ld_fancy_heading_69fb3e6671426 .lqd-highlight-inner{height:0.275em!important;bottom:0px!important;}.ld_fancy_heading_69fb3e6671426 h3 {font-size:22px; } <\/style><div class=\"ld-fancy-heading text-left ld_fancy_heading_69fb3e6671426\">\n\t<h3 class=\"ld-fh-element lqd-highlight-underline lqd-highlight-grow-left text-decoration-default\"   >  2. Kaynak Tahmini<\/h3><\/div><style>.ld_fancy_heading_69fb3e6671594 .lqd-highlight-inner{height:0.275em!important;bottom:0px!important;}<\/style><div class=\"ld-fancy-heading text-left ld_fancy_heading_69fb3e6671594\">\n\t<p class=\"ld-fh-element lqd-highlight-underline lqd-highlight-grow-left text-decoration-default\"   >  Kaynak tahminlerini uluslararas\u0131 standartlara uygun olarak ger\u00e7ekle\u015ftiriyoruz.<\/p><\/div><style>.ld_fancy_heading_69fb3e6671703 h3{color:#cea32d;}.ld_fancy_heading_69fb3e6671703 h3 {font-size:22px; } .ld_fancy_heading_69fb3e6671703 .lqd-highlight-inner{height:0.275em!important;bottom:0px!important;}.ld_fancy_heading_69fb3e6671703 h3 {font-size:22px; } <\/style><div class=\"ld-fancy-heading text-left ld_fancy_heading_69fb3e6671703\">\n\t<h3 class=\"ld-fh-element lqd-highlight-underline lqd-highlight-grow-left text-decoration-default\"   >  3. De\u011ferleme Raporlar\u0131<\/h3><\/div><style>.ld_fancy_heading_69fb3e667186a .lqd-highlight-inner{height:0.275em!important;bottom:0px!important;}<\/style><div class=\"ld-fancy-heading text-left ld_fancy_heading_69fb3e667186a\">\n\t<p class=\"ld-fh-element lqd-highlight-underline lqd-highlight-grow-left text-decoration-default\"   >  Projelerin ekonomik potansiyelini analiz ediyoruz.<\/p><\/div><style>.ld_fancy_heading_69fb3e66719db h3{color:#cea32d;}.ld_fancy_heading_69fb3e66719db h3 {font-size:22px; } .ld_fancy_heading_69fb3e66719db .lqd-highlight-inner{height:0.275em!important;bottom:0px!important;}.ld_fancy_heading_69fb3e66719db h3 {font-size:22px; } <\/style><div class=\"ld-fancy-heading text-left ld_fancy_heading_69fb3e66719db\">\n\t<h3 class=\"ld-fh-element lqd-highlight-underline lqd-highlight-grow-left text-decoration-default\"   >  4. \u015eeffafl\u0131k ve G\u00fcvenilirlik<\/h3><\/div><style>.ld_fancy_heading_69fb3e6671b3e .lqd-highlight-inner{height:0.275em!important;bottom:0px!important;}<\/style><div class=\"ld-fancy-heading text-left ld_fancy_heading_69fb3e6671b3e\">\n\t<p class=\"ld-fh-element lqd-highlight-underline lqd-highlight-grow-left text-decoration-default\"   >  T\u00fcm bilgileri a\u00e7\u0131k bir \u015fekilde belgeleriz.<\/p><\/div><style>.ld_fancy_heading_69fb3e6671c9c h3{color:#cea32d;}.ld_fancy_heading_69fb3e6671c9c h3 {font-size:22px; } .ld_fancy_heading_69fb3e6671c9c .lqd-highlight-inner{height:0.275em!important;bottom:0px!important;}.ld_fancy_heading_69fb3e6671c9c h3 {font-size:22px; } <\/style><div class=\"ld-fancy-heading text-left ld_fancy_heading_69fb3e6671c9c\">\n\t<h3 class=\"ld-fh-element lqd-highlight-underline lqd-highlight-grow-left text-decoration-default\"   >  5. S\u00fcrekli \u0130zleme ve G\u00fcncellemeler<\/h3><\/div><style>.ld_fancy_heading_69fb3e6671dfd .lqd-highlight-inner{height:0.275em!important;bottom:0px!important;}<\/style><div class=\"ld-fancy-heading text-left ld_fancy_heading_69fb3e6671dfd\">\n\t<p class=\"ld-fh-element lqd-highlight-underline lqd-highlight-grow-left text-decoration-default\"   >  Pazar ko\u015fullar\u0131na g\u00f6re raporlar\u0131m\u0131z\u0131 g\u00fcncelliyoruz.<\/p><\/div><\/div><\/div><\/div><\/div><\/div><\/section>","protected":false},"excerpt":{"rendered":"Support with Reliable Information Geocore provides mineral resource estimation reports to ensure transparent information for investors. 1. Project Analysis We evaluate project goals and market potential. 2. Resource Estimation We conduct mineral resource estimates in compliance with international standards. 3. Valuation Reports We analyze the economic potential of projects. 4. Transparency and Reliability We document [...]","protected":false},"author":1,"featured_media":0,"parent":0,"menu_order":0,"comment_status":"closed","ping_status":"closed","template":"","meta":{"_monsterinsights_skip_tracking":false,"_monsterinsights_sitenote_active":false,"_monsterinsights_sitenote_note":"","_monsterinsights_sitenote_category":0,"footnotes":""},"class_list":["post-9591","page","type-page","status-publish","hentry"],"yoast_head":"<!-- This site is optimized with the Yoast SEO plugin v23.8 - https:\/\/yoast.com\/wordpress\/plugins\/seo\/ -->\n<title>Reporting - Providing reports for informed investments<\/title>\n<meta name=\"description\" content=\"Geocore provides mineral resource estimation reports to ensure transparent information for investors.Project Analysis,Resource Estimation, Valuation Reports, Transparency and Reliability,Continuous Monitoring and Updates\" \/>\n<meta name=\"robots\" content=\"index, follow, max-snippet:-1, max-image-preview:large, max-video-preview:-1\" \/>\n<link rel=\"canonical\" href=\"https:\/\/geocore.com.tr\/tr\/providing-comprehensive-reports-for-informed-investment-decisions\/\" \/>\n<meta property=\"og:locale\" content=\"tr_TR\" \/>\n<meta property=\"og:type\" content=\"article\" \/>\n<meta property=\"og:title\" content=\"Reporting - Providing reports for informed investments\" \/>\n<meta property=\"og:description\" content=\"Geocore provides mineral resource estimation reports to ensure transparent information for investors.Project Analysis,Resource Estimation, Valuation Reports, Transparency and Reliability,Continuous Monitoring and Updates\" \/>\n<meta property=\"og:url\" content=\"https:\/\/geocore.com.tr\/tr\/providing-comprehensive-reports-for-informed-investment-decisions\/\" \/>\n<meta property=\"og:site_name\" content=\"Geocore Mining Consultancy\" \/>\n<meta property=\"article:modified_time\" content=\"2024-11-05T18:57:12+00:00\" \/>\n<meta name=\"twitter:card\" content=\"summary_large_image\" \/>\n<meta name=\"twitter:label1\" content=\"Tahmini okuma s\u00fcresi\" \/>\n\t<meta name=\"twitter:data1\" content=\"1 dakika\" \/>\n<script type=\"application\/ld+json\" class=\"yoast-schema-graph\">{\"@context\":\"https:\/\/schema.org\",\"@graph\":[{\"@type\":\"WebPage\",\"@id\":\"https:\/\/geocore.com.tr\/providing-comprehensive-reports-for-informed-investment-decisions\/\",\"url\":\"https:\/\/geocore.com.tr\/providing-comprehensive-reports-for-informed-investment-decisions\/\",\"name\":\"Reporting - Providing reports for informed investments\",\"isPartOf\":{\"@id\":\"https:\/\/geocore.com.tr\/#website\"},\"datePublished\":\"2024-10-23T20:30:21+00:00\",\"dateModified\":\"2024-11-05T18:57:12+00:00\",\"description\":\"Geocore provides mineral resource estimation reports to ensure transparent information for investors.Project Analysis,Resource Estimation, Valuation Reports, Transparency and Reliability,Continuous Monitoring and Updates\",\"breadcrumb\":{\"@id\":\"https:\/\/geocore.com.tr\/providing-comprehensive-reports-for-informed-investment-decisions\/#breadcrumb\"},\"inLanguage\":\"tr\",\"potentialAction\":[{\"@type\":\"ReadAction\",\"target\":[\"https:\/\/geocore.com.tr\/providing-comprehensive-reports-for-informed-investment-decisions\/\"]}]},{\"@type\":\"BreadcrumbList\",\"@id\":\"https:\/\/geocore.com.tr\/providing-comprehensive-reports-for-informed-investment-decisions\/#breadcrumb\",\"itemListElement\":[{\"@type\":\"ListItem\",\"position\":1,\"name\":\"Home\",\"item\":\"https:\/\/geocore.com.tr\/\"},{\"@type\":\"ListItem\",\"position\":2,\"name\":\"Reporting\"}]},{\"@type\":\"WebSite\",\"@id\":\"https:\/\/geocore.com.tr\/#website\",\"url\":\"https:\/\/geocore.com.tr\/\",\"name\":\"Geocore Mining Consultancy\",\"description\":\"\",\"publisher\":{\"@id\":\"https:\/\/geocore.com.tr\/#organization\"},\"potentialAction\":[{\"@type\":\"SearchAction\",\"target\":{\"@type\":\"EntryPoint\",\"urlTemplate\":\"https:\/\/geocore.com.tr\/?s={search_term_string}\"},\"query-input\":{\"@type\":\"PropertyValueSpecification\",\"valueRequired\":true,\"valueName\":\"search_term_string\"}}],\"inLanguage\":\"tr\"},{\"@type\":\"Organization\",\"@id\":\"https:\/\/geocore.com.tr\/#organization\",\"name\":\"Geocore Mining Consultancy\",\"url\":\"https:\/\/geocore.com.tr\/\",\"logo\":{\"@type\":\"ImageObject\",\"inLanguage\":\"tr\",\"@id\":\"https:\/\/geocore.com.tr\/#\/schema\/logo\/image\/\",\"url\":\"https:\/\/geocore.com.tr\/wp-content\/uploads\/2024\/10\/Logo.svg\",\"contentUrl\":\"https:\/\/geocore.com.tr\/wp-content\/uploads\/2024\/10\/Logo.svg\",\"width\":1,\"height\":1,\"caption\":\"Geocore Mining Consultancy\"},\"image\":{\"@id\":\"https:\/\/geocore.com.tr\/#\/schema\/logo\/image\/\"},\"sameAs\":[\"https:\/\/www.linkedin.com\/company\/geocore-mining-consultancy\"]}]}<\/script>\n<!-- \/ Yoast SEO plugin. -->","yoast_head_json":{"title":"Reporting - Providing reports for informed investments","description":"Geocore provides mineral resource estimation reports to ensure transparent information for investors.Project Analysis,Resource Estimation, Valuation Reports, Transparency and Reliability,Continuous Monitoring and Updates","robots":{"index":"index","follow":"follow","max-snippet":"max-snippet:-1","max-image-preview":"max-image-preview:large","max-video-preview":"max-video-preview:-1"},"canonical":"https:\/\/geocore.com.tr\/tr\/providing-comprehensive-reports-for-informed-investment-decisions\/","og_locale":"tr_TR","og_type":"article","og_title":"Reporting - Providing reports for informed investments","og_description":"Geocore provides mineral resource estimation reports to ensure transparent information for investors.Project Analysis,Resource Estimation, Valuation Reports, Transparency and Reliability,Continuous Monitoring and Updates","og_url":"https:\/\/geocore.com.tr\/tr\/providing-comprehensive-reports-for-informed-investment-decisions\/","og_site_name":"Geocore Mining Consultancy","article_modified_time":"2024-11-05T18:57:12+00:00","twitter_card":"summary_large_image","twitter_misc":{"Tahmini okuma s\u00fcresi":"1 dakika"},"schema":{"@context":"https:\/\/schema.org","@graph":[{"@type":"WebPage","@id":"https:\/\/geocore.com.tr\/providing-comprehensive-reports-for-informed-investment-decisions\/","url":"https:\/\/geocore.com.tr\/providing-comprehensive-reports-for-informed-investment-decisions\/","name":"Reporting - Providing reports for informed investments","isPartOf":{"@id":"https:\/\/geocore.com.tr\/#website"},"datePublished":"2024-10-23T20:30:21+00:00","dateModified":"2024-11-05T18:57:12+00:00","description":"Geocore provides mineral resource estimation reports to ensure transparent information for investors.Project Analysis,Resource Estimation, Valuation Reports, Transparency and Reliability,Continuous Monitoring and Updates","breadcrumb":{"@id":"https:\/\/geocore.com.tr\/providing-comprehensive-reports-for-informed-investment-decisions\/#breadcrumb"},"inLanguage":"tr","potentialAction":[{"@type":"ReadAction","target":["https:\/\/geocore.com.tr\/providing-comprehensive-reports-for-informed-investment-decisions\/"]}]},{"@type":"BreadcrumbList","@id":"https:\/\/geocore.com.tr\/providing-comprehensive-reports-for-informed-investment-decisions\/#breadcrumb","itemListElement":[{"@type":"ListItem","position":1,"name":"Home","item":"https:\/\/geocore.com.tr\/"},{"@type":"ListItem","position":2,"name":"Reporting"}]},{"@type":"WebSite","@id":"https:\/\/geocore.com.tr\/#website","url":"https:\/\/geocore.com.tr\/","name":"Geocore Mining Consultancy","description":"","publisher":{"@id":"https:\/\/geocore.com.tr\/#organization"},"potentialAction":[{"@type":"SearchAction","target":{"@type":"EntryPoint","urlTemplate":"https:\/\/geocore.com.tr\/?s={search_term_string}"},"query-input":{"@type":"PropertyValueSpecification","valueRequired":true,"valueName":"search_term_string"}}],"inLanguage":"tr"},{"@type":"Organization","@id":"https:\/\/geocore.com.tr\/#organization","name":"Geocore Mining Consultancy","url":"https:\/\/geocore.com.tr\/","logo":{"@type":"ImageObject","inLanguage":"tr","@id":"https:\/\/geocore.com.tr\/#\/schema\/logo\/image\/","url":"https:\/\/geocore.com.tr\/wp-content\/uploads\/2024\/10\/Logo.svg","contentUrl":"https:\/\/geocore.com.tr\/wp-content\/uploads\/2024\/10\/Logo.svg","width":1,"height":1,"caption":"Geocore Mining Consultancy"},"image":{"@id":"https:\/\/geocore.com.tr\/#\/schema\/logo\/image\/"},"sameAs":["https:\/\/www.linkedin.com\/company\/geocore-mining-consultancy"]}]}},"_links":{"self":[{"href":"https:\/\/geocore.com.tr\/tr\/wp-json\/wp\/v2\/pages\/9591","targetHints":{"allow":["GET"]}}],"collection":[{"href":"https:\/\/geocore.com.tr\/tr\/wp-json\/wp\/v2\/pages"}],"about":[{"href":"https:\/\/geocore.com.tr\/tr\/wp-json\/wp\/v2\/types\/page"}],"author":[{"embeddable":true,"href":"https:\/\/geocore.com.tr\/tr\/wp-json\/wp\/v2\/users\/1"}],"replies":[{"embeddable":true,"href":"https:\/\/geocore.com.tr\/tr\/wp-json\/wp\/v2\/comments?post=9591"}],"version-history":[{"count":8,"href":"https:\/\/geocore.com.tr\/tr\/wp-json\/wp\/v2\/pages\/9591\/revisions"}],"predecessor-version":[{"id":9851,"href":"https:\/\/geocore.com.tr\/tr\/wp-json\/wp\/v2\/pages\/9591\/revisions\/9851"}],"wp:attachment":[{"href":"https:\/\/geocore.com.tr\/tr\/wp-json\/wp\/v2\/media?parent=9591"}],"curies":[{"name":"wp","href":"https:\/\/api.w.org\/{rel}","templated":true}]}}