{"id":9588,"date":"2024-10-23T20:29:46","date_gmt":"2024-10-23T20:29:46","guid":{"rendered":"http:\/\/localhost\/geocore\/?page_id=9588"},"modified":"2024-11-05T18:46:13","modified_gmt":"2024-11-05T18:46:13","slug":"geological-resource-management","status":"publish","type":"page","link":"https:\/\/geocore.com.tr\/tr\/geological-resource-management\/","title":{"rendered":"Jeoloji &amp; Kaynak Y\u00f6netimi"},"content":{"rendered":"<section class=\"vc_row vc_custom_1729546567694 liquid-row-shadowbox-69fb3dd8767aa vc_column-gap-30\"><div class=\"ld-container container\"><div class=\"row ld-row ld-row-outer vc_row-o-equal-height vc_row-o-content-middle vc_row-flex\"><div class=\"wpb_column vc_column_container vc_col-sm-12 vc_col-md-offset-2 vc_col-md-8 text-center liquid-column-69fb3dd876da2\"><div class=\"vc_column-inner  vc_custom_1576240186399\" ><div class=\"wpb_wrapper\"  ><style>.ld_fancy_heading_69fb3dd876eb2 p {font-size:22px; } .ld_fancy_heading_69fb3dd876eb2 .lqd-highlight-inner{height:0.275em!important;bottom:0px!important;}.ld_fancy_heading_69fb3dd876eb2 p {font-size:22px; } <\/style><div class=\"ld-fancy-heading text-left ld_fancy_heading_69fb3dd876eb2\">\n\t<p class=\"ld-fh-element lqd-highlight-underline lqd-highlight-grow-left text-decoration-default\"   >  <\/p>\n<h5>Projelerinizin ba\u015far\u0131s\u0131n\u0131, geli\u015fmi\u015f veri y\u00f6netim sistemlerinden jeolojik modelleme ve kaynak tahminine kadar kapsayan jeolojik ve kaynak y\u00f6netimi hizmetlerimizle sa\u011fl\u0131yoruz. A\u015fa\u011f\u0131da sundu\u011fumuz jeolojik ve kaynak y\u00f6netimi hizmetlerinin detaylar\u0131 bulunmaktad\u0131r.<\/h5>\n<p><\/p><\/div><style>.ld_fancy_heading_69fb3dd877185 h3{color:rgb(0, 0, 0);}.ld_fancy_heading_69fb3dd877185 h3 {font-size:22px; } .ld_fancy_heading_69fb3dd877185 .lqd-highlight-inner{height:0.275em!important;bottom:0px!important;}.ld_fancy_heading_69fb3dd877185 h3 {font-size:22px; } <\/style><div class=\"ld-fancy-heading text-left ld_fancy_heading_69fb3dd877185\">\n\t<h3 class=\"ld-fh-element lqd-highlight-underline lqd-highlight-grow-left text-decoration-default\"   >  1. Jeolojik Veri Y\u00f6netimi<\/h3><\/div><style>.ld_fancy_heading_69fb3dd87730f h3{color:#cea32d;}.ld_fancy_heading_69fb3dd87730f h3 {font-size:22px; } .ld_fancy_heading_69fb3dd87730f .lqd-highlight-inner{height:0.275em!important;bottom:0px!important;}.ld_fancy_heading_69fb3dd87730f h3 {font-size:22px; } <\/style><div class=\"ld-fancy-heading text-left ld_fancy_heading_69fb3dd87730f\">\n\t<h3 class=\"ld-fh-element lqd-highlight-underline lqd-highlight-grow-left text-decoration-default\"   >  Kapsaml\u0131 Jeolojik Veri Y\u00f6netimi:<\/h3><\/div><style>.ld_fancy_heading_69fb3dd87747e .lqd-highlight-inner{height:0.275em!important;bottom:0px!important;}<\/style><div class=\"ld-fancy-heading text-left ld_fancy_heading_69fb3dd87747e\">\n\t<p class=\"ld-fh-element lqd-highlight-underline lqd-highlight-grow-left text-decoration-default\"   >  Do\u011fru veri y\u00f6netimi, ba\u015far\u0131l\u0131 bir madencilik projesinin temel ta\u015f\u0131d\u0131r. Merkezi jeolojik veritabanlar\u0131m\u0131z, ke\u015fif, sondaj ve \u00fcretim verilerinin t\u00fcm\u00fcn\u00fc entegre ederek projeleriniz boyunca bilin\u00e7li kararlar alman\u0131z\u0131 sa\u011flar. Bu, verilerin g\u00fcvenli bir \u015fekilde saklanmas\u0131n\u0131 ve analiz edilmesini, her a\u015famada g\u00fcvenilir ve g\u00fcncel bilgiler sunulmas\u0131n\u0131 sa\u011flar.<\/p><\/div><style>.ld_fancy_heading_69fb3dd8775da h3{color:rgb(0, 0, 0);}.ld_fancy_heading_69fb3dd8775da h3 {font-size:22px; } .ld_fancy_heading_69fb3dd8775da .lqd-highlight-inner{height:0.275em!important;bottom:0px!important;}.ld_fancy_heading_69fb3dd8775da h3 {font-size:22px; } <\/style><div class=\"ld-fancy-heading text-left ld_fancy_heading_69fb3dd8775da\">\n\t<h3 class=\"ld-fh-element lqd-highlight-underline lqd-highlight-grow-left text-decoration-default\"   >  2. 3D Jeolojik Modelleme ve Kaynak Tahmini<\/h3><\/div><style>.ld_fancy_heading_69fb3dd877729 h3{color:#cea32d;}.ld_fancy_heading_69fb3dd877729 h3 {font-size:22px; } .ld_fancy_heading_69fb3dd877729 .lqd-highlight-inner{height:0.275em!important;bottom:0px!important;}.ld_fancy_heading_69fb3dd877729 h3 {font-size:22px; } <\/style><div class=\"ld-fancy-heading text-left ld_fancy_heading_69fb3dd877729\">\n\t<h3 class=\"ld-fh-element lqd-highlight-underline lqd-highlight-grow-left text-decoration-default\"   >  \u0130leri D\u00fczey 3D Modelleme \u00c7\u00f6z\u00fcmleri:<\/h3><\/div><style>.ld_fancy_heading_69fb3dd877879 .lqd-highlight-inner{height:0.275em!important;bottom:0px!important;}<\/style><div class=\"ld-fancy-heading text-left ld_fancy_heading_69fb3dd877879\">\n\t<p class=\"ld-fh-element lqd-highlight-underline lqd-highlight-grow-left text-decoration-default\"   >  Yeralt\u0131 yap\u0131lar\u0131 ve mineral yataklar\u0131n\u0131 do\u011fru anlamak i\u00e7in geli\u015fmi\u015f 3D modelleme tekniklerini kullan\u0131yoruz. Bu modeller, kaynak tahminlerinin do\u011frulu\u011funu art\u0131r\u0131rken madencilik planlamas\u0131 ve ke\u015fif \u00e7al\u0131\u015fmalar\u0131na da rehberlik eder. Datamine ve Leapfrog gibi yaz\u0131l\u0131mlarla yeralt\u0131 jeolojisini detayl\u0131 olarak sim\u00fcle ediyoruz.<\/p><\/div><style>.ld_fancy_heading_69fb3dd8779c3 h3{color:rgb(0, 0, 0);}.ld_fancy_heading_69fb3dd8779c3 h3 {font-size:22px; } .ld_fancy_heading_69fb3dd8779c3 .lqd-highlight-inner{height:0.275em!important;bottom:0px!important;}.ld_fancy_heading_69fb3dd8779c3 h3 {font-size:22px; } <\/style><div class=\"ld-fancy-heading text-left ld_fancy_heading_69fb3dd8779c3\">\n\t<h3 class=\"ld-fh-element lqd-highlight-underline lqd-highlight-grow-left text-decoration-default\"   >  3. Kalite G\u00fcvence ve Kontrol (QA\/QC)<\/h3><\/div><style>.ld_fancy_heading_69fb3dd877b05 h3{color:#cea32d;}.ld_fancy_heading_69fb3dd877b05 h3 {font-size:22px; } .ld_fancy_heading_69fb3dd877b05 .lqd-highlight-inner{height:0.275em!important;bottom:0px!important;}.ld_fancy_heading_69fb3dd877b05 h3 {font-size:22px; } <\/style><div class=\"ld-fancy-heading text-left ld_fancy_heading_69fb3dd877b05\">\n\t<h3 class=\"ld-fh-element lqd-highlight-underline lqd-highlight-grow-left text-decoration-default\"   >  Veri Do\u011frulu\u011funu Sa\u011flama:<\/h3><\/div><style>.ld_fancy_heading_69fb3dd877c46 .lqd-highlight-inner{height:0.275em!important;bottom:0px!important;}<\/style><div class=\"ld-fancy-heading text-left ld_fancy_heading_69fb3dd877c46\">\n\t<p class=\"ld-fh-element lqd-highlight-underline lqd-highlight-grow-left text-decoration-default\"   >  Jeolojik verilerinizin g\u00fcvenilir, tutarl\u0131 ve uluslararas\u0131 standartlara uygun olmas\u0131n\u0131 sa\u011flamak i\u00e7in s\u0131k\u0131 QA\/QC protokolleri uygular\u0131z. Bu protokoller, kaynak tahmini ve raporlama s\u00fcre\u00e7lerine g\u00fcven sa\u011flar. QA\/QC prosed\u00fcrlerimiz, verilerinizde en y\u00fcksek d\u00fczeyde do\u011fruluk ve tutarl\u0131l\u0131\u011f\u0131 garanti eder.<\/p><\/div><style>.ld_fancy_heading_69fb3dd877dad h3{color:rgb(0, 0, 0);}.ld_fancy_heading_69fb3dd877dad h3 {font-size:22px; } .ld_fancy_heading_69fb3dd877dad .lqd-highlight-inner{height:0.275em!important;bottom:0px!important;}.ld_fancy_heading_69fb3dd877dad h3 {font-size:22px; } <\/style><div class=\"ld-fancy-heading text-left ld_fancy_heading_69fb3dd877dad\">\n\t<h3 class=\"ld-fh-element lqd-highlight-underline lqd-highlight-grow-left text-decoration-default\"   >  4. Jeoistatistiksel Analiz ve Yorumlama<\/h3><\/div><style>.ld_fancy_heading_69fb3dd877ef6 h3{color:#cea32d;}.ld_fancy_heading_69fb3dd877ef6 h3 {font-size:22px; } .ld_fancy_heading_69fb3dd877ef6 .lqd-highlight-inner{height:0.275em!important;bottom:0px!important;}.ld_fancy_heading_69fb3dd877ef6 h3 {font-size:22px; } <\/style><div class=\"ld-fancy-heading text-left ld_fancy_heading_69fb3dd877ef6\">\n\t<h3 class=\"ld-fh-element lqd-highlight-underline lqd-highlight-grow-left text-decoration-default\"   >  Veri Odakl\u0131 Karar Verme:<\/h3><\/div><style>.ld_fancy_heading_69fb3dd87803f .lqd-highlight-inner{height:0.275em!important;bottom:0px!important;}<\/style><div class=\"ld-fancy-heading text-left ld_fancy_heading_69fb3dd87803f\">\n\t<p class=\"ld-fh-element lqd-highlight-underline lqd-highlight-grow-left text-decoration-default\"   >  Jeoistatistiksel analizleri kullanarak, mekansal verileri de\u011ferlendirir ve mineral da\u011f\u0131l\u0131m\u0131n\u0131 tahmin ederiz. Bu teknikler, ke\u015fif projelerindeki riskleri en aza indirir ve en do\u011fru sonu\u00e7lar\u0131 sa\u011flar. Bu veri odakl\u0131 yakla\u015f\u0131m, projenizin her a\u015famas\u0131nda g\u00fcvenilir sonu\u00e7lar sunar.<\/p><\/div><style>.ld_fancy_heading_69fb3dd878170 h3{color:rgb(0, 0, 0);}.ld_fancy_heading_69fb3dd878170 h3 {font-size:22px; } .ld_fancy_heading_69fb3dd878170 .lqd-highlight-inner{height:0.275em!important;bottom:0px!important;}.ld_fancy_heading_69fb3dd878170 h3 {font-size:22px; } <\/style><div class=\"ld-fancy-heading text-left ld_fancy_heading_69fb3dd878170\">\n\t<h3 class=\"ld-fh-element lqd-highlight-underline lqd-highlight-grow-left text-decoration-default\"   >  5. Kaynak Tahmini ve Raporlama<\/h3><\/div><style>.ld_fancy_heading_69fb3dd8782b4 h3{color:#cea32d;}.ld_fancy_heading_69fb3dd8782b4 h3 {font-size:22px; } .ld_fancy_heading_69fb3dd8782b4 .lqd-highlight-inner{height:0.275em!important;bottom:0px!important;}.ld_fancy_heading_69fb3dd8782b4 h3 {font-size:22px; } <\/style><div class=\"ld-fancy-heading text-left ld_fancy_heading_69fb3dd8782b4\">\n\t<h3 class=\"ld-fh-element lqd-highlight-underline lqd-highlight-grow-left text-decoration-default\"   >  Global Standartlarda Kaynak Raporlama:<\/h3><\/div><style>.ld_fancy_heading_69fb3dd8783e6 .lqd-highlight-inner{height:0.275em!important;bottom:0px!important;}<\/style><div class=\"ld-fancy-heading text-left ld_fancy_heading_69fb3dd8783e6\">\n\t<p class=\"ld-fh-element lqd-highlight-underline lqd-highlight-grow-left text-decoration-default\"   >  Kaynak tahminlerini ve raporlar\u0131n\u0131, JORC ve NI 43-101 gibi d\u00fcnya \u00e7ap\u0131nda kabul g\u00f6ren standartlara uygun olarak haz\u0131rlar\u0131z. \u015eeffaf, do\u011fru ve detayl\u0131 raporlar\u0131m\u0131z, yat\u0131r\u0131mc\u0131lara projeye g\u00fcven duymalar\u0131 i\u00e7in gereken bilgileri sunar. Bu raporlar, projenizin teknik ve ekonomik potansiyelini tam anlam\u0131yla ortaya koyar.<\/p><\/div><style>.ld_fancy_heading_69fb3dd878528 h3{color:rgb(0, 0, 0);}.ld_fancy_heading_69fb3dd878528 h3 {font-size:22px; } .ld_fancy_heading_69fb3dd878528 .lqd-highlight-inner{height:0.275em!important;bottom:0px!important;}.ld_fancy_heading_69fb3dd878528 h3 {font-size:22px; } <\/style><div class=\"ld-fancy-heading text-left ld_fancy_heading_69fb3dd878528\">\n\t<h3 class=\"ld-fh-element lqd-highlight-underline lqd-highlight-grow-left text-decoration-default\"   >  6. Hedefe Y\u00f6nelik Sondaj Program\u0131<\/h3><\/div><style>.ld_fancy_heading_69fb3dd878670 h3{color:#cea32d;}.ld_fancy_heading_69fb3dd878670 h3 {font-size:22px; } .ld_fancy_heading_69fb3dd878670 .lqd-highlight-inner{height:0.275em!important;bottom:0px!important;}.ld_fancy_heading_69fb3dd878670 h3 {font-size:22px; } <\/style><div class=\"ld-fancy-heading text-left ld_fancy_heading_69fb3dd878670\">\n\t<h3 class=\"ld-fh-element lqd-highlight-underline lqd-highlight-grow-left text-decoration-default\"   >  Tasar\u0131m\u0131 Veri Odakl\u0131 Sondaj \u00c7\u00f6z\u00fcmleri:<\/h3><\/div><style>.ld_fancy_heading_69fb3dd8787bd .lqd-highlight-inner{height:0.275em!important;bottom:0px!important;}<\/style><div class=\"ld-fancy-heading text-left ld_fancy_heading_69fb3dd8787bd\">\n\t<p class=\"ld-fh-element lqd-highlight-underline lqd-highlight-grow-left text-decoration-default\"   >  Sondaj programlar\u0131n\u0131, jeolojik modelleme ve jeoistatistiksel analizlere dayanarak tasarl\u0131yoruz. Bu programlar, kaynak ke\u015ffetme \u015fans\u0131n\u0131 en \u00fcst d\u00fczeye \u00e7\u0131kar\u0131rken maliyetleri optimize eder. Bu stratejileri uygulayarak sondaj operasyonlar\u0131n\u0131zda en etkili sonu\u00e7lar\u0131 elde etmenizi sa\u011fl\u0131yoruz.<\/p><\/div><\/div><\/div><\/div><\/div><\/div><\/section>","protected":false},"excerpt":{"rendered":"We ensure the success of your projects through our geological and resource management services, covering every aspect from advanced data management systems to geological modeling and resource estimation. Below are the detailed services we offer in geological and resource management. 1. Geological Data Management Comprehensive Geological Data Management: Accurate data management is the cornerstone of [...]","protected":false},"author":1,"featured_media":0,"parent":0,"menu_order":0,"comment_status":"closed","ping_status":"closed","template":"","meta":{"_monsterinsights_skip_tracking":false,"_monsterinsights_sitenote_active":false,"_monsterinsights_sitenote_note":"","_monsterinsights_sitenote_category":0,"footnotes":""},"class_list":["post-9588","page","type-page","status-publish","hentry"],"yoast_head":"<!-- This site is optimized with the Yoast SEO plugin v23.8 - https:\/\/yoast.com\/wordpress\/plugins\/seo\/ -->\n<title>Geological &amp; Resource Management - Geocore Mining Consultancy<\/title>\n<meta name=\"description\" content=\"We ensure the success of your projects through our geological and resource management services, covering every aspect from advanced data management systems to geological modeling and resource estimation. Below are the detailed services we offer in geological and resource management.\" \/>\n<meta name=\"robots\" content=\"index, follow, max-snippet:-1, max-image-preview:large, max-video-preview:-1\" \/>\n<link rel=\"canonical\" href=\"https:\/\/geocore.com.tr\/tr\/geological-resource-management\/\" \/>\n<meta property=\"og:locale\" content=\"tr_TR\" \/>\n<meta property=\"og:type\" content=\"article\" \/>\n<meta property=\"og:title\" content=\"Geological &amp; Resource Management - Geocore Mining Consultancy\" \/>\n<meta property=\"og:description\" content=\"We ensure the success of your projects through our geological and resource management services, covering every aspect from advanced data management systems to geological modeling and resource estimation. Below are the detailed services we offer in geological and resource management.\" \/>\n<meta property=\"og:url\" content=\"https:\/\/geocore.com.tr\/tr\/geological-resource-management\/\" \/>\n<meta property=\"og:site_name\" content=\"Geocore Mining Consultancy\" \/>\n<meta property=\"article:modified_time\" content=\"2024-11-05T18:46:13+00:00\" \/>\n<meta name=\"twitter:card\" content=\"summary_large_image\" \/>\n<meta name=\"twitter:label1\" content=\"Tahmini okuma s\u00fcresi\" \/>\n\t<meta name=\"twitter:data1\" content=\"2 dakika\" \/>\n<script type=\"application\/ld+json\" class=\"yoast-schema-graph\">{\"@context\":\"https:\/\/schema.org\",\"@graph\":[{\"@type\":\"WebPage\",\"@id\":\"https:\/\/geocore.com.tr\/geological-resource-management\/\",\"url\":\"https:\/\/geocore.com.tr\/geological-resource-management\/\",\"name\":\"Geological & Resource Management - Geocore Mining Consultancy\",\"isPartOf\":{\"@id\":\"https:\/\/geocore.com.tr\/#website\"},\"datePublished\":\"2024-10-23T20:29:46+00:00\",\"dateModified\":\"2024-11-05T18:46:13+00:00\",\"description\":\"We ensure the success of your projects through our geological and resource management services, covering every aspect from advanced data management systems to geological modeling and resource estimation. Below are the detailed services we offer in geological and resource management.\",\"breadcrumb\":{\"@id\":\"https:\/\/geocore.com.tr\/geological-resource-management\/#breadcrumb\"},\"inLanguage\":\"tr\",\"potentialAction\":[{\"@type\":\"ReadAction\",\"target\":[\"https:\/\/geocore.com.tr\/geological-resource-management\/\"]}]},{\"@type\":\"BreadcrumbList\",\"@id\":\"https:\/\/geocore.com.tr\/geological-resource-management\/#breadcrumb\",\"itemListElement\":[{\"@type\":\"ListItem\",\"position\":1,\"name\":\"Home\",\"item\":\"https:\/\/geocore.com.tr\/\"},{\"@type\":\"ListItem\",\"position\":2,\"name\":\"Geological &#038; Resource Management\"}]},{\"@type\":\"WebSite\",\"@id\":\"https:\/\/geocore.com.tr\/#website\",\"url\":\"https:\/\/geocore.com.tr\/\",\"name\":\"Geocore Mining Consultancy\",\"description\":\"\",\"publisher\":{\"@id\":\"https:\/\/geocore.com.tr\/#organization\"},\"potentialAction\":[{\"@type\":\"SearchAction\",\"target\":{\"@type\":\"EntryPoint\",\"urlTemplate\":\"https:\/\/geocore.com.tr\/?s={search_term_string}\"},\"query-input\":{\"@type\":\"PropertyValueSpecification\",\"valueRequired\":true,\"valueName\":\"search_term_string\"}}],\"inLanguage\":\"tr\"},{\"@type\":\"Organization\",\"@id\":\"https:\/\/geocore.com.tr\/#organization\",\"name\":\"Geocore Mining Consultancy\",\"url\":\"https:\/\/geocore.com.tr\/\",\"logo\":{\"@type\":\"ImageObject\",\"inLanguage\":\"tr\",\"@id\":\"https:\/\/geocore.com.tr\/#\/schema\/logo\/image\/\",\"url\":\"https:\/\/geocore.com.tr\/wp-content\/uploads\/2024\/10\/Logo.svg\",\"contentUrl\":\"https:\/\/geocore.com.tr\/wp-content\/uploads\/2024\/10\/Logo.svg\",\"width\":1,\"height\":1,\"caption\":\"Geocore Mining Consultancy\"},\"image\":{\"@id\":\"https:\/\/geocore.com.tr\/#\/schema\/logo\/image\/\"},\"sameAs\":[\"https:\/\/www.linkedin.com\/company\/geocore-mining-consultancy\"]}]}<\/script>\n<!-- \/ Yoast SEO plugin. -->","yoast_head_json":{"title":"Geological & Resource Management - Geocore Mining Consultancy","description":"We ensure the success of your projects through our geological and resource management services, covering every aspect from advanced data management systems to geological modeling and resource estimation. Below are the detailed services we offer in geological and resource management.","robots":{"index":"index","follow":"follow","max-snippet":"max-snippet:-1","max-image-preview":"max-image-preview:large","max-video-preview":"max-video-preview:-1"},"canonical":"https:\/\/geocore.com.tr\/tr\/geological-resource-management\/","og_locale":"tr_TR","og_type":"article","og_title":"Geological & Resource Management - Geocore Mining Consultancy","og_description":"We ensure the success of your projects through our geological and resource management services, covering every aspect from advanced data management systems to geological modeling and resource estimation. Below are the detailed services we offer in geological and resource management.","og_url":"https:\/\/geocore.com.tr\/tr\/geological-resource-management\/","og_site_name":"Geocore Mining Consultancy","article_modified_time":"2024-11-05T18:46:13+00:00","twitter_card":"summary_large_image","twitter_misc":{"Tahmini okuma s\u00fcresi":"2 dakika"},"schema":{"@context":"https:\/\/schema.org","@graph":[{"@type":"WebPage","@id":"https:\/\/geocore.com.tr\/geological-resource-management\/","url":"https:\/\/geocore.com.tr\/geological-resource-management\/","name":"Geological & Resource Management - Geocore Mining Consultancy","isPartOf":{"@id":"https:\/\/geocore.com.tr\/#website"},"datePublished":"2024-10-23T20:29:46+00:00","dateModified":"2024-11-05T18:46:13+00:00","description":"We ensure the success of your projects through our geological and resource management services, covering every aspect from advanced data management systems to geological modeling and resource estimation. Below are the detailed services we offer in geological and resource management.","breadcrumb":{"@id":"https:\/\/geocore.com.tr\/geological-resource-management\/#breadcrumb"},"inLanguage":"tr","potentialAction":[{"@type":"ReadAction","target":["https:\/\/geocore.com.tr\/geological-resource-management\/"]}]},{"@type":"BreadcrumbList","@id":"https:\/\/geocore.com.tr\/geological-resource-management\/#breadcrumb","itemListElement":[{"@type":"ListItem","position":1,"name":"Home","item":"https:\/\/geocore.com.tr\/"},{"@type":"ListItem","position":2,"name":"Geological &#038; Resource Management"}]},{"@type":"WebSite","@id":"https:\/\/geocore.com.tr\/#website","url":"https:\/\/geocore.com.tr\/","name":"Geocore Mining Consultancy","description":"","publisher":{"@id":"https:\/\/geocore.com.tr\/#organization"},"potentialAction":[{"@type":"SearchAction","target":{"@type":"EntryPoint","urlTemplate":"https:\/\/geocore.com.tr\/?s={search_term_string}"},"query-input":{"@type":"PropertyValueSpecification","valueRequired":true,"valueName":"search_term_string"}}],"inLanguage":"tr"},{"@type":"Organization","@id":"https:\/\/geocore.com.tr\/#organization","name":"Geocore Mining Consultancy","url":"https:\/\/geocore.com.tr\/","logo":{"@type":"ImageObject","inLanguage":"tr","@id":"https:\/\/geocore.com.tr\/#\/schema\/logo\/image\/","url":"https:\/\/geocore.com.tr\/wp-content\/uploads\/2024\/10\/Logo.svg","contentUrl":"https:\/\/geocore.com.tr\/wp-content\/uploads\/2024\/10\/Logo.svg","width":1,"height":1,"caption":"Geocore Mining Consultancy"},"image":{"@id":"https:\/\/geocore.com.tr\/#\/schema\/logo\/image\/"},"sameAs":["https:\/\/www.linkedin.com\/company\/geocore-mining-consultancy"]}]}},"_links":{"self":[{"href":"https:\/\/geocore.com.tr\/tr\/wp-json\/wp\/v2\/pages\/9588","targetHints":{"allow":["GET"]}}],"collection":[{"href":"https:\/\/geocore.com.tr\/tr\/wp-json\/wp\/v2\/pages"}],"about":[{"href":"https:\/\/geocore.com.tr\/tr\/wp-json\/wp\/v2\/types\/page"}],"author":[{"embeddable":true,"href":"https:\/\/geocore.com.tr\/tr\/wp-json\/wp\/v2\/users\/1"}],"replies":[{"embeddable":true,"href":"https:\/\/geocore.com.tr\/tr\/wp-json\/wp\/v2\/comments?post=9588"}],"version-history":[{"count":4,"href":"https:\/\/geocore.com.tr\/tr\/wp-json\/wp\/v2\/pages\/9588\/revisions"}],"predecessor-version":[{"id":9620,"href":"https:\/\/geocore.com.tr\/tr\/wp-json\/wp\/v2\/pages\/9588\/revisions\/9620"}],"wp:attachment":[{"href":"https:\/\/geocore.com.tr\/tr\/wp-json\/wp\/v2\/media?parent=9588"}],"curies":[{"name":"wp","href":"https:\/\/api.w.org\/{rel}","templated":true}]}}