{"id":9586,"date":"2024-10-23T20:30:15","date_gmt":"2024-10-23T20:30:15","guid":{"rendered":"http:\/\/localhost\/geocore\/?page_id=9586"},"modified":"2024-11-05T18:49:17","modified_gmt":"2024-11-05T18:49:17","slug":"project-review-evaluation-due-diligence","status":"publish","type":"page","link":"https:\/\/geocore.com.tr\/tr\/project-review-evaluation-due-diligence\/","title":{"rendered":"Proje \u0130nceleme, De\u011ferlendirme &amp; Durum Tespiti"},"content":{"rendered":"<section class=\"vc_row vc_custom_1729546567694 liquid-row-shadowbox-69fb3dc60febc vc_column-gap-30\"><div class=\"ld-container container\"><div class=\"row ld-row ld-row-outer vc_row-o-equal-height vc_row-o-content-middle vc_row-flex\"><div class=\"wpb_column vc_column_container vc_col-sm-12 vc_col-md-offset-2 vc_col-md-8 text-center liquid-column-69fb3dc610460\"><div class=\"vc_column-inner  vc_custom_1729717411589\" ><div class=\"wpb_wrapper\"  ><style>.ld_fancy_heading_69fb3dc6105a5 h3{color:#cea32d;}.ld_fancy_heading_69fb3dc6105a5 h3 {font-size:22px; } .ld_fancy_heading_69fb3dc6105a5 .lqd-highlight-inner{height:0.275em!important;bottom:0px!important;}.ld_fancy_heading_69fb3dc6105a5 h3 {font-size:22px; } <\/style><div class=\"ld-fancy-heading text-left ld_fancy_heading_69fb3dc6105a5\">\n\t<h3 class=\"ld-fh-element lqd-highlight-underline lqd-highlight-grow-left text-decoration-default\"   >  Projelerinizi G\u00fcvenle De\u011ferlendirin<\/h3><\/div><style>.ld_fancy_heading_69fb3dc6107f7 .lqd-highlight-inner{height:0.275em!important;bottom:0px!important;}<\/style><div class=\"ld-fancy-heading text-left ld_fancy_heading_69fb3dc6107f7\">\n\t<p class=\"ld-fh-element lqd-highlight-underline lqd-highlight-grow-left text-decoration-default\"   >  Geocore Madencilik Dan\u0131\u015fmanl\u0131\u011f\u0131, projelerinizi ba\u011f\u0131ms\u0131z de\u011ferlendirmeler ve due diligence \u00e7al\u0131\u015fmalar\u0131 ile destekler. Ke\u015fif, geli\u015ftirme ve \u00fcretim a\u015famalar\u0131nda projelerinizi analiz eder, riskleri de\u011ferlendirir ve f\u0131rsatlar\u0131 ortaya \u00e7\u0131kar\u0131r\u0131z.<\/p><\/div><style>.ld_fancy_heading_69fb3dc61096d h3{color:#cea32d;}.ld_fancy_heading_69fb3dc61096d h3 {font-size:22px; } .ld_fancy_heading_69fb3dc61096d .lqd-highlight-inner{height:0.275em!important;bottom:0px!important;}.ld_fancy_heading_69fb3dc61096d h3 {font-size:22px; } <\/style><div class=\"ld-fancy-heading text-left ld_fancy_heading_69fb3dc61096d\">\n\t<h3 class=\"ld-fh-element lqd-highlight-underline lqd-highlight-grow-left text-decoration-default\"   >  1. Ba\u011f\u0131ms\u0131z Proje \u0130ncelemesi<\/h3><\/div><style>.ld_fancy_heading_69fb3dc610ab8 .lqd-highlight-inner{height:0.275em!important;bottom:0px!important;}<\/style><div class=\"ld-fancy-heading text-left ld_fancy_heading_69fb3dc610ab8\">\n\t<p class=\"ld-fh-element lqd-highlight-underline lqd-highlight-grow-left text-decoration-default\"   >  <\/p>\n<ul>\n<li>Ba\u011f\u0131ms\u0131z de\u011ferlendirmeler ve teknik incelemeler sa\u011fl\u0131yoruz.<\/li>\n<li>Veri do\u011frulu\u011funu ve proje potansiyelini de\u011ferlendiriyoruz.<\/li>\n<\/ul>\n<p><\/p><\/div><style>.ld_fancy_heading_69fb3dc610c29 h3{color:#cea32d;}.ld_fancy_heading_69fb3dc610c29 h3 {font-size:22px; } .ld_fancy_heading_69fb3dc610c29 .lqd-highlight-inner{height:0.275em!important;bottom:0px!important;}.ld_fancy_heading_69fb3dc610c29 h3 {font-size:22px; } <\/style><div class=\"ld-fancy-heading text-left ld_fancy_heading_69fb3dc610c29\">\n\t<h3 class=\"ld-fh-element lqd-highlight-underline lqd-highlight-grow-left text-decoration-default\"   >  2. Yat\u0131r\u0131m ve Sat\u0131n Alma i\u00e7in Due Diligence<\/h3><\/div><style>.ld_fancy_heading_69fb3dc610d76 .lqd-highlight-inner{height:0.275em!important;bottom:0px!important;}<\/style><div class=\"ld-fancy-heading text-left ld_fancy_heading_69fb3dc610d76\">\n\t<p class=\"ld-fh-element lqd-highlight-underline lqd-highlight-grow-left text-decoration-default\"   >  <\/p>\n<ul>\n<li>Birle\u015fme ve sat\u0131n alma s\u00fcre\u00e7leri i\u00e7in detayl\u0131 due diligence \u00e7al\u0131\u015fmalar\u0131 yap\u0131yoruz.<\/li>\n<li>Jeolojik, \u00e7evresel ve ekonomik fakt\u00f6rleri inceliyoruz.<\/li>\n<\/ul>\n<p><\/p><\/div><style>.ld_fancy_heading_69fb3dc610ee7 h3{color:#cea32d;}.ld_fancy_heading_69fb3dc610ee7 h3 {font-size:22px; } .ld_fancy_heading_69fb3dc610ee7 .lqd-highlight-inner{height:0.275em!important;bottom:0px!important;}.ld_fancy_heading_69fb3dc610ee7 h3 {font-size:22px; } <\/style><div class=\"ld-fancy-heading text-left ld_fancy_heading_69fb3dc610ee7\">\n\t<h3 class=\"ld-fh-element lqd-highlight-underline lqd-highlight-grow-left text-decoration-default\"   >  3. Proje Hedeflerinin Belirlenmesi ve De\u011ferlendirilmesi<\/h3><\/div><style>.ld_fancy_heading_69fb3dc611022 .lqd-highlight-inner{height:0.275em!important;bottom:0px!important;}<\/style><div class=\"ld-fancy-heading text-left ld_fancy_heading_69fb3dc611022\">\n\t<p class=\"ld-fh-element lqd-highlight-underline lqd-highlight-grow-left text-decoration-default\"   >  <\/p>\n<ul>\n<li>Yeni ke\u015fif f\u0131rsatlar\u0131n\u0131 belirlemeye yard\u0131mc\u0131 oluyoruz.<\/li>\n<li>Proje uygulanabilirli\u011fi hakk\u0131nda net analizler sunuyoruz.<\/li>\n<\/ul>\n<p><\/p><\/div><\/div><\/div><\/div><\/div><\/div><\/section>","protected":false},"excerpt":{"rendered":"Evaluate Your Projects with Confidence Geocore Mining Consultancy supports your projects with independent assessments and due diligence studies. We analyze your projects during exploration, development, and production phases, assess risks, and uncover opportunities. 1. Independent Project Review We provide independent assessments and technical reviews. We evaluate data accuracy and project potential. 2. Due Diligence for [...]","protected":false},"author":1,"featured_media":0,"parent":0,"menu_order":0,"comment_status":"closed","ping_status":"closed","template":"","meta":{"_monsterinsights_skip_tracking":false,"_monsterinsights_sitenote_active":false,"_monsterinsights_sitenote_note":"","_monsterinsights_sitenote_category":0,"footnotes":""},"class_list":["post-9586","page","type-page","status-publish","hentry"],"yoast_head":"<!-- This site is optimized with the Yoast SEO plugin v23.8 - https:\/\/yoast.com\/wordpress\/plugins\/seo\/ -->\n<title>Project Review, Evaluation &amp; Due Diligence - Geocore Mining Consultancy<\/title>\n<meta name=\"description\" content=\"Geocore Mining Consultancy supports your projects with independent assessments and due diligence studies. We analyze your projects during exploration, development, and production phases, assess risks, and uncover opportunities.\" \/>\n<meta name=\"robots\" content=\"index, follow, max-snippet:-1, max-image-preview:large, max-video-preview:-1\" \/>\n<link rel=\"canonical\" href=\"https:\/\/geocore.com.tr\/tr\/project-review-evaluation-due-diligence\/\" \/>\n<meta property=\"og:locale\" content=\"tr_TR\" \/>\n<meta property=\"og:type\" content=\"article\" \/>\n<meta property=\"og:title\" content=\"Project Review, Evaluation &amp; Due Diligence - Geocore Mining Consultancy\" \/>\n<meta property=\"og:description\" content=\"Geocore Mining Consultancy supports your projects with independent assessments and due diligence studies. We analyze your projects during exploration, development, and production phases, assess risks, and uncover opportunities.\" \/>\n<meta property=\"og:url\" content=\"https:\/\/geocore.com.tr\/tr\/project-review-evaluation-due-diligence\/\" \/>\n<meta property=\"og:site_name\" content=\"Geocore Mining Consultancy\" \/>\n<meta property=\"article:modified_time\" content=\"2024-11-05T18:49:17+00:00\" \/>\n<meta name=\"twitter:card\" content=\"summary_large_image\" \/>\n<meta name=\"twitter:label1\" content=\"Tahmini okuma s\u00fcresi\" \/>\n\t<meta name=\"twitter:data1\" content=\"1 dakika\" \/>\n<script type=\"application\/ld+json\" class=\"yoast-schema-graph\">{\"@context\":\"https:\/\/schema.org\",\"@graph\":[{\"@type\":\"WebPage\",\"@id\":\"https:\/\/geocore.com.tr\/project-review-evaluation-due-diligence\/\",\"url\":\"https:\/\/geocore.com.tr\/project-review-evaluation-due-diligence\/\",\"name\":\"Project Review, Evaluation & Due Diligence - Geocore Mining Consultancy\",\"isPartOf\":{\"@id\":\"https:\/\/geocore.com.tr\/#website\"},\"datePublished\":\"2024-10-23T20:30:15+00:00\",\"dateModified\":\"2024-11-05T18:49:17+00:00\",\"description\":\"Geocore Mining Consultancy supports your projects with independent assessments and due diligence studies. We analyze your projects during exploration, development, and production phases, assess risks, and uncover opportunities.\",\"breadcrumb\":{\"@id\":\"https:\/\/geocore.com.tr\/project-review-evaluation-due-diligence\/#breadcrumb\"},\"inLanguage\":\"tr\",\"potentialAction\":[{\"@type\":\"ReadAction\",\"target\":[\"https:\/\/geocore.com.tr\/project-review-evaluation-due-diligence\/\"]}]},{\"@type\":\"BreadcrumbList\",\"@id\":\"https:\/\/geocore.com.tr\/project-review-evaluation-due-diligence\/#breadcrumb\",\"itemListElement\":[{\"@type\":\"ListItem\",\"position\":1,\"name\":\"Home\",\"item\":\"https:\/\/geocore.com.tr\/\"},{\"@type\":\"ListItem\",\"position\":2,\"name\":\"Project Review, Evaluation &#038; Due Diligence\"}]},{\"@type\":\"WebSite\",\"@id\":\"https:\/\/geocore.com.tr\/#website\",\"url\":\"https:\/\/geocore.com.tr\/\",\"name\":\"Geocore Mining Consultancy\",\"description\":\"\",\"publisher\":{\"@id\":\"https:\/\/geocore.com.tr\/#organization\"},\"potentialAction\":[{\"@type\":\"SearchAction\",\"target\":{\"@type\":\"EntryPoint\",\"urlTemplate\":\"https:\/\/geocore.com.tr\/?s={search_term_string}\"},\"query-input\":{\"@type\":\"PropertyValueSpecification\",\"valueRequired\":true,\"valueName\":\"search_term_string\"}}],\"inLanguage\":\"tr\"},{\"@type\":\"Organization\",\"@id\":\"https:\/\/geocore.com.tr\/#organization\",\"name\":\"Geocore Mining Consultancy\",\"url\":\"https:\/\/geocore.com.tr\/\",\"logo\":{\"@type\":\"ImageObject\",\"inLanguage\":\"tr\",\"@id\":\"https:\/\/geocore.com.tr\/#\/schema\/logo\/image\/\",\"url\":\"https:\/\/geocore.com.tr\/wp-content\/uploads\/2024\/10\/Logo.svg\",\"contentUrl\":\"https:\/\/geocore.com.tr\/wp-content\/uploads\/2024\/10\/Logo.svg\",\"width\":1,\"height\":1,\"caption\":\"Geocore Mining Consultancy\"},\"image\":{\"@id\":\"https:\/\/geocore.com.tr\/#\/schema\/logo\/image\/\"},\"sameAs\":[\"https:\/\/www.linkedin.com\/company\/geocore-mining-consultancy\"]}]}<\/script>\n<!-- \/ Yoast SEO plugin. -->","yoast_head_json":{"title":"Project Review, Evaluation & Due Diligence - Geocore Mining Consultancy","description":"Geocore Mining Consultancy supports your projects with independent assessments and due diligence studies. We analyze your projects during exploration, development, and production phases, assess risks, and uncover opportunities.","robots":{"index":"index","follow":"follow","max-snippet":"max-snippet:-1","max-image-preview":"max-image-preview:large","max-video-preview":"max-video-preview:-1"},"canonical":"https:\/\/geocore.com.tr\/tr\/project-review-evaluation-due-diligence\/","og_locale":"tr_TR","og_type":"article","og_title":"Project Review, Evaluation & Due Diligence - Geocore Mining Consultancy","og_description":"Geocore Mining Consultancy supports your projects with independent assessments and due diligence studies. We analyze your projects during exploration, development, and production phases, assess risks, and uncover opportunities.","og_url":"https:\/\/geocore.com.tr\/tr\/project-review-evaluation-due-diligence\/","og_site_name":"Geocore Mining Consultancy","article_modified_time":"2024-11-05T18:49:17+00:00","twitter_card":"summary_large_image","twitter_misc":{"Tahmini okuma s\u00fcresi":"1 dakika"},"schema":{"@context":"https:\/\/schema.org","@graph":[{"@type":"WebPage","@id":"https:\/\/geocore.com.tr\/project-review-evaluation-due-diligence\/","url":"https:\/\/geocore.com.tr\/project-review-evaluation-due-diligence\/","name":"Project Review, Evaluation & Due Diligence - Geocore Mining Consultancy","isPartOf":{"@id":"https:\/\/geocore.com.tr\/#website"},"datePublished":"2024-10-23T20:30:15+00:00","dateModified":"2024-11-05T18:49:17+00:00","description":"Geocore Mining Consultancy supports your projects with independent assessments and due diligence studies. We analyze your projects during exploration, development, and production phases, assess risks, and uncover opportunities.","breadcrumb":{"@id":"https:\/\/geocore.com.tr\/project-review-evaluation-due-diligence\/#breadcrumb"},"inLanguage":"tr","potentialAction":[{"@type":"ReadAction","target":["https:\/\/geocore.com.tr\/project-review-evaluation-due-diligence\/"]}]},{"@type":"BreadcrumbList","@id":"https:\/\/geocore.com.tr\/project-review-evaluation-due-diligence\/#breadcrumb","itemListElement":[{"@type":"ListItem","position":1,"name":"Home","item":"https:\/\/geocore.com.tr\/"},{"@type":"ListItem","position":2,"name":"Project Review, Evaluation &#038; Due Diligence"}]},{"@type":"WebSite","@id":"https:\/\/geocore.com.tr\/#website","url":"https:\/\/geocore.com.tr\/","name":"Geocore Mining Consultancy","description":"","publisher":{"@id":"https:\/\/geocore.com.tr\/#organization"},"potentialAction":[{"@type":"SearchAction","target":{"@type":"EntryPoint","urlTemplate":"https:\/\/geocore.com.tr\/?s={search_term_string}"},"query-input":{"@type":"PropertyValueSpecification","valueRequired":true,"valueName":"search_term_string"}}],"inLanguage":"tr"},{"@type":"Organization","@id":"https:\/\/geocore.com.tr\/#organization","name":"Geocore Mining Consultancy","url":"https:\/\/geocore.com.tr\/","logo":{"@type":"ImageObject","inLanguage":"tr","@id":"https:\/\/geocore.com.tr\/#\/schema\/logo\/image\/","url":"https:\/\/geocore.com.tr\/wp-content\/uploads\/2024\/10\/Logo.svg","contentUrl":"https:\/\/geocore.com.tr\/wp-content\/uploads\/2024\/10\/Logo.svg","width":1,"height":1,"caption":"Geocore Mining Consultancy"},"image":{"@id":"https:\/\/geocore.com.tr\/#\/schema\/logo\/image\/"},"sameAs":["https:\/\/www.linkedin.com\/company\/geocore-mining-consultancy"]}]}},"_links":{"self":[{"href":"https:\/\/geocore.com.tr\/tr\/wp-json\/wp\/v2\/pages\/9586","targetHints":{"allow":["GET"]}}],"collection":[{"href":"https:\/\/geocore.com.tr\/tr\/wp-json\/wp\/v2\/pages"}],"about":[{"href":"https:\/\/geocore.com.tr\/tr\/wp-json\/wp\/v2\/types\/page"}],"author":[{"embeddable":true,"href":"https:\/\/geocore.com.tr\/tr\/wp-json\/wp\/v2\/users\/1"}],"replies":[{"embeddable":true,"href":"https:\/\/geocore.com.tr\/tr\/wp-json\/wp\/v2\/comments?post=9586"}],"version-history":[{"count":5,"href":"https:\/\/geocore.com.tr\/tr\/wp-json\/wp\/v2\/pages\/9586\/revisions"}],"predecessor-version":[{"id":9612,"href":"https:\/\/geocore.com.tr\/tr\/wp-json\/wp\/v2\/pages\/9586\/revisions\/9612"}],"wp:attachment":[{"href":"https:\/\/geocore.com.tr\/tr\/wp-json\/wp\/v2\/media?parent=9586"}],"curies":[{"name":"wp","href":"https:\/\/api.w.org\/{rel}","templated":true}]}}