{"id":9519,"date":"2024-10-20T17:49:25","date_gmt":"2024-10-20T17:49:25","guid":{"rendered":"http:\/\/localhost\/geocore\/?page_id=9519"},"modified":"2024-11-05T18:44:07","modified_gmt":"2024-11-05T18:44:07","slug":"exploration","status":"publish","type":"page","link":"https:\/\/geocore.com.tr\/tr\/exploration\/","title":{"rendered":"Ke\u015fif"},"content":{"rendered":"<section class=\"vc_row vc_custom_1729546567694 liquid-row-shadowbox-69fb3ce2df758 vc_column-gap-30\"><div class=\"ld-container container\"><div class=\"row ld-row ld-row-outer vc_row-o-equal-height vc_row-o-content-middle vc_row-flex\"><div class=\"wpb_column vc_column_container vc_col-sm-12 vc_col-md-offset-2 vc_col-md-8 text-center liquid-column-69fb3ce2dfdcf\"><div class=\"vc_column-inner  vc_custom_1576240186399\" ><div class=\"wpb_wrapper\"  ><style>.ld_fancy_heading_69fb3ce2dff0f p {font-size:22px; } .ld_fancy_heading_69fb3ce2dff0f .lqd-highlight-inner{height:0.275em!important;bottom:0px!important;}.ld_fancy_heading_69fb3ce2dff0f p {font-size:22px; } <\/style><div class=\"ld-fancy-heading text-left ld_fancy_heading_69fb3ce2dff0f\">\n\t<p class=\"ld-fh-element lqd-highlight-underline lqd-highlight-grow-left text-decoration-default\"   >  <\/p>\n<h5>Geocore Madencilik Dan\u0131\u015fmanl\u0131\u011f\u0131, mineral ke\u015ffi konusunda kapsaml\u0131 hizmetler sunar. Uzman ekibimiz ve yenilik\u00e7i yakla\u015f\u0131mlar\u0131m\u0131z ile ke\u015fif projelerinizin her a\u015famas\u0131nda en y\u00fcksek ba\u015far\u0131y\u0131 hedefliyoruz.<\/h5>\n<p><\/p><\/div><style>.ld_fancy_heading_69fb3ce2e0211 h3{color:#cea32d;}.ld_fancy_heading_69fb3ce2e0211 h3 {font-size:22px; } .ld_fancy_heading_69fb3ce2e0211 .lqd-highlight-inner{height:0.275em!important;bottom:0px!important;}.ld_fancy_heading_69fb3ce2e0211 h3 {font-size:22px; } <\/style><div class=\"ld-fancy-heading text-left ld_fancy_heading_69fb3ce2e0211\">\n\t<h3 class=\"ld-fh-element lqd-highlight-underline lqd-highlight-grow-left text-decoration-default\"   >  Mineral Yataklar\u0131 \u0130\u00e7in Prospeksiyon<\/h3><\/div><style>.ld_fancy_heading_69fb3ce2e03c6 .lqd-highlight-inner{height:0.275em!important;bottom:0px!important;}<\/style><div class=\"ld-fancy-heading text-left ld_fancy_heading_69fb3ce2e03c6\">\n\t<p class=\"ld-fh-element lqd-highlight-underline lqd-highlight-grow-left text-decoration-default\"   >  Mineral yataklar\u0131n\u0131n ke\u015ffi i\u00e7in y\u00fcksek potansiyelli alanlar\u0131 belirler, hedefe y\u00f6nelik prospeksiyon faaliyetleri y\u00fcr\u00fct\u00fcr\u00fcz. Bu, kaynak ke\u015fif s\u00fcrecinin temelini olu\u015fturur.<\/p><\/div><style>.ld_fancy_heading_69fb3ce2e0545 h3{color:#cea32d;}.ld_fancy_heading_69fb3ce2e0545 h3 {font-size:22px; } .ld_fancy_heading_69fb3ce2e0545 .lqd-highlight-inner{height:0.275em!important;bottom:0px!important;}.ld_fancy_heading_69fb3ce2e0545 h3 {font-size:22px; } <\/style><div class=\"ld-fancy-heading text-left ld_fancy_heading_69fb3ce2e0545\">\n\t<h3 class=\"ld-fh-element lqd-highlight-underline lqd-highlight-grow-left text-decoration-default\"   >  Ke\u015fif B\u00f6lgelerinin Hedeflenmesi<\/h3><\/div><style>.ld_fancy_heading_69fb3ce2e069d .lqd-highlight-inner{height:0.275em!important;bottom:0px!important;}<\/style><div class=\"ld-fancy-heading text-left ld_fancy_heading_69fb3ce2e069d\">\n\t<p class=\"ld-fh-element lqd-highlight-underline lqd-highlight-grow-left text-decoration-default\"   >  Jeolojik, jeokimyasal ve jeofizik verileri kullanarak y\u00fcksek potansiyelli alanlar\u0131 belirler ve kapsaml\u0131 analizlerle ke\u015fif hedefleri olu\u015ftururuz<\/p><\/div><style>.ld_fancy_heading_69fb3ce2e07fb h3{color:#cea32d;}.ld_fancy_heading_69fb3ce2e07fb h3 {font-size:22px; } .ld_fancy_heading_69fb3ce2e07fb .lqd-highlight-inner{height:0.275em!important;bottom:0px!important;}.ld_fancy_heading_69fb3ce2e07fb h3 {font-size:22px; } <\/style><div class=\"ld-fancy-heading text-left ld_fancy_heading_69fb3ce2e07fb\">\n\t<h3 class=\"ld-fh-element lqd-highlight-underline lqd-highlight-grow-left text-decoration-default\"   >  Jeokimyasal Ke\u015fif<\/h3><\/div><style>.ld_fancy_heading_69fb3ce2e0960 .lqd-highlight-inner{height:0.275em!important;bottom:0px!important;}<\/style><div class=\"ld-fancy-heading text-left ld_fancy_heading_69fb3ce2e0960\">\n\t<p class=\"ld-fh-element lqd-highlight-underline lqd-highlight-grow-left text-decoration-default\"   >  Jeokimyasal y\u00f6ntemler kullanarak toprak ve kaya \u00f6rneklerinden mineral anomalilerini haritaland\u0131r\u0131r ve gizli mineral kaynaklar\u0131n\u0131 tespit ederiz.<\/p><\/div><style>.ld_fancy_heading_69fb3ce2e0abb h3{color:#cea32d;}.ld_fancy_heading_69fb3ce2e0abb h3 {font-size:22px; } .ld_fancy_heading_69fb3ce2e0abb .lqd-highlight-inner{height:0.275em!important;bottom:0px!important;}.ld_fancy_heading_69fb3ce2e0abb h3 {font-size:22px; } <\/style><div class=\"ld-fancy-heading text-left ld_fancy_heading_69fb3ce2e0abb\">\n\t<h3 class=\"ld-fh-element lqd-highlight-underline lqd-highlight-grow-left text-decoration-default\"   >  QA\/QC ile \u00d6rnekleme Protokolleri<\/h3><\/div><style>.ld_fancy_heading_69fb3ce2e0c31 .lqd-highlight-inner{height:0.275em!important;bottom:0px!important;}<\/style><div class=\"ld-fancy-heading text-left ld_fancy_heading_69fb3ce2e0c31\">\n\t<p class=\"ld-fh-element lqd-highlight-underline lqd-highlight-grow-left text-decoration-default\"   >  Toplanan t\u00fcm \u00f6rneklerin g\u00fcvenilirli\u011fi ve do\u011frulu\u011funu sa\u011flamak i\u00e7in kalite g\u00fcvence ve kontrol (QA\/QC) protokollerine s\u0131k\u0131 bir \u015fekilde uyar\u0131z.<\/p><\/div><style>.ld_fancy_heading_69fb3ce2e0d9d h3{color:#cea32d;}.ld_fancy_heading_69fb3ce2e0d9d h3 {font-size:22px; } .ld_fancy_heading_69fb3ce2e0d9d .lqd-highlight-inner{height:0.275em!important;bottom:0px!important;}.ld_fancy_heading_69fb3ce2e0d9d h3 {font-size:22px; } <\/style><div class=\"ld-fancy-heading text-left ld_fancy_heading_69fb3ce2e0d9d\">\n\t<h3 class=\"ld-fh-element lqd-highlight-underline lqd-highlight-grow-left text-decoration-default\"   >  Jeolojik Haritalama<\/h3><\/div><style>.ld_fancy_heading_69fb3ce2e0efc .lqd-highlight-inner{height:0.275em!important;bottom:0px!important;}<\/style><div class=\"ld-fancy-heading text-left ld_fancy_heading_69fb3ce2e0efc\">\n\t<p class=\"ld-fh-element lqd-highlight-underline lqd-highlight-grow-left text-decoration-default\"   >  Sahadan elde edilen verilerin do\u011fru analizi ve potansiyel mineral yataklar\u0131n\u0131n belirlenmesi i\u00e7in detayl\u0131 jeolojik haritalama hizmetlerimiz temel \u00f6neme sahiptir.<\/p><\/div><style>.ld_fancy_heading_69fb3ce2e1069 h3{color:#cea32d;}.ld_fancy_heading_69fb3ce2e1069 h3 {font-size:22px; } .ld_fancy_heading_69fb3ce2e1069 .lqd-highlight-inner{height:0.275em!important;bottom:0px!important;}.ld_fancy_heading_69fb3ce2e1069 h3 {font-size:22px; } <\/style><div class=\"ld-fancy-heading text-left ld_fancy_heading_69fb3ce2e1069\">\n\t<h3 class=\"ld-fh-element lqd-highlight-underline lqd-highlight-grow-left text-decoration-default\"   >  Sahada Ke\u015fif Hizmetleri<\/h3><\/div><style>.ld_fancy_heading_69fb3ce2e11ce .lqd-highlight-inner{height:0.275em!important;bottom:0px!important;}<\/style><div class=\"ld-fancy-heading text-left ld_fancy_heading_69fb3ce2e11ce\">\n\t<p class=\"ld-fh-element lqd-highlight-underline lqd-highlight-grow-left text-decoration-default\"   >  Saha ke\u015fif hizmetlerimiz aras\u0131nda hendek kazma, \u00e7ukur a\u00e7ma ve kanal \u00f6rnekleme gibi y\u00f6ntemler yer al\u0131r. Bu hizmetler, alan\u0131n detayl\u0131 bir \u015fekilde de\u011ferlendirilmesini sa\u011flar ve projelerinizin ihtiya\u00e7lar\u0131na g\u00f6re uyarlan\u0131r.<\/p><\/div><style>.ld_fancy_heading_69fb3ce2e132c h3{color:#cea32d;}.ld_fancy_heading_69fb3ce2e132c h3 {font-size:22px; } .ld_fancy_heading_69fb3ce2e132c .lqd-highlight-inner{height:0.275em!important;bottom:0px!important;}.ld_fancy_heading_69fb3ce2e132c h3 {font-size:22px; } <\/style><div class=\"ld-fancy-heading text-left ld_fancy_heading_69fb3ce2e132c\">\n\t<h3 class=\"ld-fh-element lqd-highlight-underline lqd-highlight-grow-left text-decoration-default\"   >  Sondaj Denetimi ve Y\u00f6netimi<\/h3><\/div><style>.ld_fancy_heading_69fb3ce2e148a .lqd-highlight-inner{height:0.275em!important;bottom:0px!important;}<\/style><div class=\"ld-fancy-heading text-left ld_fancy_heading_69fb3ce2e148a\">\n\t<p class=\"ld-fh-element lqd-highlight-underline lqd-highlight-grow-left text-decoration-default\"   >  Sondaj faaliyetlerini planlar ve denetleriz, projelerinizin ba\u015far\u0131s\u0131n\u0131 sa\u011flar\u0131z. Yakla\u015f\u0131m\u0131m\u0131z, s\u00fcre\u00e7 boyunca g\u00fcvenilir sondaj verilerinin toplanmas\u0131n\u0131 garanti eder.<\/p><\/div><style>.ld_fancy_heading_69fb3ce2e15dd h3{color:#cea32d;}.ld_fancy_heading_69fb3ce2e15dd h3 {font-size:22px; } .ld_fancy_heading_69fb3ce2e15dd .lqd-highlight-inner{height:0.275em!important;bottom:0px!important;}.ld_fancy_heading_69fb3ce2e15dd h3 {font-size:22px; } <\/style><div class=\"ld-fancy-heading text-left ld_fancy_heading_69fb3ce2e15dd\">\n\t<h3 class=\"ld-fh-element lqd-highlight-underline lqd-highlight-grow-left text-decoration-default\"   >  Karot Loglama ve Analizi<\/h3><\/div><style>.ld_fancy_heading_69fb3ce2e173b .lqd-highlight-inner{height:0.275em!important;bottom:0px!important;}<\/style><div class=\"ld-fancy-heading text-left ld_fancy_heading_69fb3ce2e173b\">\n\t<p class=\"ld-fh-element lqd-highlight-underline lqd-highlight-grow-left text-decoration-default\"   >  Karot loglama hizmetlerimiz, mineralize b\u00f6lgeler hakk\u0131nda kritik jeolojik bilgiler sunarak kaynak modellerinin geli\u015ftirilmesine katk\u0131da bulunur ve ke\u015fif sonu\u00e7lar\u0131n\u0131 iyile\u015ftirir.<\/p><\/div><style>.ld_fancy_heading_69fb3ce2e1893 h3{color:#cea32d;}.ld_fancy_heading_69fb3ce2e1893 h3 {font-size:22px; } .ld_fancy_heading_69fb3ce2e1893 .lqd-highlight-inner{height:0.275em!important;bottom:0px!important;}.ld_fancy_heading_69fb3ce2e1893 h3 {font-size:22px; } <\/style><div class=\"ld-fancy-heading text-left ld_fancy_heading_69fb3ce2e1893\">\n\t<h3 class=\"ld-fh-element lqd-highlight-underline lqd-highlight-grow-left text-decoration-default\"   >  Veritaban\u0131 Tasar\u0131m\u0131 ve Y\u00f6netimi<\/h3><\/div><style>.ld_fancy_heading_69fb3ce2e19e5 .lqd-highlight-inner{height:0.275em!important;bottom:0px!important;}<\/style><div class=\"ld-fancy-heading text-left ld_fancy_heading_69fb3ce2e19e5\">\n\t<p class=\"ld-fh-element lqd-highlight-underline lqd-highlight-grow-left text-decoration-default\"   >  Ke\u015fif verilerinin etkin bir \u015fekilde y\u00f6netilmesi, projelerinizin ba\u015far\u0131s\u0131 i\u00e7in hayati \u00f6nem ta\u015f\u0131r. Merkezi veri y\u00f6netim sistemlerimiz, t\u00fcm verilerin g\u00fcvenli bir \u015fekilde saklanmas\u0131n\u0131 ve analiz i\u00e7in kolayca eri\u015filebilir olmas\u0131n\u0131 sa\u011flar.<\/p><\/div><\/div><\/div><\/div><\/div><\/div><\/section>","protected":false},"excerpt":{"rendered":"Geocore Mining Consultancy provides comprehensive services in mineral exploration. With our expert team and innovative approaches, we aim to achieve the highest level of success at every stage of your exploration projects. Prospecting for Mineral Deposits We identify high-potential areas for the discovery of mineral deposits, conducting targeted prospecting activities. This is the foundation of [...]","protected":false},"author":1,"featured_media":0,"parent":0,"menu_order":0,"comment_status":"closed","ping_status":"closed","template":"","meta":{"_monsterinsights_skip_tracking":false,"_monsterinsights_sitenote_active":false,"_monsterinsights_sitenote_note":"","_monsterinsights_sitenote_category":0,"footnotes":""},"class_list":["post-9519","page","type-page","status-publish","hentry"],"yoast_head":"<!-- This site is optimized with the Yoast SEO plugin v23.8 - https:\/\/yoast.com\/wordpress\/plugins\/seo\/ -->\n<title>Unlocking Mineral Potential with Expertise and Innovation - Geocore Mining Consultancy<\/title>\n<meta name=\"description\" content=\"Geocore Mining Consultancy provides comprehensive services in mineral exploration. With our expert team and innovative approaches, we aim to achieve the highest level of success at every stage of your exploration projects.\" \/>\n<meta name=\"robots\" content=\"index, follow, max-snippet:-1, max-image-preview:large, max-video-preview:-1\" \/>\n<link rel=\"canonical\" href=\"https:\/\/geocore.com.tr\/tr\/exploration\/\" \/>\n<meta property=\"og:locale\" content=\"tr_TR\" \/>\n<meta property=\"og:type\" content=\"article\" \/>\n<meta property=\"og:title\" content=\"Unlocking Mineral Potential with Expertise and Innovation - Geocore Mining Consultancy\" \/>\n<meta property=\"og:description\" content=\"Geocore Mining Consultancy provides comprehensive services in mineral exploration. With our expert team and innovative approaches, we aim to achieve the highest level of success at every stage of your exploration projects.\" \/>\n<meta property=\"og:url\" content=\"https:\/\/geocore.com.tr\/tr\/exploration\/\" \/>\n<meta property=\"og:site_name\" content=\"Geocore Mining Consultancy\" \/>\n<meta property=\"article:modified_time\" content=\"2024-11-05T18:44:07+00:00\" \/>\n<meta name=\"twitter:card\" content=\"summary_large_image\" \/>\n<meta name=\"twitter:label1\" content=\"Tahmini okuma s\u00fcresi\" \/>\n\t<meta name=\"twitter:data1\" content=\"2 dakika\" \/>\n<script type=\"application\/ld+json\" class=\"yoast-schema-graph\">{\"@context\":\"https:\/\/schema.org\",\"@graph\":[{\"@type\":\"WebPage\",\"@id\":\"https:\/\/geocore.com.tr\/exploration\/\",\"url\":\"https:\/\/geocore.com.tr\/exploration\/\",\"name\":\"Unlocking Mineral Potential with Expertise and Innovation - Geocore Mining Consultancy\",\"isPartOf\":{\"@id\":\"https:\/\/geocore.com.tr\/#website\"},\"datePublished\":\"2024-10-20T17:49:25+00:00\",\"dateModified\":\"2024-11-05T18:44:07+00:00\",\"description\":\"Geocore Mining Consultancy provides comprehensive services in mineral exploration. With our expert team and innovative approaches, we aim to achieve the highest level of success at every stage of your exploration projects.\",\"breadcrumb\":{\"@id\":\"https:\/\/geocore.com.tr\/exploration\/#breadcrumb\"},\"inLanguage\":\"tr\",\"potentialAction\":[{\"@type\":\"ReadAction\",\"target\":[\"https:\/\/geocore.com.tr\/exploration\/\"]}]},{\"@type\":\"BreadcrumbList\",\"@id\":\"https:\/\/geocore.com.tr\/exploration\/#breadcrumb\",\"itemListElement\":[{\"@type\":\"ListItem\",\"position\":1,\"name\":\"Home\",\"item\":\"https:\/\/geocore.com.tr\/\"},{\"@type\":\"ListItem\",\"position\":2,\"name\":\"Exploration\"}]},{\"@type\":\"WebSite\",\"@id\":\"https:\/\/geocore.com.tr\/#website\",\"url\":\"https:\/\/geocore.com.tr\/\",\"name\":\"Geocore Mining Consultancy\",\"description\":\"\",\"publisher\":{\"@id\":\"https:\/\/geocore.com.tr\/#organization\"},\"potentialAction\":[{\"@type\":\"SearchAction\",\"target\":{\"@type\":\"EntryPoint\",\"urlTemplate\":\"https:\/\/geocore.com.tr\/?s={search_term_string}\"},\"query-input\":{\"@type\":\"PropertyValueSpecification\",\"valueRequired\":true,\"valueName\":\"search_term_string\"}}],\"inLanguage\":\"tr\"},{\"@type\":\"Organization\",\"@id\":\"https:\/\/geocore.com.tr\/#organization\",\"name\":\"Geocore Mining Consultancy\",\"url\":\"https:\/\/geocore.com.tr\/\",\"logo\":{\"@type\":\"ImageObject\",\"inLanguage\":\"tr\",\"@id\":\"https:\/\/geocore.com.tr\/#\/schema\/logo\/image\/\",\"url\":\"https:\/\/geocore.com.tr\/wp-content\/uploads\/2024\/10\/Logo.svg\",\"contentUrl\":\"https:\/\/geocore.com.tr\/wp-content\/uploads\/2024\/10\/Logo.svg\",\"width\":1,\"height\":1,\"caption\":\"Geocore Mining Consultancy\"},\"image\":{\"@id\":\"https:\/\/geocore.com.tr\/#\/schema\/logo\/image\/\"},\"sameAs\":[\"https:\/\/www.linkedin.com\/company\/geocore-mining-consultancy\"]}]}<\/script>\n<!-- \/ Yoast SEO plugin. -->","yoast_head_json":{"title":"Unlocking Mineral Potential with Expertise and Innovation - Geocore Mining Consultancy","description":"Geocore Mining Consultancy provides comprehensive services in mineral exploration. With our expert team and innovative approaches, we aim to achieve the highest level of success at every stage of your exploration projects.","robots":{"index":"index","follow":"follow","max-snippet":"max-snippet:-1","max-image-preview":"max-image-preview:large","max-video-preview":"max-video-preview:-1"},"canonical":"https:\/\/geocore.com.tr\/tr\/exploration\/","og_locale":"tr_TR","og_type":"article","og_title":"Unlocking Mineral Potential with Expertise and Innovation - Geocore Mining Consultancy","og_description":"Geocore Mining Consultancy provides comprehensive services in mineral exploration. With our expert team and innovative approaches, we aim to achieve the highest level of success at every stage of your exploration projects.","og_url":"https:\/\/geocore.com.tr\/tr\/exploration\/","og_site_name":"Geocore Mining Consultancy","article_modified_time":"2024-11-05T18:44:07+00:00","twitter_card":"summary_large_image","twitter_misc":{"Tahmini okuma s\u00fcresi":"2 dakika"},"schema":{"@context":"https:\/\/schema.org","@graph":[{"@type":"WebPage","@id":"https:\/\/geocore.com.tr\/exploration\/","url":"https:\/\/geocore.com.tr\/exploration\/","name":"Unlocking Mineral Potential with Expertise and Innovation - Geocore Mining Consultancy","isPartOf":{"@id":"https:\/\/geocore.com.tr\/#website"},"datePublished":"2024-10-20T17:49:25+00:00","dateModified":"2024-11-05T18:44:07+00:00","description":"Geocore Mining Consultancy provides comprehensive services in mineral exploration. With our expert team and innovative approaches, we aim to achieve the highest level of success at every stage of your exploration projects.","breadcrumb":{"@id":"https:\/\/geocore.com.tr\/exploration\/#breadcrumb"},"inLanguage":"tr","potentialAction":[{"@type":"ReadAction","target":["https:\/\/geocore.com.tr\/exploration\/"]}]},{"@type":"BreadcrumbList","@id":"https:\/\/geocore.com.tr\/exploration\/#breadcrumb","itemListElement":[{"@type":"ListItem","position":1,"name":"Home","item":"https:\/\/geocore.com.tr\/"},{"@type":"ListItem","position":2,"name":"Exploration"}]},{"@type":"WebSite","@id":"https:\/\/geocore.com.tr\/#website","url":"https:\/\/geocore.com.tr\/","name":"Geocore Mining Consultancy","description":"","publisher":{"@id":"https:\/\/geocore.com.tr\/#organization"},"potentialAction":[{"@type":"SearchAction","target":{"@type":"EntryPoint","urlTemplate":"https:\/\/geocore.com.tr\/?s={search_term_string}"},"query-input":{"@type":"PropertyValueSpecification","valueRequired":true,"valueName":"search_term_string"}}],"inLanguage":"tr"},{"@type":"Organization","@id":"https:\/\/geocore.com.tr\/#organization","name":"Geocore Mining Consultancy","url":"https:\/\/geocore.com.tr\/","logo":{"@type":"ImageObject","inLanguage":"tr","@id":"https:\/\/geocore.com.tr\/#\/schema\/logo\/image\/","url":"https:\/\/geocore.com.tr\/wp-content\/uploads\/2024\/10\/Logo.svg","contentUrl":"https:\/\/geocore.com.tr\/wp-content\/uploads\/2024\/10\/Logo.svg","width":1,"height":1,"caption":"Geocore Mining Consultancy"},"image":{"@id":"https:\/\/geocore.com.tr\/#\/schema\/logo\/image\/"},"sameAs":["https:\/\/www.linkedin.com\/company\/geocore-mining-consultancy"]}]}},"_links":{"self":[{"href":"https:\/\/geocore.com.tr\/tr\/wp-json\/wp\/v2\/pages\/9519","targetHints":{"allow":["GET"]}}],"collection":[{"href":"https:\/\/geocore.com.tr\/tr\/wp-json\/wp\/v2\/pages"}],"about":[{"href":"https:\/\/geocore.com.tr\/tr\/wp-json\/wp\/v2\/types\/page"}],"author":[{"embeddable":true,"href":"https:\/\/geocore.com.tr\/tr\/wp-json\/wp\/v2\/users\/1"}],"replies":[{"embeddable":true,"href":"https:\/\/geocore.com.tr\/tr\/wp-json\/wp\/v2\/comments?post=9519"}],"version-history":[{"count":14,"href":"https:\/\/geocore.com.tr\/tr\/wp-json\/wp\/v2\/pages\/9519\/revisions"}],"predecessor-version":[{"id":9582,"href":"https:\/\/geocore.com.tr\/tr\/wp-json\/wp\/v2\/pages\/9519\/revisions\/9582"}],"wp:attachment":[{"href":"https:\/\/geocore.com.tr\/tr\/wp-json\/wp\/v2\/media?parent=9519"}],"curies":[{"name":"wp","href":"https:\/\/api.w.org\/{rel}","templated":true}]}}