{"id":9515,"date":"2024-10-20T17:49:25","date_gmt":"2024-10-20T17:49:25","guid":{"rendered":"http:\/\/localhost\/geocore\/?page_id=9515"},"modified":"2024-11-05T18:47:56","modified_gmt":"2024-11-05T18:47:56","slug":"mining-and-reserves","status":"publish","type":"page","link":"https:\/\/geocore.com.tr\/tr\/mining-and-reserves\/","title":{"rendered":"Madencilik ve Rezerv"},"content":{"rendered":"<section class=\"vc_row vc_custom_1729546353584 liquid-row-shadowbox-69fb3dd879bd1 vc_column-gap-30\"><div class=\"ld-container container\"><div class=\"row ld-row ld-row-outer vc_row-o-equal-height vc_row-o-content-middle vc_row-flex\"><div class=\"wpb_column vc_column_container vc_col-sm-12 vc_col-md-offset-2 vc_col-md-8 text-center liquid-column-69fb3dd87a14f\"><div class=\"vc_column-inner  vc_custom_1576240186399\" ><div class=\"wpb_wrapper\"  ><style>.ld_fancy_heading_69fb3dd87a253 .lqd-highlight-inner{height:0.275em!important;bottom:0px!important;}<\/style><div class=\"ld-fancy-heading text-left ld_fancy_heading_69fb3dd87a253\">\n\t<p class=\"ld-fh-element lqd-highlight-underline lqd-highlight-grow-left text-decoration-default\"   >  Geocore Madencilik Dan\u0131\u015fmanl\u0131\u011f\u0131 olarak, madencilik projelerinizin hem ekonomik hem de operasyonel ba\u015far\u0131s\u0131n\u0131 sa\u011flamak i\u00e7in stratejik \u00e7\u00f6z\u00fcmler sunuyoruz. Kaynak \u00e7\u0131kar\u0131m\u0131n\u0131 optimize eden, \u00e7evresel etkileri en aza indiren ve operasyonlar\u0131n uzun vadeli s\u00fcrd\u00fcr\u00fclebilirli\u011fini sa\u011flayan detayl\u0131 madencilik planlar\u0131 geli\u015ftiriyoruz.<\/p><\/div><style>.ld_fancy_heading_69fb3dd87a50a h3{color:#cea32d;}.ld_fancy_heading_69fb3dd87a50a h3 {font-size:22px; } .ld_fancy_heading_69fb3dd87a50a .lqd-highlight-inner{height:0.275em!important;bottom:0px!important;}.ld_fancy_heading_69fb3dd87a50a h3 {font-size:22px; } <\/style><div class=\"ld-fancy-heading text-left ld_fancy_heading_69fb3dd87a50a\">\n\t<h3 class=\"ld-fh-element lqd-highlight-underline lqd-highlight-grow-left text-decoration-default\"   >  A\u00e7\u0131k Ocak ve Yeralt\u0131 Madencili\u011fi i\u00e7in Stratejik Madencilik Planlamas\u0131<\/h3><\/div><style>.ld_fancy_heading_69fb3dd87a6c0 .lqd-highlight-inner{height:0.275em!important;bottom:0px!important;}<\/style><div class=\"ld-fancy-heading text-left ld_fancy_heading_69fb3dd87a6c0\">\n\t<p class=\"ld-fh-element lqd-highlight-underline lqd-highlight-grow-left text-decoration-default\"   >  Kaynak \u00e7\u0131kar\u0131m\u0131n\u0131 optimize eden, \u00e7evresel etkileri azaltan ve uzun vadeli s\u00fcrd\u00fcr\u00fclebilirli\u011fi sa\u011flayan madencilik planlar\u0131, verimli tasar\u0131m ve programlama yoluyla geli\u015ftiriyoruz. Uzun vadeli s\u00fcrd\u00fcr\u00fclebilirli\u011fi sa\u011flarken, operasyonel verimlili\u011fi en \u00fcst d\u00fczeye \u00e7\u0131karan maliyet etkin \u00e7\u00f6z\u00fcmler de sunuyoruz.<\/p><\/div><style>.ld_fancy_heading_69fb3dd87a841 h3{color:#cea32d;}.ld_fancy_heading_69fb3dd87a841 h3 {font-size:22px; } .ld_fancy_heading_69fb3dd87a841 .lqd-highlight-inner{height:0.275em!important;bottom:0px!important;}.ld_fancy_heading_69fb3dd87a841 h3 {font-size:22px; } <\/style><div class=\"ld-fancy-heading text-left ld_fancy_heading_69fb3dd87a841\">\n\t<h3 class=\"ld-fh-element lqd-highlight-underline lqd-highlight-grow-left text-decoration-default\"   >  Optimizasyon, Madencilik Tasar\u0131m\u0131 ve Programlama:<\/h3><\/div><style>.ld_fancy_heading_69fb3dd87a9af .lqd-highlight-inner{height:0.275em!important;bottom:0px!important;}<\/style><div class=\"ld-fancy-heading text-left ld_fancy_heading_69fb3dd87a9af\">\n\t<p class=\"ld-fh-element lqd-highlight-underline lqd-highlight-grow-left text-decoration-default\"   >  Kapsaml\u0131 madencilik tasar\u0131m hizmetlerimiz, en uygun \u00e7\u0131kar\u0131m y\u00f6ntemlerini, \u00fcretim programlamas\u0131n\u0131 ve operasyonel i\u015f ak\u0131\u015flar\u0131n\u0131 garanti eder. Hem g\u00fcvenli\u011fi hem de ekonomik getirileri en \u00fcst d\u00fczeye \u00e7\u0131karan madencilik s\u00fcre\u00e7lerini, teknik m\u00fckemmeliyetin yan\u0131 s\u0131ra \u00e7evresel ve sosyal etkileri de en aza indirerek optimize ediyoruz.<\/p><\/div><style>.ld_fancy_heading_69fb3dd87ab1a h3{color:#cea32d;}.ld_fancy_heading_69fb3dd87ab1a h3 {font-size:22px; } .ld_fancy_heading_69fb3dd87ab1a .lqd-highlight-inner{height:0.275em!important;bottom:0px!important;}.ld_fancy_heading_69fb3dd87ab1a h3 {font-size:22px; } <\/style><div class=\"ld-fancy-heading text-left ld_fancy_heading_69fb3dd87ab1a\">\n\t<h3 class=\"ld-fh-element lqd-highlight-underline lqd-highlight-grow-left text-decoration-default\"   >  Madencilik Projelerinin Ekonomik De\u011ferlendirmesi:<\/h3><\/div><style>.ld_fancy_heading_69fb3dd87ac82 .lqd-highlight-inner{height:0.275em!important;bottom:0px!important;}<\/style><div class=\"ld-fancy-heading text-left ld_fancy_heading_69fb3dd87ac82\">\n\t<p class=\"ld-fh-element lqd-highlight-underline lqd-highlight-grow-left text-decoration-default\"   >  Madencilik ekonomisi hizmetlerimiz, madencilik operasyonlar\u0131n\u0131n ekonomik uygulanabilirli\u011fini net bug\u00fcnk\u00fc de\u011fer (NPV), i\u00e7 verim oran\u0131 (IRR), geri \u00f6deme s\u00fcresi ve k\u00e2rl\u0131l\u0131k indeksi (PI) gibi anahtar finansal g\u00f6stergeler arac\u0131l\u0131\u011f\u0131yla de\u011ferlendirir.<br \/>\nMadencilik projelerinin ekonomik fizibilitesini de\u011ferlendirirken, pazar dinamiklerini, risk y\u00f6netimini ve gelecekteki de\u011fi\u015fkenleri dikkate alan kapsaml\u0131 finansal analizler sunar\u0131z.<\/p><\/div><style>.ld_fancy_heading_69fb3dd87ae0c h3{color:#cea32d;}.ld_fancy_heading_69fb3dd87ae0c h3 {font-size:22px; } .ld_fancy_heading_69fb3dd87ae0c .lqd-highlight-inner{height:0.275em!important;bottom:0px!important;}.ld_fancy_heading_69fb3dd87ae0c h3 {font-size:22px; } <\/style><div class=\"ld-fancy-heading text-left ld_fancy_heading_69fb3dd87ae0c\">\n\t<h3 class=\"ld-fh-element lqd-highlight-underline lqd-highlight-grow-left text-decoration-default\"   >  \u00d6n Fizibilite ve Fizibilite \u00c7al\u0131\u015fmalar\u0131:<\/h3><\/div><style>.ld_fancy_heading_69fb3dd87af7a .lqd-highlight-inner{height:0.275em!important;bottom:0px!important;}<\/style><div class=\"ld-fancy-heading text-left ld_fancy_heading_69fb3dd87af7a\">\n\t<p class=\"ld-fh-element lqd-highlight-underline lqd-highlight-grow-left text-decoration-default\"   >  Yat\u0131r\u0131m kararlar\u0131n\u0131 ve proje geli\u015ftirmeyi y\u00f6nlendiren kapsaml\u0131 teknik ve finansal de\u011ferlendirmeler yap\u0131yoruz. Detayl\u0131 raporlar\u0131m\u0131z operasyonel, \u00e7evresel ve finansal y\u00f6nleri kapsar ve yat\u0131r\u0131m kararlar\u0131n\u0131 y\u00f6nlendirmenin yan\u0131 s\u0131ra operasyonel riskleri en aza indirerek projelerinizin uzun vadeli ba\u015far\u0131s\u0131na katk\u0131da bulunur.<\/p><\/div><\/div><\/div><\/div><\/div><\/div><\/section>","protected":false},"excerpt":{"rendered":"At Geocore Mining Consultancy, we offer strategic solutions to ensure both the economic and operational success of your mining projects. We develop detailed mining plans that optimize resource extraction, minimize environmental impacts, and ensure the long-term sustainability of operations. Strategic Mine Planning for Open-Pit and Underground Mining: We develop mine plans that optimize resource extraction, [...]","protected":false},"author":1,"featured_media":0,"parent":0,"menu_order":0,"comment_status":"closed","ping_status":"closed","template":"","meta":{"_monsterinsights_skip_tracking":false,"_monsterinsights_sitenote_active":false,"_monsterinsights_sitenote_note":"","_monsterinsights_sitenote_category":0,"footnotes":""},"class_list":["post-9515","page","type-page","status-publish","hentry"],"yoast_head":"<!-- This site is optimized with the Yoast SEO plugin v23.8 - https:\/\/yoast.com\/wordpress\/plugins\/seo\/ -->\n<title>Mining and Reserves - Geocore Mining Consultancy<\/title>\n<meta name=\"description\" content=\"At Geocore Mining Consultancy, we offer strategic solutions to ensure both the economic and operational success of your mining projects. We develop detailed mining plans that optimize resource extraction, minimize environmental impacts, and ensure the long-term sustainability of operations.\" \/>\n<meta name=\"robots\" content=\"index, follow, max-snippet:-1, max-image-preview:large, max-video-preview:-1\" \/>\n<link rel=\"canonical\" href=\"https:\/\/geocore.com.tr\/tr\/mining-and-reserves\/\" \/>\n<meta property=\"og:locale\" content=\"tr_TR\" \/>\n<meta property=\"og:type\" content=\"article\" \/>\n<meta property=\"og:title\" content=\"Mining and Reserves - Geocore Mining Consultancy\" \/>\n<meta property=\"og:description\" content=\"At Geocore Mining Consultancy, we offer strategic solutions to ensure both the economic and operational success of your mining projects. We develop detailed mining plans that optimize resource extraction, minimize environmental impacts, and ensure the long-term sustainability of operations.\" \/>\n<meta property=\"og:url\" content=\"https:\/\/geocore.com.tr\/tr\/mining-and-reserves\/\" \/>\n<meta property=\"og:site_name\" content=\"Geocore Mining Consultancy\" \/>\n<meta property=\"article:modified_time\" content=\"2024-11-05T18:47:56+00:00\" \/>\n<meta name=\"twitter:card\" content=\"summary_large_image\" \/>\n<meta name=\"twitter:label1\" content=\"Tahmini okuma s\u00fcresi\" \/>\n\t<meta name=\"twitter:data1\" content=\"2 dakika\" \/>\n<script type=\"application\/ld+json\" class=\"yoast-schema-graph\">{\"@context\":\"https:\/\/schema.org\",\"@graph\":[{\"@type\":\"WebPage\",\"@id\":\"https:\/\/geocore.com.tr\/mining-and-reserves\/\",\"url\":\"https:\/\/geocore.com.tr\/mining-and-reserves\/\",\"name\":\"Mining and Reserves - Geocore Mining Consultancy\",\"isPartOf\":{\"@id\":\"https:\/\/geocore.com.tr\/#website\"},\"datePublished\":\"2024-10-20T17:49:25+00:00\",\"dateModified\":\"2024-11-05T18:47:56+00:00\",\"description\":\"At Geocore Mining Consultancy, we offer strategic solutions to ensure both the economic and operational success of your mining projects. We develop detailed mining plans that optimize resource extraction, minimize environmental impacts, and ensure the long-term sustainability of operations.\",\"breadcrumb\":{\"@id\":\"https:\/\/geocore.com.tr\/mining-and-reserves\/#breadcrumb\"},\"inLanguage\":\"tr\",\"potentialAction\":[{\"@type\":\"ReadAction\",\"target\":[\"https:\/\/geocore.com.tr\/mining-and-reserves\/\"]}]},{\"@type\":\"BreadcrumbList\",\"@id\":\"https:\/\/geocore.com.tr\/mining-and-reserves\/#breadcrumb\",\"itemListElement\":[{\"@type\":\"ListItem\",\"position\":1,\"name\":\"Home\",\"item\":\"https:\/\/geocore.com.tr\/\"},{\"@type\":\"ListItem\",\"position\":2,\"name\":\"Mining and Reserves\"}]},{\"@type\":\"WebSite\",\"@id\":\"https:\/\/geocore.com.tr\/#website\",\"url\":\"https:\/\/geocore.com.tr\/\",\"name\":\"Geocore Mining Consultancy\",\"description\":\"\",\"publisher\":{\"@id\":\"https:\/\/geocore.com.tr\/#organization\"},\"potentialAction\":[{\"@type\":\"SearchAction\",\"target\":{\"@type\":\"EntryPoint\",\"urlTemplate\":\"https:\/\/geocore.com.tr\/?s={search_term_string}\"},\"query-input\":{\"@type\":\"PropertyValueSpecification\",\"valueRequired\":true,\"valueName\":\"search_term_string\"}}],\"inLanguage\":\"tr\"},{\"@type\":\"Organization\",\"@id\":\"https:\/\/geocore.com.tr\/#organization\",\"name\":\"Geocore Mining Consultancy\",\"url\":\"https:\/\/geocore.com.tr\/\",\"logo\":{\"@type\":\"ImageObject\",\"inLanguage\":\"tr\",\"@id\":\"https:\/\/geocore.com.tr\/#\/schema\/logo\/image\/\",\"url\":\"https:\/\/geocore.com.tr\/wp-content\/uploads\/2024\/10\/Logo.svg\",\"contentUrl\":\"https:\/\/geocore.com.tr\/wp-content\/uploads\/2024\/10\/Logo.svg\",\"width\":1,\"height\":1,\"caption\":\"Geocore Mining Consultancy\"},\"image\":{\"@id\":\"https:\/\/geocore.com.tr\/#\/schema\/logo\/image\/\"},\"sameAs\":[\"https:\/\/www.linkedin.com\/company\/geocore-mining-consultancy\"]}]}<\/script>\n<!-- \/ Yoast SEO plugin. -->","yoast_head_json":{"title":"Mining and Reserves - Geocore Mining Consultancy","description":"At Geocore Mining Consultancy, we offer strategic solutions to ensure both the economic and operational success of your mining projects. We develop detailed mining plans that optimize resource extraction, minimize environmental impacts, and ensure the long-term sustainability of operations.","robots":{"index":"index","follow":"follow","max-snippet":"max-snippet:-1","max-image-preview":"max-image-preview:large","max-video-preview":"max-video-preview:-1"},"canonical":"https:\/\/geocore.com.tr\/tr\/mining-and-reserves\/","og_locale":"tr_TR","og_type":"article","og_title":"Mining and Reserves - Geocore Mining Consultancy","og_description":"At Geocore Mining Consultancy, we offer strategic solutions to ensure both the economic and operational success of your mining projects. We develop detailed mining plans that optimize resource extraction, minimize environmental impacts, and ensure the long-term sustainability of operations.","og_url":"https:\/\/geocore.com.tr\/tr\/mining-and-reserves\/","og_site_name":"Geocore Mining Consultancy","article_modified_time":"2024-11-05T18:47:56+00:00","twitter_card":"summary_large_image","twitter_misc":{"Tahmini okuma s\u00fcresi":"2 dakika"},"schema":{"@context":"https:\/\/schema.org","@graph":[{"@type":"WebPage","@id":"https:\/\/geocore.com.tr\/mining-and-reserves\/","url":"https:\/\/geocore.com.tr\/mining-and-reserves\/","name":"Mining and Reserves - Geocore Mining Consultancy","isPartOf":{"@id":"https:\/\/geocore.com.tr\/#website"},"datePublished":"2024-10-20T17:49:25+00:00","dateModified":"2024-11-05T18:47:56+00:00","description":"At Geocore Mining Consultancy, we offer strategic solutions to ensure both the economic and operational success of your mining projects. We develop detailed mining plans that optimize resource extraction, minimize environmental impacts, and ensure the long-term sustainability of operations.","breadcrumb":{"@id":"https:\/\/geocore.com.tr\/mining-and-reserves\/#breadcrumb"},"inLanguage":"tr","potentialAction":[{"@type":"ReadAction","target":["https:\/\/geocore.com.tr\/mining-and-reserves\/"]}]},{"@type":"BreadcrumbList","@id":"https:\/\/geocore.com.tr\/mining-and-reserves\/#breadcrumb","itemListElement":[{"@type":"ListItem","position":1,"name":"Home","item":"https:\/\/geocore.com.tr\/"},{"@type":"ListItem","position":2,"name":"Mining and Reserves"}]},{"@type":"WebSite","@id":"https:\/\/geocore.com.tr\/#website","url":"https:\/\/geocore.com.tr\/","name":"Geocore Mining Consultancy","description":"","publisher":{"@id":"https:\/\/geocore.com.tr\/#organization"},"potentialAction":[{"@type":"SearchAction","target":{"@type":"EntryPoint","urlTemplate":"https:\/\/geocore.com.tr\/?s={search_term_string}"},"query-input":{"@type":"PropertyValueSpecification","valueRequired":true,"valueName":"search_term_string"}}],"inLanguage":"tr"},{"@type":"Organization","@id":"https:\/\/geocore.com.tr\/#organization","name":"Geocore Mining Consultancy","url":"https:\/\/geocore.com.tr\/","logo":{"@type":"ImageObject","inLanguage":"tr","@id":"https:\/\/geocore.com.tr\/#\/schema\/logo\/image\/","url":"https:\/\/geocore.com.tr\/wp-content\/uploads\/2024\/10\/Logo.svg","contentUrl":"https:\/\/geocore.com.tr\/wp-content\/uploads\/2024\/10\/Logo.svg","width":1,"height":1,"caption":"Geocore Mining Consultancy"},"image":{"@id":"https:\/\/geocore.com.tr\/#\/schema\/logo\/image\/"},"sameAs":["https:\/\/www.linkedin.com\/company\/geocore-mining-consultancy"]}]}},"_links":{"self":[{"href":"https:\/\/geocore.com.tr\/tr\/wp-json\/wp\/v2\/pages\/9515","targetHints":{"allow":["GET"]}}],"collection":[{"href":"https:\/\/geocore.com.tr\/tr\/wp-json\/wp\/v2\/pages"}],"about":[{"href":"https:\/\/geocore.com.tr\/tr\/wp-json\/wp\/v2\/types\/page"}],"author":[{"embeddable":true,"href":"https:\/\/geocore.com.tr\/tr\/wp-json\/wp\/v2\/users\/1"}],"replies":[{"embeddable":true,"href":"https:\/\/geocore.com.tr\/tr\/wp-json\/wp\/v2\/comments?post=9515"}],"version-history":[{"count":5,"href":"https:\/\/geocore.com.tr\/tr\/wp-json\/wp\/v2\/pages\/9515\/revisions"}],"predecessor-version":[{"id":9580,"href":"https:\/\/geocore.com.tr\/tr\/wp-json\/wp\/v2\/pages\/9515\/revisions\/9580"}],"wp:attachment":[{"href":"https:\/\/geocore.com.tr\/tr\/wp-json\/wp\/v2\/media?parent=9515"}],"curies":[{"name":"wp","href":"https:\/\/api.w.org\/{rel}","templated":true}]}}