{"id":9002,"date":"2020-12-14T13:56:06","date_gmt":"2020-12-14T13:56:06","guid":{"rendered":"http:\/\/company.liquid-themes.com\/?page_id=9002"},"modified":"2024-11-05T18:41:43","modified_gmt":"2024-11-05T18:41:43","slug":"get-in-touch-with-geocore-mining-consultancy","status":"publish","type":"page","link":"https:\/\/geocore.com.tr\/tr\/get-in-touch-with-geocore-mining-consultancy\/","title":{"rendered":"\u0130leti\u015fim"},"content":{"rendered":"<section class=\"vc_row vc_custom_1607955116165 liquid-row-shadowbox-69fb3ee8540a9\"><div class=\"ld-container container\"><div class=\"row ld-row ld-row-outer\"><style>@media (min-width: 992px) { .liquid-column-responsive-69fb3ee8546f4 > .vc_column-inner {padding-right:5% !important; padding-left:5% !important;  }  } <\/style><div class=\"wpb_column vc_column_container vc_col-sm-12 vc_col-md-offset-3 vc_col-md-6 text-center liquid-column-69fb3ee8546f2 liquid-column-responsive-69fb3ee8546f4\"><div class=\"vc_column-inner\" ><div class=\"wpb_wrapper\"  data-custom-animations=\"true\" data-ca-options='{\"triggerHandler\":\"inview\",\"animationTarget\":\"all-childs\",\"duration\":\"1800\",\"delay\":\"180\",\"ease\":\"power4.out\",\"direction\":\"forward\",\"initValues\":{\"y\":35,\"transformOriginX\":50,\"transformOriginY\":50,\"transformOriginZ\":\"0px\",\"opacity\":0},\"animations\":{\"y\":0,\"transformOriginX\":50,\"transformOriginY\":50,\"transformOriginZ\":\"0px\",\"opacity\":1}}'><style>.ld_fancy_heading_69fb3ee854853 h2 {font-size:35px; } .ld_fancy_heading_69fb3ee854853 h2 {margin-bottom:0.75em !important;  } .ld_fancy_heading_69fb3ee854853 .lqd-highlight-inner{height:0.275em!important;bottom:0px!important;}.ld_fancy_heading_69fb3ee854853 h2 {font-size:35px; } .ld_fancy_heading_69fb3ee854853 h2 {margin-bottom:0.75em !important;  } <\/style><div class=\"ld-fancy-heading ld_fancy_heading_69fb3ee854853\">\n\t<h2 class=\"ld-fh-element lqd-highlight-underline lqd-highlight-grow-left text-decoration-default\"   >  \u0130leti\u015fime ge\u00e7in<\/h2><\/div><style>.ld_fancy_heading_69fb3ee85526b .lqd-highlight-inner{height:0.275em!important;bottom:0px!important;}<\/style><div class=\"ld-fancy-heading ld_fancy_heading_69fb3ee85526b\">\n\t<p class=\"ld-fh-element lqd-highlight-underline lqd-highlight-grow-left text-decoration-default\"   >  A\u015fa\u011f\u0131daki formu projenizin ayr\u0131nt\u0131lar\u0131yla doldurun, dan\u0131\u015fmanlar\u0131m\u0131zdan biri en k\u0131sa s\u00fcrede size geri d\u00f6necektir.<\/p><\/div><style>.ld_fancy_heading_69fb3ee855601 h6 {font-size:20px; } .ld_fancy_heading_69fb3ee855601 h6 {margin-top:20px !important; margin-bottom:1.1em !important;  } .ld_fancy_heading_69fb3ee855601 .lqd-highlight-inner{height:0.275em!important;bottom:0px!important;}.ld_fancy_heading_69fb3ee855601 h6 {font-size:20px; } .ld_fancy_heading_69fb3ee855601 h6 {margin-top:20px !important; margin-bottom:1.1em !important;  } <\/style><div class=\"ld-fancy-heading ld_fancy_heading_69fb3ee855601\">\n\t<h6 class=\"ld-fh-element lqd-highlight-underline lqd-highlight-grow-left text-decoration-default\"   >  Mesaj g\u00f6nderin<\/h6><\/div><style>.ld_cf7_69fb3ee8558cf input,.ld_cf7_69fb3ee8558cf textarea,.ld_cf7_69fb3ee8558cf .ui-button.ui-selectmenu-button{font-size:14px;font-weight:400;}.ld_cf7_69fb3ee8558cf input[type=\"submit\"]{font-size:16px;font-weight:700;background:#cea32d;color:rgb(255, 255, 255);border-color:#cea32d;}.ld_cf7_69fb3ee8558cf input, .ld_cf7_69fb3ee8558cf select, .ld_cf7_69fb3ee8558cf textarea, .ld_cf7_69fb3ee8558cf .ui-button.ui-selectmenu-button{background:rgb(247, 248, 248);}.ld_cf7_69fb3ee8558cf input, .ld_cf7_69fb3ee8558cf select, .ld_cf7_69fb3ee8558cf textarea, .ld_cf7_69fb3ee8558cf .ui-button.ui-selectmenu-button, .ld_cf7_69fb3ee8558cf .wpcf7-form-control-wrap > i, .ld_cf7_69fb3ee8558cf .wpcf7-radio{color:rgb(59, 75, 83);}.ld_cf7_69fb3ee8558cf input[type=\"submit\"]:focus,.ld_cf7_69fb3ee8558cf input[type=\"submit\"]:hover{background:rgb(0, 0, 0);}.ld_cf7_69fb3ee8558cf input[type=\"submit\"]:hover{color:rgb(255, 255, 255);border-color:rgb(0, 0, 0);}.ld_cf7_69fb3ee8558cf .wpcf7-form-control-wrap{margin-bottom:20px;}<\/style><div id=\"ld_cf7_69fb3ee8558cf\" class=\"lqd-contact-form lqd-contact-form-inputs-filled lqd-contact-form-button-sm lqd-contact-form-button-block lqd-contact-form-button-round ld_cf7_69fb3ee8558cf vc_custom_1730331649543\">\n\t\n<div class=\"wpcf7 no-js\" id=\"wpcf7-f9778-o1\" lang=\"en-US\" dir=\"ltr\" data-wpcf7-id=\"9778\">\n<div class=\"screen-reader-response\"><p role=\"status\" aria-live=\"polite\" aria-atomic=\"true\"><\/p> <ul><\/ul><\/div>\n<form action=\"\/wp-json\/wp\/v2\/pages\/9002\" method=\"post\" class=\"wpcf7-form init\" aria-label=\"Contact form\" novalidate=\"novalidate\" data-status=\"init\" data-trp-original-action=\"\/tr\/wp-json\/wp\/v2\/pages\/9002#wpcf7-f9778-o1\">\n<div style=\"display: none;\">\n<input type=\"hidden\" name=\"_wpcf7\" value=\"9778\" \/>\n<input type=\"hidden\" name=\"_wpcf7_version\" value=\"6.0\" \/>\n<input type=\"hidden\" name=\"_wpcf7_locale\" value=\"en_US\" \/>\n<input type=\"hidden\" name=\"_wpcf7_unit_tag\" value=\"wpcf7-f9778-o1\" \/>\n<input type=\"hidden\" name=\"_wpcf7_container_post\" value=\"0\" \/>\n<input type=\"hidden\" name=\"_wpcf7_posted_data_hash\" value=\"\" \/>\n<\/div>\n<div class=\"row\">\n\t<div class=\"col-md-12\">\n\t\t<p><span class=\"wpcf7-form-control-wrap\" data-name=\"text-619\"><input size=\"40\" maxlength=\"400\" class=\"wpcf7-form-control wpcf7-text wpcf7-validates-as-required\" aria-required=\"true\" aria-invalid=\"false\" placeholder=\"Ad\u0131n\u0131z\" value=\"\" type=\"text\" name=\"text-619\" \/><\/span>\n\t\t<\/p>\n\t<\/div>\n\t<div class=\"col-md-12\">\n\t\t<p><span class=\"wpcf7-form-control-wrap\" data-name=\"email-899\"><input size=\"40\" maxlength=\"400\" class=\"wpcf7-form-control wpcf7-email wpcf7-validates-as-required wpcf7-text wpcf7-validates-as-email\" aria-required=\"true\" aria-invalid=\"false\" placeholder=\"E-posta Adresiniz\" value=\"\" type=\"email\" name=\"email-899\" \/><\/span>\n\t\t<\/p>\n\t<\/div>\n\t<div class=\"col-md-12\">\n\t\t<p><span class=\"wpcf7-form-control-wrap\" data-name=\"textarea-10\"><textarea cols=\"40\" rows=\"10\" maxlength=\"2000\" class=\"wpcf7-form-control wpcf7-textarea\" aria-invalid=\"false\" placeholder=\"Nas\u0131l yard\u0131mc\u0131 olabiliriz?\" name=\"textarea-10\"><\/textarea><\/span>\n\t\t<\/p>\n\t<\/div>\n\t<div class=\"col-md-12 mb-3\">\n\t\t<p><span class=\"wpcf7-form-control-wrap\" data-name=\"acceptance-288\"><span class=\"wpcf7-form-control wpcf7-acceptance\"><span class=\"wpcf7-list-item\"><label><input type=\"checkbox\" name=\"acceptance-288\" value=\"1\" aria-invalid=\"false\" \/><span class=\"wpcf7-list-item-label\">Hizmet \u015fartlar\u0131n\u0131 kabul ediyorum.<\/span><\/label><\/span><\/span><\/span>\n\t\t<\/p>\n\t<\/div>\n\t<div class=\"col-md-12\">\n\t\t<p><input class=\"wpcf7-form-control wpcf7-submit has-spinner\" type=\"submit\" value=\"teklif al\u0131n\" \/>\n\t\t<\/p>\n\t<\/div>\n<\/div><div class=\"wpcf7-response-output\" aria-hidden=\"true\"><\/div>\n<input type=\"hidden\" name=\"trp-form-language\" value=\"tr\"\/><\/form>\n<\/div>\n<\/div><\/div><\/div><\/div><\/div><\/div><\/section><section class=\"vc_row liquid-row-shadowbox-69fb3ee8574d0\"><div class=\"ld-container container\"><div class=\"row ld-row ld-row-outer\"><style>@media (min-width: 992px) { .liquid-column-responsive-69fb3ee8578e8 > .vc_column-inner {padding-right:5% !important; padding-left:5% !important;  }  } <\/style><div class=\"wpb_column vc_column_container vc_col-sm-12 vc_col-md-offset-3 vc_col-md-6 text-center liquid-column-69fb3ee8578e6 liquid-column-responsive-69fb3ee8578e8 vc_col-has-fill\"><div class=\"vc_column-inner  vc_custom_1729891734678\" ><div class=\"wpb_wrapper\"  data-custom-animations=\"true\" data-ca-options='{\"triggerHandler\":\"inview\",\"animationTarget\":\"all-childs\",\"duration\":\"1800\",\"delay\":\"180\",\"ease\":\"power4.out\",\"direction\":\"forward\",\"initValues\":{\"y\":35,\"transformOriginX\":50,\"transformOriginY\":50,\"transformOriginZ\":\"0px\",\"opacity\":0},\"animations\":{\"y\":0,\"transformOriginX\":50,\"transformOriginY\":50,\"transformOriginZ\":\"0px\",\"opacity\":1}}'><style>.ld_fancy_heading_69fb3ee857a4e h2 {font-size:35px; } .ld_fancy_heading_69fb3ee857a4e h2 {margin-bottom:0.75em !important;  } .ld_fancy_heading_69fb3ee857a4e .lqd-highlight-inner{height:0.275em!important;bottom:0px!important;}.ld_fancy_heading_69fb3ee857a4e h2 {font-size:35px; } .ld_fancy_heading_69fb3ee857a4e h2 {margin-bottom:0.75em !important;  } <\/style><div class=\"ld-fancy-heading ld_fancy_heading_69fb3ee857a4e\">\n\t<h2 class=\"ld-fh-element lqd-highlight-underline lqd-highlight-grow-left text-decoration-default\"   >  Ofisimiz<\/h2><\/div><style>.ld_fancy_heading_69fb3ee857de8 h2 {font-size:20px; } .ld_fancy_heading_69fb3ee857de8 h2 {margin-bottom:0.75em !important;  } .ld_fancy_heading_69fb3ee857de8 .lqd-highlight-inner{height:0.275em!important;bottom:0px!important;}.ld_fancy_heading_69fb3ee857de8 h2 {font-size:20px; } .ld_fancy_heading_69fb3ee857de8 h2 {margin-bottom:0.75em !important;  } <\/style><div class=\"ld-fancy-heading ld_fancy_heading_69fb3ee857de8\">\n\t<h2 class=\"ld-fh-element lqd-highlight-underline lqd-highlight-grow-left text-decoration-default\"   >  20 y\u0131ll\u0131k k\u00fcresel deneyimimiz, yenilik\u00e7i yakla\u015f\u0131mlar\u0131m\u0131z ve sonu\u00e7 odakl\u0131 \u00e7\u00f6z\u00fcmlerimizle madencilik ve jeolojik projelerinizi bir \u00fcst seviyeye ta\u015f\u0131yoruz.<\/h2><\/div><\/div><\/div><\/div><\/div><\/div><\/section><section class=\"vc_row liquid-row-shadowbox-69fb3ee85836e\"><div class=\"ld-container container\"><div class=\"row ld-row ld-row-outer\"><style>@media (min-width: 992px) { .liquid-column-responsive-69fb3ee8586f7 > .vc_column-inner {padding-right:5% !important; padding-left:5% !important;  }  } <\/style><div class=\"wpb_column vc_column_container vc_col-sm-12 vc_col-md-offset-3 vc_col-md-6 text-center liquid-column-69fb3ee8586f5 liquid-column-responsive-69fb3ee8586f7 vc_col-has-fill\"><div class=\"vc_column-inner  vc_custom_1729891544358\" ><div class=\"wpb_wrapper\"  data-custom-animations=\"true\" data-ca-options='{\"triggerHandler\":\"inview\",\"animationTarget\":\"all-childs\",\"duration\":\"1800\",\"delay\":\"180\",\"ease\":\"power4.out\",\"direction\":\"forward\",\"initValues\":{\"y\":35,\"transformOriginX\":50,\"transformOriginY\":50,\"transformOriginZ\":\"0px\",\"opacity\":0},\"animations\":{\"y\":0,\"transformOriginX\":50,\"transformOriginY\":50,\"transformOriginZ\":\"0px\",\"opacity\":1}}'><style>.ld_fancy_heading_69fb3ee858855 h3{color:rgb(34, 34, 50);}.ld_fancy_heading_69fb3ee858855 h3 {font-size:20px; } .ld_fancy_heading_69fb3ee858855 h3 {margin-bottom:1.5em !important;  } .ld_fancy_heading_69fb3ee858855 .lqd-highlight-inner{height:0.275em!important;bottom:0px!important;}.ld_fancy_heading_69fb3ee858855 h3 {font-size:20px; } .ld_fancy_heading_69fb3ee858855 h3 {margin-bottom:1.5em !important;  } <\/style><div class=\"ld-fancy-heading ld_fancy_heading_69fb3ee858855\">\n\t<h3 class=\"ld-fh-element lqd-highlight-underline lqd-highlight-grow-left text-decoration-default\"   >  \u0130zmir<\/h3><\/div><style>.ld_fancy_heading_69fb3ee858baf p {font-size:17px; } .ld_fancy_heading_69fb3ee858baf p {line-height:1.6em; } .ld_fancy_heading_69fb3ee858baf p {--element-line-height:1.6em; } .ld_fancy_heading_69fb3ee858baf p {margin-bottom:0px !important;  } .ld_fancy_heading_69fb3ee858baf .lqd-highlight-inner{height:0.275em!important;bottom:0px!important;}.ld_fancy_heading_69fb3ee858baf p {font-size:17px; } .ld_fancy_heading_69fb3ee858baf p {line-height:1.6em; } .ld_fancy_heading_69fb3ee858baf p {--element-line-height:1.6em; } .ld_fancy_heading_69fb3ee858baf p {margin-bottom:0px !important;  } <\/style><div class=\"ld-fancy-heading ld_fancy_heading_69fb3ee858baf\">\n\t<p class=\"ld-fh-element lqd-highlight-underline lqd-highlight-grow-left text-decoration-default\"   >  8268 sokak<\/p><\/div><style>.ld_fancy_heading_69fb3ee858e8e p {font-size:17px; } .ld_fancy_heading_69fb3ee858e8e p {line-height:1.6em; } .ld_fancy_heading_69fb3ee858e8e p {--element-line-height:1.6em; } .ld_fancy_heading_69fb3ee858e8e p {margin-bottom:1.25em !important;  } .ld_fancy_heading_69fb3ee858e8e .lqd-highlight-inner{height:0.275em!important;bottom:0px!important;}.ld_fancy_heading_69fb3ee858e8e p {font-size:17px; } .ld_fancy_heading_69fb3ee858e8e p {line-height:1.6em; } .ld_fancy_heading_69fb3ee858e8e p {--element-line-height:1.6em; } .ld_fancy_heading_69fb3ee858e8e p {margin-bottom:1.25em !important;  } <\/style><div class=\"ld-fancy-heading ld_fancy_heading_69fb3ee858e8e\">\n\t<p class=\"ld-fh-element lqd-highlight-underline lqd-highlight-grow-left text-decoration-default\"   >  No:5 D:8 \u00c7i\u011fli,\u0130zmir,T\u00fcrkiye<\/p><\/div><style>.ld_fancy_heading_69fb3ee859146 p{color:rgb(95, 105, 115);}.ld_fancy_heading_69fb3ee859146 p {font-size:17px; } .ld_fancy_heading_69fb3ee859146 p {line-height:1.6em; } .ld_fancy_heading_69fb3ee859146 p {--element-line-height:1.6em; } .ld_fancy_heading_69fb3ee859146 .lqd-highlight-inner{height:0.275em!important;bottom:0px!important;}.ld_fancy_heading_69fb3ee859146 p {font-size:17px; } .ld_fancy_heading_69fb3ee859146 p {line-height:1.6em; } .ld_fancy_heading_69fb3ee859146 p {--element-line-height:1.6em; } <\/style><div class=\"ld-fancy-heading ld_fancy_heading_69fb3ee859146\">\n\t<p class=\"ld-fh-element lqd-highlight-underline lqd-highlight-grow-left text-decoration-default\"   >  <a href=\"tel: 905057108010\">+(90) 505 710 80 10<\/a><\/p><\/div><\/div><\/div><\/div><\/div><\/div><\/section>","protected":false},"excerpt":{"rendered":"Get in touch Fill out the form below with your project details, and one of our consultants will get back to you shortly. Send a message I agree to the terms of service. Our Office With 20 years of global experience, innovative approaches, and results-driven solutions, we elevate your mining and geological projects to the [...]","protected":false},"author":1,"featured_media":0,"parent":0,"menu_order":0,"comment_status":"closed","ping_status":"closed","template":"","meta":{"_monsterinsights_skip_tracking":false,"_monsterinsights_sitenote_active":false,"_monsterinsights_sitenote_note":"","_monsterinsights_sitenote_category":0,"footnotes":""},"class_list":["post-9002","page","type-page","status-publish","hentry"],"yoast_head":"<!-- This site is optimized with the Yoast SEO plugin v23.8 - https:\/\/yoast.com\/wordpress\/plugins\/seo\/ -->\n<title>Get in Touch with Geocore Mining Consultancy<\/title>\n<meta name=\"description\" content=\"As specialists in mining and geology, Geocore is here to assist with all your inquiries, no matter where you are in the world. Reach out to our team for expert guidance, consultation, or any questions you may have.\" \/>\n<meta name=\"robots\" content=\"index, follow, max-snippet:-1, max-image-preview:large, max-video-preview:-1\" \/>\n<link rel=\"canonical\" href=\"https:\/\/geocore.com.tr\/tr\/get-in-touch-with-geocore-mining-consultancy\/\" \/>\n<meta property=\"og:locale\" content=\"tr_TR\" \/>\n<meta property=\"og:type\" content=\"article\" \/>\n<meta property=\"og:title\" content=\"Get in Touch with Geocore Mining Consultancy\" \/>\n<meta property=\"og:description\" content=\"As specialists in mining and geology, Geocore is here to assist with all your inquiries, no matter where you are in the world. Reach out to our team for expert guidance, consultation, or any questions you may have.\" \/>\n<meta property=\"og:url\" content=\"https:\/\/geocore.com.tr\/tr\/get-in-touch-with-geocore-mining-consultancy\/\" \/>\n<meta property=\"og:site_name\" content=\"Geocore Mining Consultancy\" \/>\n<meta property=\"article:modified_time\" content=\"2024-11-05T18:41:43+00:00\" \/>\n<meta name=\"twitter:card\" content=\"summary_large_image\" \/>\n<meta name=\"twitter:label1\" content=\"Tahmini okuma s\u00fcresi\" \/>\n\t<meta name=\"twitter:data1\" content=\"1 dakika\" \/>\n<script type=\"application\/ld+json\" class=\"yoast-schema-graph\">{\"@context\":\"https:\/\/schema.org\",\"@graph\":[{\"@type\":\"WebPage\",\"@id\":\"https:\/\/geocore.com.tr\/get-in-touch-with-geocore-mining-consultancy\/\",\"url\":\"https:\/\/geocore.com.tr\/get-in-touch-with-geocore-mining-consultancy\/\",\"name\":\"Get in Touch with Geocore Mining Consultancy\",\"isPartOf\":{\"@id\":\"https:\/\/geocore.com.tr\/#website\"},\"datePublished\":\"2020-12-14T13:56:06+00:00\",\"dateModified\":\"2024-11-05T18:41:43+00:00\",\"description\":\"As specialists in mining and geology, Geocore is here to assist with all your inquiries, no matter where you are in the world. Reach out to our team for expert guidance, consultation, or any questions you may have.\",\"breadcrumb\":{\"@id\":\"https:\/\/geocore.com.tr\/get-in-touch-with-geocore-mining-consultancy\/#breadcrumb\"},\"inLanguage\":\"tr\",\"potentialAction\":[{\"@type\":\"ReadAction\",\"target\":[\"https:\/\/geocore.com.tr\/get-in-touch-with-geocore-mining-consultancy\/\"]}]},{\"@type\":\"BreadcrumbList\",\"@id\":\"https:\/\/geocore.com.tr\/get-in-touch-with-geocore-mining-consultancy\/#breadcrumb\",\"itemListElement\":[{\"@type\":\"ListItem\",\"position\":1,\"name\":\"Home\",\"item\":\"https:\/\/geocore.com.tr\/\"},{\"@type\":\"ListItem\",\"position\":2,\"name\":\"Contact\"}]},{\"@type\":\"WebSite\",\"@id\":\"https:\/\/geocore.com.tr\/#website\",\"url\":\"https:\/\/geocore.com.tr\/\",\"name\":\"Geocore Mining Consultancy\",\"description\":\"\",\"publisher\":{\"@id\":\"https:\/\/geocore.com.tr\/#organization\"},\"potentialAction\":[{\"@type\":\"SearchAction\",\"target\":{\"@type\":\"EntryPoint\",\"urlTemplate\":\"https:\/\/geocore.com.tr\/?s={search_term_string}\"},\"query-input\":{\"@type\":\"PropertyValueSpecification\",\"valueRequired\":true,\"valueName\":\"search_term_string\"}}],\"inLanguage\":\"tr\"},{\"@type\":\"Organization\",\"@id\":\"https:\/\/geocore.com.tr\/#organization\",\"name\":\"Geocore Mining Consultancy\",\"url\":\"https:\/\/geocore.com.tr\/\",\"logo\":{\"@type\":\"ImageObject\",\"inLanguage\":\"tr\",\"@id\":\"https:\/\/geocore.com.tr\/#\/schema\/logo\/image\/\",\"url\":\"https:\/\/geocore.com.tr\/wp-content\/uploads\/2024\/10\/Logo.svg\",\"contentUrl\":\"https:\/\/geocore.com.tr\/wp-content\/uploads\/2024\/10\/Logo.svg\",\"width\":1,\"height\":1,\"caption\":\"Geocore Mining Consultancy\"},\"image\":{\"@id\":\"https:\/\/geocore.com.tr\/#\/schema\/logo\/image\/\"},\"sameAs\":[\"https:\/\/www.linkedin.com\/company\/geocore-mining-consultancy\"]}]}<\/script>\n<!-- \/ Yoast SEO plugin. -->","yoast_head_json":{"title":"Get in Touch with Geocore Mining Consultancy","description":"As specialists in mining and geology, Geocore is here to assist with all your inquiries, no matter where you are in the world. Reach out to our team for expert guidance, consultation, or any questions you may have.","robots":{"index":"index","follow":"follow","max-snippet":"max-snippet:-1","max-image-preview":"max-image-preview:large","max-video-preview":"max-video-preview:-1"},"canonical":"https:\/\/geocore.com.tr\/tr\/get-in-touch-with-geocore-mining-consultancy\/","og_locale":"tr_TR","og_type":"article","og_title":"Get in Touch with Geocore Mining Consultancy","og_description":"As specialists in mining and geology, Geocore is here to assist with all your inquiries, no matter where you are in the world. Reach out to our team for expert guidance, consultation, or any questions you may have.","og_url":"https:\/\/geocore.com.tr\/tr\/get-in-touch-with-geocore-mining-consultancy\/","og_site_name":"Geocore Mining Consultancy","article_modified_time":"2024-11-05T18:41:43+00:00","twitter_card":"summary_large_image","twitter_misc":{"Tahmini okuma s\u00fcresi":"1 dakika"},"schema":{"@context":"https:\/\/schema.org","@graph":[{"@type":"WebPage","@id":"https:\/\/geocore.com.tr\/get-in-touch-with-geocore-mining-consultancy\/","url":"https:\/\/geocore.com.tr\/get-in-touch-with-geocore-mining-consultancy\/","name":"Get in Touch with Geocore Mining Consultancy","isPartOf":{"@id":"https:\/\/geocore.com.tr\/#website"},"datePublished":"2020-12-14T13:56:06+00:00","dateModified":"2024-11-05T18:41:43+00:00","description":"As specialists in mining and geology, Geocore is here to assist with all your inquiries, no matter where you are in the world. Reach out to our team for expert guidance, consultation, or any questions you may have.","breadcrumb":{"@id":"https:\/\/geocore.com.tr\/get-in-touch-with-geocore-mining-consultancy\/#breadcrumb"},"inLanguage":"tr","potentialAction":[{"@type":"ReadAction","target":["https:\/\/geocore.com.tr\/get-in-touch-with-geocore-mining-consultancy\/"]}]},{"@type":"BreadcrumbList","@id":"https:\/\/geocore.com.tr\/get-in-touch-with-geocore-mining-consultancy\/#breadcrumb","itemListElement":[{"@type":"ListItem","position":1,"name":"Home","item":"https:\/\/geocore.com.tr\/"},{"@type":"ListItem","position":2,"name":"Contact"}]},{"@type":"WebSite","@id":"https:\/\/geocore.com.tr\/#website","url":"https:\/\/geocore.com.tr\/","name":"Geocore Mining Consultancy","description":"","publisher":{"@id":"https:\/\/geocore.com.tr\/#organization"},"potentialAction":[{"@type":"SearchAction","target":{"@type":"EntryPoint","urlTemplate":"https:\/\/geocore.com.tr\/?s={search_term_string}"},"query-input":{"@type":"PropertyValueSpecification","valueRequired":true,"valueName":"search_term_string"}}],"inLanguage":"tr"},{"@type":"Organization","@id":"https:\/\/geocore.com.tr\/#organization","name":"Geocore Mining Consultancy","url":"https:\/\/geocore.com.tr\/","logo":{"@type":"ImageObject","inLanguage":"tr","@id":"https:\/\/geocore.com.tr\/#\/schema\/logo\/image\/","url":"https:\/\/geocore.com.tr\/wp-content\/uploads\/2024\/10\/Logo.svg","contentUrl":"https:\/\/geocore.com.tr\/wp-content\/uploads\/2024\/10\/Logo.svg","width":1,"height":1,"caption":"Geocore Mining Consultancy"},"image":{"@id":"https:\/\/geocore.com.tr\/#\/schema\/logo\/image\/"},"sameAs":["https:\/\/www.linkedin.com\/company\/geocore-mining-consultancy"]}]}},"_links":{"self":[{"href":"https:\/\/geocore.com.tr\/tr\/wp-json\/wp\/v2\/pages\/9002","targetHints":{"allow":["GET"]}}],"collection":[{"href":"https:\/\/geocore.com.tr\/tr\/wp-json\/wp\/v2\/pages"}],"about":[{"href":"https:\/\/geocore.com.tr\/tr\/wp-json\/wp\/v2\/types\/page"}],"author":[{"embeddable":true,"href":"https:\/\/geocore.com.tr\/tr\/wp-json\/wp\/v2\/users\/1"}],"replies":[{"embeddable":true,"href":"https:\/\/geocore.com.tr\/tr\/wp-json\/wp\/v2\/comments?post=9002"}],"version-history":[{"count":42,"href":"https:\/\/geocore.com.tr\/tr\/wp-json\/wp\/v2\/pages\/9002\/revisions"}],"predecessor-version":[{"id":9779,"href":"https:\/\/geocore.com.tr\/tr\/wp-json\/wp\/v2\/pages\/9002\/revisions\/9779"}],"wp:attachment":[{"href":"https:\/\/geocore.com.tr\/tr\/wp-json\/wp\/v2\/media?parent=9002"}],"curies":[{"name":"wp","href":"https:\/\/api.w.org\/{rel}","templated":true}]}}